{"id":222860,"date":"2026-01-20T11:40:18","date_gmt":"2026-01-20T10:40:18","guid":{"rendered":"https:\/\/www.tendenzeshabbychic.it\/prodotto\/tissu-nuvole-stoffa-lapin-avec-chapeau-et-fleurs-h-20-cm\/"},"modified":"2026-01-20T09:14:18","modified_gmt":"2026-01-20T08:14:18","slug":"tissu-nuvole-stoffa-lapin-avec-chapeau-et-fleurs-h-20-cm","status":"publish","type":"product","link":"https:\/\/www.tendenzeshabbychic.it\/fr\/produit\/tissu-nuvole-stoffa-lapin-avec-chapeau-et-fleurs-h-20-cm\/","title":{"rendered":"Tissu Nuvole Stoffa lapin avec chapeau et fleurs H 20 cm"},"content":{"rendered":"<p>Ce lapin Nuvole di Stoffa (Nuages de Stoffa) est r\u00e9alis\u00e9 en r\u00e9sine et soigneusement d\u00e9taill\u00e9. Le pelage ivoire a une texture mate \u00e0 effet fourrure, d\u00e9licate et naturelle \u00e0 l&rsquo;\u0153il. Le chapeau et le n\u0153ud rose poudr\u00e9 apportent une touche romantique, tandis que le panier tress\u00e9 contient des fleurs dans les tons jaune, p\u00eache et vert sauge, agr\u00e9ment\u00e9s de teintes claires et lumineuses.  <\/p>\n<p>La base stable et les proportions \u00e9lanc\u00e9es font de cette figurine une d\u00e9coration id\u00e9ale pour le printemps ou P\u00e2ques, parfaite sur les consoles, les tables ou les vitrines, mais aussi un cadeau \u00e9l\u00e9gant et de bon go\u00fbt.<\/p>\n<p><strong>Points forts<\/strong><\/p>\n<ul>\n<li>R\u00e9sine d\u00e9corative avec finition mate et d\u00e9tails r\u00e9alistes<\/li>\n<li>Panier tress\u00e9 avec fleurs en relief<\/li>\n<li>Des couleurs pastel d\u00e9licates et harmonieuses<\/li>\n<li>D\u00e9coration printani\u00e8re \u00e9l\u00e9gante et raffin\u00e9e<\/li>\n<\/ul>\n","protected":false},"excerpt":{"rendered":"<p>El\u00e9gante lapine d\u00e9corative en r\u00e9sine, caract\u00e9ris\u00e9e par un style romantique et printanier. Elle porte un chapeau rose poudr\u00e9 assorti au n\u0153ud de son cou et tient entre ses pattes un panier tress\u00e9 rempli de fleurs dans des tons chauds et d\u00e9licats, avec un l\u00e9ger liser\u00e9 lumineux. Une d\u00e9coration raffin\u00e9e, parfaite pour les d\u00e9cors Shabby Chic.  <\/p>\n<p><em>Dimensions :<\/em><br \/>\n17&#215;11.5&#215;20 cm<\/p>\n","protected":false},"featured_media":222856,"comment_status":"closed","ping_status":"closed","template":"","meta":{"_joinchat":[]},"pwb-brand":[1563],"product_brand":[],"product_cat":[1505,1609],"product_tag":[3393,1379],"class_list":{"0":"post-222860","1":"product","2":"type-product","3":"status-publish","4":"has-post-thumbnail","6":"pwb-brand-nuvole-di-stoffa-fr","7":"product_cat-objets","8":"product_cat-paques","9":"product_tag-collection-pepen","10":"product_tag-lapins","12":"first","13":"instock","14":"sale","15":"taxable","16":"shipping-taxable","17":"purchasable","18":"product-type-simple"},"brands":[{"id":1563,"name":"Nuvole di Stoffa","slug":"nuvole-di-stoffa-fr"}],"_links":{"self":[{"href":"https:\/\/www.tendenzeshabbychic.it\/fr\/wp-json\/wp\/v2\/product\/222860","targetHints":{"allow":["GET"]}}],"collection":[{"href":"https:\/\/www.tendenzeshabbychic.it\/fr\/wp-json\/wp\/v2\/product"}],"about":[{"href":"https:\/\/www.tendenzeshabbychic.it\/fr\/wp-json\/wp\/v2\/types\/product"}],"replies":[{"embeddable":true,"href":"https:\/\/www.tendenzeshabbychic.it\/fr\/wp-json\/wp\/v2\/comments?post=222860"}],"wp:featuredmedia":[{"embeddable":true,"href":"https:\/\/www.tendenzeshabbychic.it\/fr\/wp-json\/wp\/v2\/media\/222856"}],"wp:attachment":[{"href":"https:\/\/www.tendenzeshabbychic.it\/fr\/wp-json\/wp\/v2\/media?parent=222860"}],"wp:term":[{"taxonomy":"pwb-brand","embeddable":true,"href":"https:\/\/www.tendenzeshabbychic.it\/fr\/wp-json\/wp\/v2\/pwb-brand?post=222860"},{"taxonomy":"product_brand","embeddable":true,"href":"https:\/\/www.tendenzeshabbychic.it\/fr\/wp-json\/wp\/v2\/product_brand?post=222860"},{"taxonomy":"product_cat","embeddable":true,"href":"https:\/\/www.tendenzeshabbychic.it\/fr\/wp-json\/wp\/v2\/product_cat?post=222860"},{"taxonomy":"product_tag","embeddable":true,"href":"https:\/\/www.tendenzeshabbychic.it\/fr\/wp-json\/wp\/v2\/product_tag?post=222860"}],"curies":[{"name":"wp","href":"https:\/\/api.w.org\/{rel}","templated":true}]}}