{"id":222847,"date":"2026-01-19T03:32:55","date_gmt":"2026-01-19T02:32:55","guid":{"rendered":"https:\/\/www.tendenzeshabbychic.it\/prodotto\/nuvole-di-stoffa-blanc-4-pcs\/"},"modified":"2026-01-19T03:32:55","modified_gmt":"2026-01-19T02:32:55","slug":"nuvole-di-stoffa-blanc-4-pcs","status":"publish","type":"product","link":"https:\/\/www.tendenzeshabbychic.it\/fr\/produit\/nuvole-di-stoffa-blanc-4-pcs\/","title":{"rendered":"Nuvole di Stoffa blanc 4 pcs"},"content":{"rendered":"<p>Transformez votre salle de bains en une ambiance \u00ab\u00a0boutique\u00a0\u00bb avec le set Nuvole di Stoffa Bath white : 4 accessoires en c\u00e9ramique ivoire brillante, orn\u00e9s de l&rsquo;inscription \u00ab\u00a0Bath\u00a0\u00bb en relief et d&rsquo;un cadre d\u00e9coratif ton sur ton. Le distributeur de savon avec pompe en m\u00e9tal satin\u00e9 apporte une touche de modernit\u00e9, tandis que le pot et le porte-brosse \u00e0 dents permettent de tout ranger avec style. Le porte-balai de toilette \u00e9lanc\u00e9 compl\u00e8te l&rsquo;ensemble en toute discr\u00e9tion. Id\u00e9al pour les lavabos clairs, les bois naturels et les salles de bains shabby\/chic.   <\/p>\n<ul>\n<li>C\u00e9ramique polie, effet \u00e9l\u00e9gant<\/li>\n<li>D\u00e9coration en relief \u00ab\u00a0Bath<\/li>\n<li>Pompe en m\u00e9tal bross\u00e9<\/li>\n<li>Ensemble complet de 4 pi\u00e8ces, look coordonn\u00e9<\/li>\n<li>Parfait aussi comme cadeau d&rsquo;accueil<\/li>\n<\/ul>\n","protected":false},"excerpt":{"rendered":"<p>Ensemble de bain en c\u00e9ramique blanche \u00e0 la finition polie et raffin\u00e9e, avec d\u00e9coration en relief \u00ab\u00a0Bath\u00a0\u00bb et cadre romantique ton sur ton. Sa forme cylindrique et ses bords l\u00e9g\u00e8rement profil\u00e9s le rendent \u00e9l\u00e9gant et facile \u00e0 assortir. Le distributeur de savon est compl\u00e9t\u00e9 par une pompe en m\u00e9tal satin\u00e9, tandis que le porte-balai est dot\u00e9 d&rsquo;une poign\u00e9e en m\u00e9tal pour un aspect net et ordonn\u00e9 du lavabo.  <\/p>\n<p><strong>Dimensions :<\/strong><br \/>\nPorte-brosse \u00e0 dents : 280 ml<br \/>\nBo\u00eete : \u00d8 9,8 x H 14,6 cm &#8211; 280 ml<br \/>\nDistributeur de savon : 370 ml<br \/>\nPorte-brosse \u00e0 dents : \u00d8 10,8 x H 36 cm<\/p>\n","protected":false},"featured_media":222832,"comment_status":"open","ping_status":"closed","template":"","meta":{"_joinchat":[]},"pwb-brand":[713],"product_brand":[],"product_cat":[1463,1464],"product_tag":[],"class_list":{"0":"post-222847","1":"product","2":"type-product","3":"status-publish","4":"has-post-thumbnail","6":"pwb-brand-nuvole-di-stoffa","7":"product_cat-accessoires-de-bains","8":"product_cat-la-salle-de-bains","10":"first","11":"instock","12":"taxable","13":"shipping-taxable","14":"purchasable","15":"product-type-simple"},"brands":[{"id":1563,"name":"Nuvole di Stoffa","slug":"nuvole-di-stoffa-fr"}],"_links":{"self":[{"href":"https:\/\/www.tendenzeshabbychic.it\/fr\/wp-json\/wp\/v2\/product\/222847","targetHints":{"allow":["GET"]}}],"collection":[{"href":"https:\/\/www.tendenzeshabbychic.it\/fr\/wp-json\/wp\/v2\/product"}],"about":[{"href":"https:\/\/www.tendenzeshabbychic.it\/fr\/wp-json\/wp\/v2\/types\/product"}],"replies":[{"embeddable":true,"href":"https:\/\/www.tendenzeshabbychic.it\/fr\/wp-json\/wp\/v2\/comments?post=222847"}],"wp:featuredmedia":[{"embeddable":true,"href":"https:\/\/www.tendenzeshabbychic.it\/fr\/wp-json\/wp\/v2\/media\/222832"}],"wp:attachment":[{"href":"https:\/\/www.tendenzeshabbychic.it\/fr\/wp-json\/wp\/v2\/media?parent=222847"}],"wp:term":[{"taxonomy":"pwb-brand","embeddable":true,"href":"https:\/\/www.tendenzeshabbychic.it\/fr\/wp-json\/wp\/v2\/pwb-brand?post=222847"},{"taxonomy":"product_brand","embeddable":true,"href":"https:\/\/www.tendenzeshabbychic.it\/fr\/wp-json\/wp\/v2\/product_brand?post=222847"},{"taxonomy":"product_cat","embeddable":true,"href":"https:\/\/www.tendenzeshabbychic.it\/fr\/wp-json\/wp\/v2\/product_cat?post=222847"},{"taxonomy":"product_tag","embeddable":true,"href":"https:\/\/www.tendenzeshabbychic.it\/fr\/wp-json\/wp\/v2\/product_tag?post=222847"}],"curies":[{"name":"wp","href":"https:\/\/api.w.org\/{rel}","templated":true}]}}