{"id":222752,"date":"2026-01-22T08:00:29","date_gmt":"2026-01-22T07:00:29","guid":{"rendered":"https:\/\/www.tendenzeshabbychic.it\/prodotto\/edg-vase-poly-nymphe-en-polyresine-h41\/"},"modified":"2026-01-19T22:55:29","modified_gmt":"2026-01-19T21:55:29","slug":"edg-vase-poly-nymphe-en-polyresine-h41","status":"publish","type":"product","link":"https:\/\/www.tendenzeshabbychic.it\/fr\/produit\/edg-vase-poly-nymphe-en-polyresine-h41\/","title":{"rendered":"EDG Vase Poly Nymphe en polyr\u00e9sine H41"},"content":{"rendered":"<p>Pi\u00e8ce importante, sc\u00e9nique et d\u00e9licate, ce vase Enzo de Gasperi repr\u00e9sente une nymphe au visage serein, aux yeux ferm\u00e9s et aux traits doux, envelopp\u00e9e d&rsquo;une draperie sculpt\u00e9e sur le buste. La couronne florale est compos\u00e9e de grandes fleurs en relief aux p\u00e9tales ivoire et aux teintes poudr\u00e9es, aux bords l\u00e9g\u00e8rement \u00ab\u00a0antiques\u00a0\u00bb et aux c\u0153urs jaune tendre riches en texture. La finition mate effet pierre met en valeur chaque d\u00e9tail et la rend parfaite pour les d\u00e9cors romantiques, Shabby Chic ou classiques. R\u00e9alis\u00e9 en plastique et en polyr\u00e9sine, il est imperm\u00e9able : id\u00e9al pour les compositions importantes avec des branches, des hortensias, des pivoines ou de la verdure d\u00e9corative, m\u00eame avec une \u00e9ponge ou un insert mouill\u00e9.   <\/p>\n<ul>\n<li>Buste de nymphe drap\u00e9 : effet sculptural \u00e9l\u00e9gant<\/li>\n<li>Couronne avec fleurs maxi gaufr\u00e9es, ivoire et poudr\u00e9e, tr\u00e8s textur\u00e9e<\/li>\n<li>Finition mate \u00e0 effet pierre avec de l\u00e9g\u00e8res nuances \u00ab\u00a0habit\u00e9es\u00a0\u00bb.<\/li>\n<li>Imperm\u00e9able : pratique pour les arrangements floraux d\u00e9coratifs<\/li>\n<li>Parfait comme centre de table ou sur une console d&rsquo;entr\u00e9e<\/li>\n<\/ul>\n","protected":false},"excerpt":{"rendered":"<p>Vase-sculpture en polyr\u00e9sine effet pierre avec buste de nymphe et couronne de grandes fleurs ivoire et poudr\u00e9es. Imperm\u00e9able. <\/p>\n<p>\ud83d\udccf H 41 x L 38 x P 23 cm<\/p>\n","protected":false},"featured_media":222712,"comment_status":"open","ping_status":"closed","template":"","meta":{"_joinchat":[]},"pwb-brand":[1564],"product_brand":[],"product_cat":[1526],"product_tag":[2940,1310],"class_list":{"0":"post-222752","1":"product","2":"type-product","3":"status-publish","4":"has-post-thumbnail","6":"pwb-brand-edg-fr","7":"product_cat-vases","8":"product_tag-jardin","9":"product_tag-patine-vintage","11":"first","12":"instock","13":"taxable","14":"shipping-taxable","15":"purchasable","16":"product-type-simple"},"brands":[{"id":1564,"name":"EDG \u2013 Enzo De Gasperi","slug":"edg-fr"}],"_links":{"self":[{"href":"https:\/\/www.tendenzeshabbychic.it\/fr\/wp-json\/wp\/v2\/product\/222752","targetHints":{"allow":["GET"]}}],"collection":[{"href":"https:\/\/www.tendenzeshabbychic.it\/fr\/wp-json\/wp\/v2\/product"}],"about":[{"href":"https:\/\/www.tendenzeshabbychic.it\/fr\/wp-json\/wp\/v2\/types\/product"}],"replies":[{"embeddable":true,"href":"https:\/\/www.tendenzeshabbychic.it\/fr\/wp-json\/wp\/v2\/comments?post=222752"}],"wp:featuredmedia":[{"embeddable":true,"href":"https:\/\/www.tendenzeshabbychic.it\/fr\/wp-json\/wp\/v2\/media\/222712"}],"wp:attachment":[{"href":"https:\/\/www.tendenzeshabbychic.it\/fr\/wp-json\/wp\/v2\/media?parent=222752"}],"wp:term":[{"taxonomy":"pwb-brand","embeddable":true,"href":"https:\/\/www.tendenzeshabbychic.it\/fr\/wp-json\/wp\/v2\/pwb-brand?post=222752"},{"taxonomy":"product_brand","embeddable":true,"href":"https:\/\/www.tendenzeshabbychic.it\/fr\/wp-json\/wp\/v2\/product_brand?post=222752"},{"taxonomy":"product_cat","embeddable":true,"href":"https:\/\/www.tendenzeshabbychic.it\/fr\/wp-json\/wp\/v2\/product_cat?post=222752"},{"taxonomy":"product_tag","embeddable":true,"href":"https:\/\/www.tendenzeshabbychic.it\/fr\/wp-json\/wp\/v2\/product_tag?post=222752"}],"curies":[{"name":"wp","href":"https:\/\/api.w.org\/{rel}","templated":true}]}}