{"id":222749,"date":"2026-01-22T11:00:20","date_gmt":"2026-01-22T10:00:20","guid":{"rendered":"https:\/\/www.tendenzeshabbychic.it\/prodotto\/edg-bougie-flottante-verte-et-rose-d11\/"},"modified":"2026-01-20T00:18:20","modified_gmt":"2026-01-19T23:18:20","slug":"edg-bougie-flottante-verte-et-rose-d11","status":"publish","type":"product","link":"https:\/\/www.tendenzeshabbychic.it\/fr\/produit\/edg-bougie-flottante-verte-et-rose-d11\/","title":{"rendered":"EDG Bougie flottante verte et rose D11"},"content":{"rendered":"<p>Fra\u00eeche et raffin\u00e9e, cette bougie flottante Enzo de Gasperi reproduit une rose en pleine floraison avec des p\u00e9tales superpos\u00e9s, des bords ondul\u00e9s et une d\u00e9licate teinte vert sauge. La cire a une finition lisse et velout\u00e9e avec un effet \u00ab\u00a0vraie fleur\u00a0\u00bb qui la rend \u00e9galement parfaite comme d\u00e9coration sur pied. Con\u00e7ue pour flotter dans un bol d&rsquo;eau ou dans un centre de table, elle cr\u00e9e une lumi\u00e8re douce et dramatique avec la flamme au centre. Poids 145 g, dur\u00e9e approximative de 8 heures : id\u00e9al pour la mise en place, les c\u00e9r\u00e9monies et les moments sp\u00e9ciaux.   <\/p>\n<ul>\n<li>Forme de rose r\u00e9aliste avec des p\u00e9tales \u00e0 plusieurs niveaux<\/li>\n<li>Couleur vert sauge, \u00e9l\u00e9gante et moderne<\/li>\n<li>Effet flottant : parfait dans les tasses et les bols d&rsquo;eau<\/li>\n<li>145 g de cire, dur\u00e9e approximative 8 heures<\/li>\n<li>Magnifique pour les centres de table, les \u00e9v\u00e9nements et les cadeaux d\u00e9licats<\/li>\n<\/ul>\n","protected":false},"excerpt":{"rendered":"<p>Bougie en forme de rose vert sauge, p\u00e9tales r\u00e9alistes et aspect frais. Id\u00e9ale pour flotter dans un bol d&rsquo;eau.<br \/>\n\ud83d\udccf H 5 x L 11 x P 11 cm<\/p>\n","protected":false},"featured_media":222701,"comment_status":"open","ping_status":"closed","template":"","meta":{"_joinchat":[]},"pwb-brand":[1564],"product_brand":[],"product_cat":[1460],"product_tag":[],"class_list":{"0":"post-222749","1":"product","2":"type-product","3":"status-publish","4":"has-post-thumbnail","6":"pwb-brand-edg-fr","7":"product_cat-bougies","9":"first","10":"instock","11":"taxable","12":"shipping-taxable","13":"purchasable","14":"product-type-simple"},"brands":[{"id":1564,"name":"EDG \u2013 Enzo De Gasperi","slug":"edg-fr"}],"_links":{"self":[{"href":"https:\/\/www.tendenzeshabbychic.it\/fr\/wp-json\/wp\/v2\/product\/222749","targetHints":{"allow":["GET"]}}],"collection":[{"href":"https:\/\/www.tendenzeshabbychic.it\/fr\/wp-json\/wp\/v2\/product"}],"about":[{"href":"https:\/\/www.tendenzeshabbychic.it\/fr\/wp-json\/wp\/v2\/types\/product"}],"replies":[{"embeddable":true,"href":"https:\/\/www.tendenzeshabbychic.it\/fr\/wp-json\/wp\/v2\/comments?post=222749"}],"wp:featuredmedia":[{"embeddable":true,"href":"https:\/\/www.tendenzeshabbychic.it\/fr\/wp-json\/wp\/v2\/media\/222701"}],"wp:attachment":[{"href":"https:\/\/www.tendenzeshabbychic.it\/fr\/wp-json\/wp\/v2\/media?parent=222749"}],"wp:term":[{"taxonomy":"pwb-brand","embeddable":true,"href":"https:\/\/www.tendenzeshabbychic.it\/fr\/wp-json\/wp\/v2\/pwb-brand?post=222749"},{"taxonomy":"product_brand","embeddable":true,"href":"https:\/\/www.tendenzeshabbychic.it\/fr\/wp-json\/wp\/v2\/product_brand?post=222749"},{"taxonomy":"product_cat","embeddable":true,"href":"https:\/\/www.tendenzeshabbychic.it\/fr\/wp-json\/wp\/v2\/product_cat?post=222749"},{"taxonomy":"product_tag","embeddable":true,"href":"https:\/\/www.tendenzeshabbychic.it\/fr\/wp-json\/wp\/v2\/product_tag?post=222749"}],"curies":[{"name":"wp","href":"https:\/\/api.w.org\/{rel}","templated":true}]}}