{"id":222648,"date":"2026-01-22T09:30:47","date_gmt":"2026-01-22T08:30:47","guid":{"rendered":"https:\/\/www.tendenzeshabbychic.it\/prodotto\/edg-bol-a-fleurs-rond-h6-d14-cm\/"},"modified":"2026-01-19T21:28:47","modified_gmt":"2026-01-19T20:28:47","slug":"edg-bol-a-fleurs-rond-h6-d14-cm","status":"publish","type":"product","link":"https:\/\/www.tendenzeshabbychic.it\/fr\/produit\/edg-bol-a-fleurs-rond-h6-d14-cm\/","title":{"rendered":"EDG Bol \u00e0 fleurs rond H6 D14 cm"},"content":{"rendered":"<p>Ce bol EDG en c\u00e9ramique allie romantisme et fra\u00eecheur : la surface est d\u00e9cor\u00e9e de grandes fleurs en relief, aux p\u00e9tales blanc cr\u00e8me travers\u00e9s de fines veines et aux contours vert sauge. Le centre des fleurs est vert vif avec de l\u00e9g\u00e8res touches ambr\u00e9es, un d\u00e9tail qui rend la pi\u00e8ce encore plus naturelle et \u00ab\u00a0artisanale\u00a0\u00bb \u00e0 l&rsquo;\u0153il. Le bord ondul\u00e9 des p\u00e9tales et la base verte compl\u00e8tent l&rsquo;ensemble avec une \u00e9l\u00e9gance d\u00e9licate. Parfait comme bol de service pour les fruits, les desserts ou les snacks, mais aussi comme centre de table printanier. Usage alimentaire ; ne convient pas au micro-ondes ni au lave-vaisselle (il est pr\u00e9f\u00e9rable de le laver \u00e0 la main).    <\/p>\n<ul>\n<li>Reliefs floraux en 3D et bordure ondul\u00e9e sc\u00e9nique<\/li>\n<li>Palette blanc cr\u00e8me et vert sauge, lumineuse et raffin\u00e9e<\/li>\n<li>Centres en pointill\u00e9s verts : d\u00e9tail d\u00e9coratif distinctif<\/li>\n<li>Id\u00e9al pour pr\u00e9parer le brunch, le petit-d\u00e9jeuner et le tea time<\/li>\n<li>Magnifique en combinaison avec le petit bol assorti pour un ensemble harmonieux (vente crois\u00e9e).<\/li>\n<\/ul>\n","protected":false},"excerpt":{"rendered":"<p>Bol en c\u00e9ramique polie avec des fleurs gaufr\u00e9es blanc cr\u00e8me, des bordures vert sauge et des pointill\u00e9s verts au centre. Usage alimentaire. Pas de micro-ondes, pas de lave-vaisselle.<br \/>\n\ud83d\udccf H 6 x L 14 x P 14 cm<\/p>\n","protected":false},"featured_media":222642,"comment_status":"open","ping_status":"closed","template":"","meta":{"_joinchat":[]},"pwb-brand":[1564],"product_brand":[],"product_cat":[1528,1527,2943],"product_tag":[],"class_list":{"0":"post-222648","1":"product","2":"type-product","3":"status-publish","4":"has-post-thumbnail","6":"pwb-brand-edg-fr","7":"product_cat-arts-de-la-table","8":"product_cat-plateaux","9":"product_cat-vaisselle","11":"first","12":"instock","13":"taxable","14":"shipping-taxable","15":"purchasable","16":"product-type-simple"},"brands":[{"id":1564,"name":"EDG \u2013 Enzo De Gasperi","slug":"edg-fr"}],"_links":{"self":[{"href":"https:\/\/www.tendenzeshabbychic.it\/fr\/wp-json\/wp\/v2\/product\/222648","targetHints":{"allow":["GET"]}}],"collection":[{"href":"https:\/\/www.tendenzeshabbychic.it\/fr\/wp-json\/wp\/v2\/product"}],"about":[{"href":"https:\/\/www.tendenzeshabbychic.it\/fr\/wp-json\/wp\/v2\/types\/product"}],"replies":[{"embeddable":true,"href":"https:\/\/www.tendenzeshabbychic.it\/fr\/wp-json\/wp\/v2\/comments?post=222648"}],"wp:featuredmedia":[{"embeddable":true,"href":"https:\/\/www.tendenzeshabbychic.it\/fr\/wp-json\/wp\/v2\/media\/222642"}],"wp:attachment":[{"href":"https:\/\/www.tendenzeshabbychic.it\/fr\/wp-json\/wp\/v2\/media?parent=222648"}],"wp:term":[{"taxonomy":"pwb-brand","embeddable":true,"href":"https:\/\/www.tendenzeshabbychic.it\/fr\/wp-json\/wp\/v2\/pwb-brand?post=222648"},{"taxonomy":"product_brand","embeddable":true,"href":"https:\/\/www.tendenzeshabbychic.it\/fr\/wp-json\/wp\/v2\/product_brand?post=222648"},{"taxonomy":"product_cat","embeddable":true,"href":"https:\/\/www.tendenzeshabbychic.it\/fr\/wp-json\/wp\/v2\/product_cat?post=222648"},{"taxonomy":"product_tag","embeddable":true,"href":"https:\/\/www.tendenzeshabbychic.it\/fr\/wp-json\/wp\/v2\/product_tag?post=222648"}],"curies":[{"name":"wp","href":"https:\/\/api.w.org\/{rel}","templated":true}]}}