{"id":222613,"date":"2026-01-22T08:00:36","date_gmt":"2026-01-22T07:00:36","guid":{"rendered":"https:\/\/www.tendenzeshabbychic.it\/prodotto\/edg-vase-en-verre-macula-amphora-h36-o25-cm\/"},"modified":"2025-12-21T19:56:36","modified_gmt":"2025-12-21T18:56:36","slug":"edg-vase-en-verre-macula-amphora-h36-o25-cm","status":"publish","type":"product","link":"https:\/\/www.tendenzeshabbychic.it\/fr\/produit\/edg-vase-en-verre-macula-amphora-h36-o25-cm\/","title":{"rendered":"EDG Vase en verre Macula Amphora H36 \u00d825 cm"},"content":{"rendered":"<p>Ce vase Macula en forme d&rsquo;amphore est fabriqu\u00e9 en verre imperm\u00e9able et pr\u00e9sente des reliefs verticaux raffin\u00e9s qui donnent de la profondeur et du mouvement \u00e0 la surface. Les nuances artistiques, qui vont du vert au bleu clair en passant par le brun chaud, cr\u00e9ent un effet pictural \u00e9l\u00e9gant qui n&rsquo;est jamais le m\u00eame, ce qui rend chaque pi\u00e8ce unique. Le bord sup\u00e9rieur l\u00e9g\u00e8rement irr\u00e9gulier met en valeur le travail artisanal. Parfait comme vase \u00e0 fleurs ou comme \u00e9l\u00e9ment d\u00e9coratif \u00e0 part enti\u00e8re, il rehausse les environnements lumineux, les salons sophistiqu\u00e9s ou les entr\u00e9es \u00e9l\u00e9gantes. Fourni avec une bo\u00eete logo, il est \u00e9galement id\u00e9al comme cadeau de valeur.    <\/p>\n<ul>\n<li>Verre \u00e9tanche convenant aux fleurs fra\u00eeches<\/li>\n<li>Ex\u00e9cution c\u00f4tel\u00e9e avec une texture \u00e9l\u00e9gante<\/li>\n<li>Ombrage multicolore avec effet artistique<\/li>\n<li>Forme d&rsquo;amphore d\u00e9corative et \u00e9lanc\u00e9e<\/li>\n<li>Livr\u00e9 avec une bo\u00eete portant le logo Enzo de Gasperi<\/li>\n<\/ul>\n","protected":false},"excerpt":{"rendered":"<p>Vase d\u00e9coratif en verre imperm\u00e9able avec un travail nervur\u00e9 et des nuances artistiques de vert, de bleu et de brun. Avec bo\u00eete logo. <\/p>\n<p>\ud83d\udccf <strong>H 36 x \u00d8 25 cm<\/strong><\/p>\n","protected":false},"featured_media":222595,"comment_status":"open","ping_status":"closed","template":"","meta":{"_joinchat":[]},"pwb-brand":[1564],"product_brand":[],"product_cat":[1526],"product_tag":[],"class_list":{"0":"post-222613","1":"product","2":"type-product","3":"status-publish","4":"has-post-thumbnail","6":"pwb-brand-edg-fr","7":"product_cat-vases","9":"first","10":"instock","11":"taxable","12":"shipping-taxable","13":"purchasable","14":"product-type-simple"},"brands":[{"id":1564,"name":"EDG \u2013 Enzo De Gasperi","slug":"edg-fr"}],"_links":{"self":[{"href":"https:\/\/www.tendenzeshabbychic.it\/fr\/wp-json\/wp\/v2\/product\/222613","targetHints":{"allow":["GET"]}}],"collection":[{"href":"https:\/\/www.tendenzeshabbychic.it\/fr\/wp-json\/wp\/v2\/product"}],"about":[{"href":"https:\/\/www.tendenzeshabbychic.it\/fr\/wp-json\/wp\/v2\/types\/product"}],"replies":[{"embeddable":true,"href":"https:\/\/www.tendenzeshabbychic.it\/fr\/wp-json\/wp\/v2\/comments?post=222613"}],"wp:featuredmedia":[{"embeddable":true,"href":"https:\/\/www.tendenzeshabbychic.it\/fr\/wp-json\/wp\/v2\/media\/222595"}],"wp:attachment":[{"href":"https:\/\/www.tendenzeshabbychic.it\/fr\/wp-json\/wp\/v2\/media?parent=222613"}],"wp:term":[{"taxonomy":"pwb-brand","embeddable":true,"href":"https:\/\/www.tendenzeshabbychic.it\/fr\/wp-json\/wp\/v2\/pwb-brand?post=222613"},{"taxonomy":"product_brand","embeddable":true,"href":"https:\/\/www.tendenzeshabbychic.it\/fr\/wp-json\/wp\/v2\/product_brand?post=222613"},{"taxonomy":"product_cat","embeddable":true,"href":"https:\/\/www.tendenzeshabbychic.it\/fr\/wp-json\/wp\/v2\/product_cat?post=222613"},{"taxonomy":"product_tag","embeddable":true,"href":"https:\/\/www.tendenzeshabbychic.it\/fr\/wp-json\/wp\/v2\/product_tag?post=222613"}],"curies":[{"name":"wp","href":"https:\/\/api.w.org\/{rel}","templated":true}]}}