{"id":222569,"date":"2026-01-22T10:50:09","date_gmt":"2026-01-22T09:50:09","guid":{"rendered":"https:\/\/www.tendenzeshabbychic.it\/prodotto\/edg-vase-a-fleurs-en-verre-avec-pied-h-155-cm\/"},"modified":"2026-02-10T16:58:12","modified_gmt":"2026-02-10T15:58:12","slug":"edg-vase-a-fleurs-en-verre-avec-pied-h-155-cm","status":"publish","type":"product","link":"https:\/\/www.tendenzeshabbychic.it\/fr\/produit\/edg-vase-a-fleurs-en-verre-avec-pied-h-155-cm\/","title":{"rendered":"EDG Vase \u00e0 fleurs en verre avec pied H 15,5 cm"},"content":{"rendered":"<p>Ce vase \u00e0 fleurs Enzo de Gasperi est r\u00e9alis\u00e9 en verre color\u00e9 imperm\u00e9able et se distingue par son design original et polyvalent. La forme florale au bord ondul\u00e9 lui conf\u00e8re l\u00e9g\u00e8ret\u00e9 et \u00e9l\u00e9gance, tandis que le pied arrondi aux couleurs contrast\u00e9es renforce l&rsquo;effet d\u00e9coratif. Disponible en quatre couleurs assorties, il est con\u00e7u pour \u00eatre utilis\u00e9 \u00e0 la fois comme vase et, lorsqu&rsquo;il est retourn\u00e9, comme porte-bougies raffin\u00e9. Un objet d\u00e9coratif lumineux et moderne, id\u00e9al pour cr\u00e9er des ambiances chaleureuses sur les tables, les consoles ou les \u00e9tag\u00e8res.   <\/p>\n<ul>\n<li>Verre color\u00e9 imperm\u00e9able de haute qualit\u00e9<\/li>\n<li>Forme de fleur avec bord ondul\u00e9 d\u00e9coratif<\/li>\n<li>Peut \u00eatre utilis\u00e9 comme vase ou comme porte-bougies \u00e0 l&rsquo;envers.<\/li>\n<li>Couleurs assorties, fra\u00eeches et vives<\/li>\n<li>Parfait pour les centres de table, les mises en place et les effets d&rsquo;\u00e9clairage<\/li>\n<\/ul>\n","protected":false},"excerpt":{"rendered":"<p>Vase \u00e0 fleurs en verre color\u00e9 avec pied, disponible en 4 couleurs assorties. Pliable, il devient une \u00e9l\u00e9gante bougie \u00e0 r\u00e9chaud d\u00e9corative. <\/p>\n<p>\ud83d\udccf H 15,5 x L 15 x P 15 cm<\/p>\n","protected":false},"featured_media":222546,"comment_status":"open","ping_status":"closed","template":"","meta":{"_joinchat":[]},"pwb-brand":[1564],"product_brand":[],"product_cat":[2950,1526],"product_tag":[],"class_list":{"0":"post-222569","1":"product","2":"type-product","3":"status-publish","4":"has-post-thumbnail","6":"pwb-brand-edg-fr","7":"product_cat-candelabre","8":"product_cat-vases","9":"pa_colore-ambre","10":"pa_colore-azure","11":"pa_colore-mauve","12":"pa_colore-vert","14":"first","15":"instock","16":"taxable","17":"shipping-taxable","18":"purchasable","19":"product-type-variable"},"brands":[{"id":1564,"name":"EDG \u2013 Enzo De Gasperi","slug":"edg-fr"}],"_links":{"self":[{"href":"https:\/\/www.tendenzeshabbychic.it\/fr\/wp-json\/wp\/v2\/product\/222569","targetHints":{"allow":["GET"]}}],"collection":[{"href":"https:\/\/www.tendenzeshabbychic.it\/fr\/wp-json\/wp\/v2\/product"}],"about":[{"href":"https:\/\/www.tendenzeshabbychic.it\/fr\/wp-json\/wp\/v2\/types\/product"}],"replies":[{"embeddable":true,"href":"https:\/\/www.tendenzeshabbychic.it\/fr\/wp-json\/wp\/v2\/comments?post=222569"}],"wp:featuredmedia":[{"embeddable":true,"href":"https:\/\/www.tendenzeshabbychic.it\/fr\/wp-json\/wp\/v2\/media\/222546"}],"wp:attachment":[{"href":"https:\/\/www.tendenzeshabbychic.it\/fr\/wp-json\/wp\/v2\/media?parent=222569"}],"wp:term":[{"taxonomy":"pwb-brand","embeddable":true,"href":"https:\/\/www.tendenzeshabbychic.it\/fr\/wp-json\/wp\/v2\/pwb-brand?post=222569"},{"taxonomy":"product_brand","embeddable":true,"href":"https:\/\/www.tendenzeshabbychic.it\/fr\/wp-json\/wp\/v2\/product_brand?post=222569"},{"taxonomy":"product_cat","embeddable":true,"href":"https:\/\/www.tendenzeshabbychic.it\/fr\/wp-json\/wp\/v2\/product_cat?post=222569"},{"taxonomy":"product_tag","embeddable":true,"href":"https:\/\/www.tendenzeshabbychic.it\/fr\/wp-json\/wp\/v2\/product_tag?post=222569"}],"curies":[{"name":"wp","href":"https:\/\/api.w.org\/{rel}","templated":true}]}}