{"id":222368,"date":"2026-01-22T10:50:28","date_gmt":"2026-01-22T09:50:28","guid":{"rendered":"https:\/\/www.tendenzeshabbychic.it\/prodotto\/edg-bougeoir-a-fleurs-en-verre-h4-d14-cm\/"},"modified":"2026-01-01T18:31:28","modified_gmt":"2026-01-01T17:31:28","slug":"edg-bougeoir-a-fleurs-en-verre-h4-d14-cm","status":"publish","type":"product","link":"https:\/\/www.tendenzeshabbychic.it\/fr\/produit\/edg-bougeoir-a-fleurs-en-verre-h4-d14-cm\/","title":{"rendered":"EDG Bougeoir \u00e0 fleurs en verre H4 D14 cm"},"content":{"rendered":"<p>Ce bougeoir en forme de fleur d&rsquo;Enzo de Gasperi est r\u00e9alis\u00e9 en verre \u00e9pais et poli, moul\u00e9 avec des p\u00e9tales arrondis qui refl\u00e8tent la lumi\u00e8re de mani\u00e8re raffin\u00e9e. Disponible en quatre couleurs assorties &#8211; rose poudr\u00e9, vert tendre, bleu poudr\u00e9 et ambre dor\u00e9 &#8211; il cr\u00e9e une atmosph\u00e8re chaleureuse et accueillante lorsque la bougie est allum\u00e9e. <\/p>\n<p>Parfait en centre de table, sur une table basse ou pour agr\u00e9menter une \u00e9l\u00e9gante mise en place, c&rsquo;est un petit accessoire d\u00e9coratif qui peut donner du caract\u00e8re aux d\u00e9cors Shabby Chic et contemporains.<\/p>\n<ul>\n<li>Verre color\u00e9 transparent avec finition polie<\/li>\n<li>Motif floral avec p\u00e9tales d\u00e9coratifs en relief<\/li>\n<li>Id\u00e9al pour les bougies \u00e0 r\u00e9chaud standard<\/li>\n<li>Parfait pour les tables, les consoles et les plateaux d\u00e9coratifs<\/li>\n<li>Id\u00e9al pour combiner avec d&rsquo;autres photophores en verre EDG pour un effet coordonn\u00e9.<\/li>\n<\/ul>\n","protected":false},"excerpt":{"rendered":"<p>Bougeoir \u00e0 fleurs en verre travaill\u00e9 dans de d\u00e9licates nuances de rose, de vert, de bleu et d&rsquo;ambre. Un d\u00e9tail lumineux et \u00e9l\u00e9gant pour la maison. <\/p>\n<p>\ud83d\udccf H 4 x \u00d8 14 cm<\/p>\n","protected":false},"featured_media":222366,"comment_status":"open","ping_status":"closed","template":"","meta":{"_joinchat":[]},"pwb-brand":[1564],"product_brand":[],"product_cat":[2950,1459],"product_tag":[],"class_list":{"0":"post-222368","1":"product","2":"type-product","3":"status-publish","4":"has-post-thumbnail","6":"pwb-brand-edg-fr","7":"product_cat-candelabre","8":"product_cat-chandeliers-et-bougeoirs","9":"pa_colore-ambre","10":"pa_colore-azure","11":"pa_colore-rose","12":"pa_colore-vert","14":"first","15":"instock","16":"taxable","17":"shipping-taxable","18":"product-type-variable"},"brands":[{"id":1564,"name":"EDG \u2013 Enzo De Gasperi","slug":"edg-fr"}],"_links":{"self":[{"href":"https:\/\/www.tendenzeshabbychic.it\/fr\/wp-json\/wp\/v2\/product\/222368","targetHints":{"allow":["GET"]}}],"collection":[{"href":"https:\/\/www.tendenzeshabbychic.it\/fr\/wp-json\/wp\/v2\/product"}],"about":[{"href":"https:\/\/www.tendenzeshabbychic.it\/fr\/wp-json\/wp\/v2\/types\/product"}],"replies":[{"embeddable":true,"href":"https:\/\/www.tendenzeshabbychic.it\/fr\/wp-json\/wp\/v2\/comments?post=222368"}],"wp:featuredmedia":[{"embeddable":true,"href":"https:\/\/www.tendenzeshabbychic.it\/fr\/wp-json\/wp\/v2\/media\/222366"}],"wp:attachment":[{"href":"https:\/\/www.tendenzeshabbychic.it\/fr\/wp-json\/wp\/v2\/media?parent=222368"}],"wp:term":[{"taxonomy":"pwb-brand","embeddable":true,"href":"https:\/\/www.tendenzeshabbychic.it\/fr\/wp-json\/wp\/v2\/pwb-brand?post=222368"},{"taxonomy":"product_brand","embeddable":true,"href":"https:\/\/www.tendenzeshabbychic.it\/fr\/wp-json\/wp\/v2\/product_brand?post=222368"},{"taxonomy":"product_cat","embeddable":true,"href":"https:\/\/www.tendenzeshabbychic.it\/fr\/wp-json\/wp\/v2\/product_cat?post=222368"},{"taxonomy":"product_tag","embeddable":true,"href":"https:\/\/www.tendenzeshabbychic.it\/fr\/wp-json\/wp\/v2\/product_tag?post=222368"}],"curies":[{"name":"wp","href":"https:\/\/api.w.org\/{rel}","templated":true}]}}