{"id":222023,"date":"2026-01-22T08:00:43","date_gmt":"2026-01-22T07:00:43","guid":{"rendered":"https:\/\/www.tendenzeshabbychic.it\/prodotto\/edg-vase-bouquet-de-tulipes-h-19\/"},"modified":"2025-12-21T22:32:43","modified_gmt":"2025-12-21T21:32:43","slug":"edg-vase-bouquet-de-tulipes-h-19","status":"publish","type":"product","link":"https:\/\/www.tendenzeshabbychic.it\/fr\/produit\/edg-vase-bouquet-de-tulipes-h-19\/","title":{"rendered":"EDG Vase Bouquet de tulipes H 19"},"content":{"rendered":"<p>Ce vase Tulipani d&rsquo;Enzo de Gasperi est fabriqu\u00e9 en c\u00e9ramique artisanale et se distingue par son design spectaculaire en forme de bouquet de fleurs. Des tulipes en relief, soigneusement model\u00e9es et peintes dans de d\u00e9licates nuances pastel de jaune, de lilas et de rose, \u00e9mergent de tiges vertes l\u00e9g\u00e8rement textur\u00e9es. Un \u00e9l\u00e9gant n\u0153ud rose gaufr\u00e9 entoure la base, ajoutant une touche romantique et Shabby Chic. L&rsquo;int\u00e9rieur \u00e9maill\u00e9 permet de l&rsquo;utiliser \u00e0 l&rsquo;int\u00e9rieur, comme vase d\u00e9coratif ou comme fleur unique importante, id\u00e9ale pour mettre en valeur des environnements lumineux et raffin\u00e9s.   <\/p>\n<p><strong>Id\u00e9es d&rsquo;ameublement et qualit\u00e9<\/strong><\/p>\n<ul>\n<li>Le design de la grappe de tulipes a un fort impact d\u00e9coratif<\/li>\n<li>Tulipes gaufr\u00e9es peintes \u00e0 la main et ruban<\/li>\n<li>C\u00e9ramique artisanale de haute qualit\u00e9<\/li>\n<li>Parfait comme pi\u00e8ce ma\u00eetresse ou comme point focal sur une table console<\/li>\n<li>Id\u00e9al en combinaison avec les autres vases Tulipe pour une coordination \u00e9l\u00e9gante.<\/li>\n<\/ul>\n","protected":false},"excerpt":{"rendered":"<p>Vase en c\u00e9ramique fait \u00e0 la main en forme de bouquet de tulipes, avec n\u0153ud d\u00e9coratif. Romantique et printanier. <\/p>\n<p>\ud83d\udccf H 19 x L 11 x P 11 cm<\/p>\n","protected":false},"featured_media":222014,"comment_status":"open","ping_status":"closed","template":"","meta":{"_joinchat":[]},"pwb-brand":[1564],"product_brand":[],"product_cat":[1526],"product_tag":[1300],"class_list":{"0":"post-222023","1":"product","2":"type-product","3":"status-publish","4":"has-post-thumbnail","6":"pwb-brand-edg-fr","7":"product_cat-vases","8":"product_tag-fatto-a-mano-fr","10":"first","11":"instock","12":"taxable","13":"shipping-taxable","14":"purchasable","15":"product-type-simple"},"brands":[{"id":1564,"name":"EDG \u2013 Enzo De Gasperi","slug":"edg-fr"}],"_links":{"self":[{"href":"https:\/\/www.tendenzeshabbychic.it\/fr\/wp-json\/wp\/v2\/product\/222023","targetHints":{"allow":["GET"]}}],"collection":[{"href":"https:\/\/www.tendenzeshabbychic.it\/fr\/wp-json\/wp\/v2\/product"}],"about":[{"href":"https:\/\/www.tendenzeshabbychic.it\/fr\/wp-json\/wp\/v2\/types\/product"}],"replies":[{"embeddable":true,"href":"https:\/\/www.tendenzeshabbychic.it\/fr\/wp-json\/wp\/v2\/comments?post=222023"}],"wp:featuredmedia":[{"embeddable":true,"href":"https:\/\/www.tendenzeshabbychic.it\/fr\/wp-json\/wp\/v2\/media\/222014"}],"wp:attachment":[{"href":"https:\/\/www.tendenzeshabbychic.it\/fr\/wp-json\/wp\/v2\/media?parent=222023"}],"wp:term":[{"taxonomy":"pwb-brand","embeddable":true,"href":"https:\/\/www.tendenzeshabbychic.it\/fr\/wp-json\/wp\/v2\/pwb-brand?post=222023"},{"taxonomy":"product_brand","embeddable":true,"href":"https:\/\/www.tendenzeshabbychic.it\/fr\/wp-json\/wp\/v2\/product_brand?post=222023"},{"taxonomy":"product_cat","embeddable":true,"href":"https:\/\/www.tendenzeshabbychic.it\/fr\/wp-json\/wp\/v2\/product_cat?post=222023"},{"taxonomy":"product_tag","embeddable":true,"href":"https:\/\/www.tendenzeshabbychic.it\/fr\/wp-json\/wp\/v2\/product_tag?post=222023"}],"curies":[{"name":"wp","href":"https:\/\/api.w.org\/{rel}","templated":true}]}}