{"id":221993,"date":"2026-01-22T08:00:41","date_gmt":"2026-01-22T07:00:41","guid":{"rendered":"https:\/\/www.tendenzeshabbychic.it\/prodotto\/edg-vase-tulipes-multicolore-cylindre-h30-cm\/"},"modified":"2025-12-21T23:21:41","modified_gmt":"2025-12-21T22:21:41","slug":"edg-vase-tulipes-multicolore-cylindre-h30-cm","status":"publish","type":"product","link":"https:\/\/www.tendenzeshabbychic.it\/fr\/produit\/edg-vase-tulipes-multicolore-cylindre-h30-cm\/","title":{"rendered":"EDG Vase Tulipes Multicolore Cylindre H30 cm"},"content":{"rendered":"<p>Ce vase cylindrique \u00e0 tulipes, fabriqu\u00e9 en c\u00e9ramique \u00e0 la main, se caract\u00e9rise par sa hauteur \u00e9lanc\u00e9e et sa d\u00e9coration florale en relief. La base ivoire, lisse et lumineuse, est enrichie de tulipes tridimensionnelles dans des tons d\u00e9licats de rose poudr\u00e9, de lilas et de jaune, avec des tiges et des feuilles vert tendre peintes \u00e0 la main avec un effet naturel.<br \/>\nLe travail artisanal rend chaque pi\u00e8ce unique, avec de l\u00e9g\u00e8res variations de couleur et de texture qui en rehaussent la valeur. Sign\u00e9 Enzo de Gasperi, il est id\u00e9al comme vase de sol ou sur pied sur un meuble important, parfait pour les fleurs fra\u00eeches, les arrangements artificiels ou comme \u00e9l\u00e9ment d\u00e9coratif autonome.  <\/p>\n<p><strong>Id\u00e9es d&rsquo;ameublement et qualit\u00e9<\/strong><\/p>\n<ul>\n<li>C\u00e9ramique artisanale avec finition lisse et mate<\/li>\n<li>Tulipes en relief peintes \u00e0 la main en trois dimensions<\/li>\n<li>Des couleurs pastel \u00e9l\u00e9gantes et printani\u00e8res<\/li>\n<li>Forme cylindrique haute, id\u00e9ale pour les compositions \u00e9lanc\u00e9es<\/li>\n<li>Parfait pour les d\u00e9cors Shabby Chic, romantiques et champ\u00eatres.<\/li>\n<\/ul>\n","protected":false},"excerpt":{"rendered":"<p>Vase cylindrique en c\u00e9ramique fait \u00e0 la main avec des tulipes en relief dans des tons pastel. Raffin\u00e9 et d\u00e9coratif. <\/p>\n<p>\ud83d\udccf <strong>H 30 x P 14 cm<\/strong><\/p>\n","protected":false},"featured_media":221984,"comment_status":"open","ping_status":"closed","template":"","meta":{"_joinchat":[]},"pwb-brand":[776],"product_brand":[],"product_cat":[1526],"product_tag":[353],"class_list":{"0":"post-221993","1":"product","2":"type-product","3":"status-publish","4":"has-post-thumbnail","6":"pwb-brand-edg","7":"product_cat-vases","8":"product_tag-fatto-a-mano","10":"first","11":"outofstock","12":"taxable","13":"shipping-taxable","14":"purchasable","15":"product-type-simple"},"brands":[{"id":1564,"name":"EDG \u2013 Enzo De Gasperi","slug":"edg-fr"}],"_links":{"self":[{"href":"https:\/\/www.tendenzeshabbychic.it\/fr\/wp-json\/wp\/v2\/product\/221993","targetHints":{"allow":["GET"]}}],"collection":[{"href":"https:\/\/www.tendenzeshabbychic.it\/fr\/wp-json\/wp\/v2\/product"}],"about":[{"href":"https:\/\/www.tendenzeshabbychic.it\/fr\/wp-json\/wp\/v2\/types\/product"}],"replies":[{"embeddable":true,"href":"https:\/\/www.tendenzeshabbychic.it\/fr\/wp-json\/wp\/v2\/comments?post=221993"}],"wp:featuredmedia":[{"embeddable":true,"href":"https:\/\/www.tendenzeshabbychic.it\/fr\/wp-json\/wp\/v2\/media\/221984"}],"wp:attachment":[{"href":"https:\/\/www.tendenzeshabbychic.it\/fr\/wp-json\/wp\/v2\/media?parent=221993"}],"wp:term":[{"taxonomy":"pwb-brand","embeddable":true,"href":"https:\/\/www.tendenzeshabbychic.it\/fr\/wp-json\/wp\/v2\/pwb-brand?post=221993"},{"taxonomy":"product_brand","embeddable":true,"href":"https:\/\/www.tendenzeshabbychic.it\/fr\/wp-json\/wp\/v2\/product_brand?post=221993"},{"taxonomy":"product_cat","embeddable":true,"href":"https:\/\/www.tendenzeshabbychic.it\/fr\/wp-json\/wp\/v2\/product_cat?post=221993"},{"taxonomy":"product_tag","embeddable":true,"href":"https:\/\/www.tendenzeshabbychic.it\/fr\/wp-json\/wp\/v2\/product_tag?post=221993"}],"curies":[{"name":"wp","href":"https:\/\/api.w.org\/{rel}","templated":true}]}}