{"id":221037,"date":"2026-01-23T09:50:03","date_gmt":"2026-01-23T08:50:03","guid":{"rendered":"https:\/\/www.tendenzeshabbychic.it\/prodotto\/blanc-mariclo-double-couette-toile-de-jouy\/"},"modified":"2025-12-10T18:41:03","modified_gmt":"2025-12-10T17:41:03","slug":"blanc-mariclo-double-couette-toile-de-jouy","status":"publish","type":"product","link":"https:\/\/www.tendenzeshabbychic.it\/fr\/produit\/blanc-mariclo-double-couette-toile-de-jouy\/","title":{"rendered":"Blanc MariClo&rsquo; Double couette Toile de Jouy"},"content":{"rendered":"<p>L&rsquo;\u00e9dredon double Blanc MariClo&rsquo; Toile de Jouy enveloppe le lit d&rsquo;une d\u00e9licate \u00e9l\u00e9gance. Le tissu 100 % microfibre, piqu\u00e9 d&rsquo;une texture \u00e0 petits pois gaufr\u00e9s, est doux et pratique \u00e0 laver. La gala de 20 cm de large en imprim\u00e9 Toile de Jouy cr\u00e9e un mouvement romantique le long du bord et ajoute de la personnalit\u00e9 \u00e0 la pi\u00e8ce. Le garnissage de 180 g\/m\u00b2 en fait un produit id\u00e9al pour la mi-saison ou pour ceux qui aiment une chaleur l\u00e9g\u00e8re tout au long de l&rsquo;ann\u00e9e. Parfaite dans une chambre Shabby Chic ou Country Chic, associez-la \u00e0 des coussins d\u00e9coratifs Toile de Jouy et \u00e0 des draps unis pour un effet de suite raffin\u00e9.    <\/p>\n<ul>\n<li>Couette double 250&#215;250 cm en 100% microfibre<\/li>\n<li>Rembourrage 180 g\/m\u00b2 : chaud mais l\u00e9ger, id\u00e9al pour la mi-saison<\/li>\n<li>Texture \u00e0 micro-points et grande gala boucl\u00e9e de 20 cm<\/li>\n<li>Volant \u00e0 motifs de toile de jouy ton sur ton, romantique et pittoresque<\/li>\n<li>Parfait avec les coussins et compl\u00e9ments Blanc MariClo assortis<\/li>\n<\/ul>\n","protected":false},"excerpt":{"rendered":"<p>Couette double en microfibre matelass\u00e9e avec toile de Jouy gala de 20 cm, pour un lit romantique et raffin\u00e9.<br \/>\n\ud83d\udccf 250 x 250 cm<\/p>\n","protected":false},"featured_media":221034,"comment_status":"open","ping_status":"closed","template":"","meta":{"_joinchat":[]},"pwb-brand":[2076],"product_brand":[],"product_cat":[1483,1475,1482],"product_tag":[3372],"class_list":{"0":"post-221037","1":"product","2":"type-product","3":"status-publish","4":"has-post-thumbnail","6":"pwb-brand-blanc-mariclo-es","7":"product_cat-quilts-doubles","8":"product_cat-le-lit","9":"product_cat-quilts","10":"product_tag-coleccion-primavera-verano","12":"first","13":"instock","14":"taxable","15":"shipping-taxable","16":"purchasable","17":"product-type-simple"},"brands":[{"id":1561,"name":"Blanc Mariclo","slug":"blanc-mariclo-fr"}],"_links":{"self":[{"href":"https:\/\/www.tendenzeshabbychic.it\/fr\/wp-json\/wp\/v2\/product\/221037","targetHints":{"allow":["GET"]}}],"collection":[{"href":"https:\/\/www.tendenzeshabbychic.it\/fr\/wp-json\/wp\/v2\/product"}],"about":[{"href":"https:\/\/www.tendenzeshabbychic.it\/fr\/wp-json\/wp\/v2\/types\/product"}],"replies":[{"embeddable":true,"href":"https:\/\/www.tendenzeshabbychic.it\/fr\/wp-json\/wp\/v2\/comments?post=221037"}],"wp:featuredmedia":[{"embeddable":true,"href":"https:\/\/www.tendenzeshabbychic.it\/fr\/wp-json\/wp\/v2\/media\/221034"}],"wp:attachment":[{"href":"https:\/\/www.tendenzeshabbychic.it\/fr\/wp-json\/wp\/v2\/media?parent=221037"}],"wp:term":[{"taxonomy":"pwb-brand","embeddable":true,"href":"https:\/\/www.tendenzeshabbychic.it\/fr\/wp-json\/wp\/v2\/pwb-brand?post=221037"},{"taxonomy":"product_brand","embeddable":true,"href":"https:\/\/www.tendenzeshabbychic.it\/fr\/wp-json\/wp\/v2\/product_brand?post=221037"},{"taxonomy":"product_cat","embeddable":true,"href":"https:\/\/www.tendenzeshabbychic.it\/fr\/wp-json\/wp\/v2\/product_cat?post=221037"},{"taxonomy":"product_tag","embeddable":true,"href":"https:\/\/www.tendenzeshabbychic.it\/fr\/wp-json\/wp\/v2\/product_tag?post=221037"}],"curies":[{"name":"wp","href":"https:\/\/api.w.org\/{rel}","templated":true}]}}