{"id":219960,"date":"2026-01-22T09:00:36","date_gmt":"2026-01-22T08:00:36","guid":{"rendered":"https:\/\/www.tendenzeshabbychic.it\/prodotto\/edg-branche-de-magnolia-avec-feuilles-h64-cm\/"},"modified":"2026-01-14T18:19:36","modified_gmt":"2026-01-14T17:19:36","slug":"edg-branche-de-magnolia-avec-feuilles-h64-cm","status":"publish","type":"product","link":"https:\/\/www.tendenzeshabbychic.it\/fr\/produit\/edg-branche-de-magnolia-avec-feuilles-h64-cm\/","title":{"rendered":"EDG Branche de magnolia avec feuilles H64 cm"},"content":{"rendered":"<p>La branche de Magnolia avec feuilles d&rsquo;Enzo de Gasperi est une d\u00e9coration florale artificielle d&rsquo;une grande \u00e9l\u00e9gance, caract\u00e9ris\u00e9e par une fleur large et harmonieuse. Les p\u00e9tales, de couleur blanc ivoire avec de l\u00e9g\u00e8res nuances de cr\u00e8me, ont une texture d\u00e9licate et naturelle, tandis que le pistil central, de couleur ocre, donne de la profondeur et du r\u00e9alisme. <\/p>\n<p>Les larges feuilles vertes l\u00e9g\u00e8rement satin\u00e9es compl\u00e8tent la branche avec la tige en forme de bois. Id\u00e9al pour les vases moyens ou hauts, les compositions florales raffin\u00e9es ou en tant qu&rsquo;\u00e9l\u00e9ment unique pour des d\u00e9cors lumineux et sophistiqu\u00e9s. <\/p>\n<p><strong>Id\u00e9es d&rsquo;ameublement et qualit\u00e9<\/strong><\/p>\n<ul>\n<li>Grande fleur de magnolia d&rsquo;aspect naturel<\/li>\n<li>P\u00e9tales doux aux nuances d\u00e9licates<\/li>\n<li>Feuilles vertes r\u00e9alistes avec veines visibles<\/li>\n<li>Tige \u00e9l\u00e9gante et flexible en bois<\/li>\n<li>Parfait pour les int\u00e9rieurs classiques, Shabby Chic et modernes.<\/li>\n<\/ul>\n","protected":false},"excerpt":{"rendered":"<p>Branche de magnolia d\u00e9corative avec une grande fleur blanche ivoire et des feuilles vertes r\u00e9alistes. El\u00e9gant et raffin\u00e9 pour un d\u00e9cor printanier.<br \/>\n\ud83d\udccf H 64 x L 25 x P 20 cm<\/p>\n","protected":false},"featured_media":219944,"comment_status":"open","ping_status":"closed","template":"","meta":{"_joinchat":[]},"pwb-brand":[1564],"product_brand":[],"product_cat":[2772,1467],"product_tag":[],"class_list":{"0":"post-219960","1":"product","2":"type-product","3":"status-publish","4":"has-post-thumbnail","6":"pwb-brand-edg-fr","7":"product_cat-fleurs-en-pot","8":"product_cat-fleurs-et-plantes-artificielles","10":"first","11":"instock","12":"taxable","13":"shipping-taxable","14":"purchasable","15":"product-type-simple"},"brands":[{"id":1564,"name":"EDG \u2013 Enzo De Gasperi","slug":"edg-fr"}],"_links":{"self":[{"href":"https:\/\/www.tendenzeshabbychic.it\/fr\/wp-json\/wp\/v2\/product\/219960","targetHints":{"allow":["GET"]}}],"collection":[{"href":"https:\/\/www.tendenzeshabbychic.it\/fr\/wp-json\/wp\/v2\/product"}],"about":[{"href":"https:\/\/www.tendenzeshabbychic.it\/fr\/wp-json\/wp\/v2\/types\/product"}],"replies":[{"embeddable":true,"href":"https:\/\/www.tendenzeshabbychic.it\/fr\/wp-json\/wp\/v2\/comments?post=219960"}],"wp:featuredmedia":[{"embeddable":true,"href":"https:\/\/www.tendenzeshabbychic.it\/fr\/wp-json\/wp\/v2\/media\/219944"}],"wp:attachment":[{"href":"https:\/\/www.tendenzeshabbychic.it\/fr\/wp-json\/wp\/v2\/media?parent=219960"}],"wp:term":[{"taxonomy":"pwb-brand","embeddable":true,"href":"https:\/\/www.tendenzeshabbychic.it\/fr\/wp-json\/wp\/v2\/pwb-brand?post=219960"},{"taxonomy":"product_brand","embeddable":true,"href":"https:\/\/www.tendenzeshabbychic.it\/fr\/wp-json\/wp\/v2\/product_brand?post=219960"},{"taxonomy":"product_cat","embeddable":true,"href":"https:\/\/www.tendenzeshabbychic.it\/fr\/wp-json\/wp\/v2\/product_cat?post=219960"},{"taxonomy":"product_tag","embeddable":true,"href":"https:\/\/www.tendenzeshabbychic.it\/fr\/wp-json\/wp\/v2\/product_tag?post=219960"}],"curies":[{"name":"wp","href":"https:\/\/api.w.org\/{rel}","templated":true}]}}