{"id":219632,"date":"2026-01-15T19:06:45","date_gmt":"2026-01-15T18:06:45","guid":{"rendered":"https:\/\/www.tendenzeshabbychic.it\/prodotto\/blanc-mariclo-paire-de-serviettes-de-toilette-a-fleurs-vertes\/"},"modified":"2026-01-16T12:35:51","modified_gmt":"2026-01-16T11:35:51","slug":"blanc-mariclo-paire-de-serviettes-de-toilette-a-fleurs-vertes","status":"publish","type":"product","link":"https:\/\/www.tendenzeshabbychic.it\/fr\/produit\/blanc-mariclo-paire-de-serviettes-de-toilette-a-fleurs-vertes\/","title":{"rendered":"Blanc MariCl\u00f2 Paire de serviettes de toilette \u00e0 fleurs vertes"},"content":{"rendered":"<p>Paire de serviettes raffin\u00e9es Blanc MariCl\u00f2 en \u00e9ponge de coton souple de couleur verte, douce au toucher et tr\u00e8s absorbante. Le volant d\u00e9coratif est orn\u00e9 d&rsquo;un imprim\u00e9 floral romantique avec de grandes roses jaunes et des feuilles vertes sur un fond clair, ce qui donne de la luminosit\u00e9 et de la fra\u00eecheur au mod\u00e8le. Le n\u0153ud et la garniture en tissu bleu clair assortie compl\u00e8tent l&rsquo;ensemble avec \u00e9l\u00e9gance, rappelant le style Shabby Chic typique de la marque.  <\/p>\n<p>Parfaites pour mettre en valeur une salle de bain soigneusement con\u00e7ue, elles sont \u00e9galement id\u00e9ales comme id\u00e9e cadeau de bon go\u00fbt ou \u00e0 associer \u00e0 d&rsquo;autres textiles Blanc MariCl\u00f2 pour une coordination harmonieuse et raffin\u00e9e.<\/p>\n<p><strong>Points forts<\/strong><\/p>\n<ul>\n<li>\u00c9ponge douce et absorbante 100 % coton<\/li>\n<li>Couleur verte douce et relaxante<\/li>\n<li>Volant floral avec des roses jaune vif<\/li>\n<li>N\u0153ud d\u00e9coratif assorti<\/li>\n<li>Id\u00e9al pour une salle de bain Shabby Chic ou comme cadeau<\/li>\n<\/ul>\n","protected":false},"excerpt":{"rendered":"<p>Paire de serviettes \u00e9ponge Blanc MariCl\u00f2 100 % coton, vertes avec volant floral rose jaune et n\u0153ud assorti.<\/p>\n<p>\ud83d\udccf Face 60\u00d7100 cm &#8211; Guest 40\u00d760 cm<\/p>\n","protected":false},"featured_media":219629,"comment_status":"open","ping_status":"closed","template":"","meta":{"_joinchat":[]},"pwb-brand":[1561],"product_brand":[],"product_cat":[1473,1464],"product_tag":[],"class_list":{"0":"post-219632","1":"product","2":"type-product","3":"status-publish","4":"has-post-thumbnail","6":"pwb-brand-blanc-mariclo-fr","7":"product_cat-serviettes","8":"product_cat-la-salle-de-bains","10":"first","11":"instock","12":"taxable","13":"shipping-taxable","14":"purchasable","15":"product-type-simple"},"brands":[{"id":1561,"name":"Blanc Mariclo","slug":"blanc-mariclo-fr"}],"_links":{"self":[{"href":"https:\/\/www.tendenzeshabbychic.it\/fr\/wp-json\/wp\/v2\/product\/219632","targetHints":{"allow":["GET"]}}],"collection":[{"href":"https:\/\/www.tendenzeshabbychic.it\/fr\/wp-json\/wp\/v2\/product"}],"about":[{"href":"https:\/\/www.tendenzeshabbychic.it\/fr\/wp-json\/wp\/v2\/types\/product"}],"replies":[{"embeddable":true,"href":"https:\/\/www.tendenzeshabbychic.it\/fr\/wp-json\/wp\/v2\/comments?post=219632"}],"wp:featuredmedia":[{"embeddable":true,"href":"https:\/\/www.tendenzeshabbychic.it\/fr\/wp-json\/wp\/v2\/media\/219629"}],"wp:attachment":[{"href":"https:\/\/www.tendenzeshabbychic.it\/fr\/wp-json\/wp\/v2\/media?parent=219632"}],"wp:term":[{"taxonomy":"pwb-brand","embeddable":true,"href":"https:\/\/www.tendenzeshabbychic.it\/fr\/wp-json\/wp\/v2\/pwb-brand?post=219632"},{"taxonomy":"product_brand","embeddable":true,"href":"https:\/\/www.tendenzeshabbychic.it\/fr\/wp-json\/wp\/v2\/product_brand?post=219632"},{"taxonomy":"product_cat","embeddable":true,"href":"https:\/\/www.tendenzeshabbychic.it\/fr\/wp-json\/wp\/v2\/product_cat?post=219632"},{"taxonomy":"product_tag","embeddable":true,"href":"https:\/\/www.tendenzeshabbychic.it\/fr\/wp-json\/wp\/v2\/product_tag?post=219632"}],"curies":[{"name":"wp","href":"https:\/\/api.w.org\/{rel}","templated":true}]}}