{"id":219422,"date":"2026-01-15T21:30:03","date_gmt":"2026-01-15T20:30:03","guid":{"rendered":"https:\/\/www.tendenzeshabbychic.it\/prodotto\/blanc-mariclo-sac-a-main-brode-coton-46x36-cm\/"},"modified":"2026-01-12T00:23:03","modified_gmt":"2026-01-11T23:23:03","slug":"blanc-mariclo-sac-a-main-brode-coton-46x36-cm","status":"publish","type":"product","link":"https:\/\/www.tendenzeshabbychic.it\/fr\/produit\/blanc-mariclo-sac-a-main-brode-coton-46x36-cm\/","title":{"rendered":"Blanc MariCl\u00f2 Sac \u00e0 main brod\u00e9 Coton 46&#215;36 cm"},"content":{"rendered":"<p>Le sac shopper Blanc MariCl\u00f2 est confectionn\u00e9 en tissu de coton m\u00e9lang\u00e9 et pr\u00e9sente une combinaison raffin\u00e9e de motifs. Le corps central pr\u00e9sente d&rsquo;\u00e9l\u00e9gantes rayures verticales lilas sur fond clair, tandis que les bords sont agr\u00e9ment\u00e9s d&rsquo;un volant romantique au motif floral assorti. <\/p>\n<p>Au centre se trouve la d\u00e9licate broderie d\u00e9corative avec \u00e9criture, qui conf\u00e8re une touche artisanale et f\u00e9minine. Les longues anses, \u00e9galement orn\u00e9es d&rsquo;un motif floral, permettent de le porter confortablement \u00e0 l&rsquo;\u00e9paule. Parfait comme sac de loisirs, de shopping ou de plage, il est id\u00e9al pour celles qui aiment un style Shabby Chic soign\u00e9 et original.  <\/p>\n<p><strong>Points forts<\/strong><\/p>\n<ul>\n<li>Tissu l\u00e9ger et durable en coton m\u00e9lang\u00e9<\/li>\n<li>Motif \u00e9l\u00e9gant et intemporel de rayures lilas<\/li>\n<li>Volant floral d\u00e9coratif de style romantique<\/li>\n<li>Broderie d\u00e9taill\u00e9e sur le devant<\/li>\n<li>Longues poign\u00e9es pour une utilisation pratique au quotidien<\/li>\n<\/ul>\n","protected":false},"excerpt":{"rendered":"<p>Sac \u00e0 provisions en coton avec rayures lilas, volant floral romantique et broderie centrale. F\u00e9minin, pratique et Shabby Chic. <\/p>\n<p>\ud83d\udccf <strong>46 x 36 cm<\/strong><\/p>\n","protected":false},"featured_media":219421,"comment_status":"open","ping_status":"closed","template":"","meta":{"_joinchat":[]},"pwb-brand":[1561],"product_brand":[],"product_cat":[1453],"product_tag":[3379],"class_list":{"0":"post-219422","1":"product","2":"type-product","3":"status-publish","4":"has-post-thumbnail","6":"pwb-brand-blanc-mariclo-fr","7":"product_cat-vetements","8":"product_tag-linda-collection","10":"first","11":"instock","12":"taxable","13":"shipping-taxable","14":"purchasable","15":"product-type-simple"},"brands":[{"id":1561,"name":"Blanc Mariclo","slug":"blanc-mariclo-fr"}],"_links":{"self":[{"href":"https:\/\/www.tendenzeshabbychic.it\/fr\/wp-json\/wp\/v2\/product\/219422","targetHints":{"allow":["GET"]}}],"collection":[{"href":"https:\/\/www.tendenzeshabbychic.it\/fr\/wp-json\/wp\/v2\/product"}],"about":[{"href":"https:\/\/www.tendenzeshabbychic.it\/fr\/wp-json\/wp\/v2\/types\/product"}],"replies":[{"embeddable":true,"href":"https:\/\/www.tendenzeshabbychic.it\/fr\/wp-json\/wp\/v2\/comments?post=219422"}],"wp:featuredmedia":[{"embeddable":true,"href":"https:\/\/www.tendenzeshabbychic.it\/fr\/wp-json\/wp\/v2\/media\/219421"}],"wp:attachment":[{"href":"https:\/\/www.tendenzeshabbychic.it\/fr\/wp-json\/wp\/v2\/media?parent=219422"}],"wp:term":[{"taxonomy":"pwb-brand","embeddable":true,"href":"https:\/\/www.tendenzeshabbychic.it\/fr\/wp-json\/wp\/v2\/pwb-brand?post=219422"},{"taxonomy":"product_brand","embeddable":true,"href":"https:\/\/www.tendenzeshabbychic.it\/fr\/wp-json\/wp\/v2\/product_brand?post=219422"},{"taxonomy":"product_cat","embeddable":true,"href":"https:\/\/www.tendenzeshabbychic.it\/fr\/wp-json\/wp\/v2\/product_cat?post=219422"},{"taxonomy":"product_tag","embeddable":true,"href":"https:\/\/www.tendenzeshabbychic.it\/fr\/wp-json\/wp\/v2\/product_tag?post=219422"}],"curies":[{"name":"wp","href":"https:\/\/api.w.org\/{rel}","templated":true}]}}