{"id":219316,"date":"2026-01-15T01:15:50","date_gmt":"2026-01-15T00:15:50","guid":{"rendered":"https:\/\/www.tendenzeshabbychic.it\/prodotto\/sac-blanc-mariclo-avec-2-torchons-en-coton\/"},"modified":"2026-01-10T01:15:50","modified_gmt":"2026-01-10T00:15:50","slug":"sac-blanc-mariclo-avec-2-torchons-en-coton","status":"publish","type":"product","link":"https:\/\/www.tendenzeshabbychic.it\/fr\/produit\/sac-blanc-mariclo-avec-2-torchons-en-coton\/","title":{"rendered":"Sac Blanc MariClo avec 2 torchons en coton"},"content":{"rendered":"<p>Sac raffin\u00e9 Blanc MariClo en 100% coton, con\u00e7u pour contenir deux torchons assortis dans un style romantique. Le tissu pr\u00e9sente un d\u00e9licat motif floral avec des bourgeons et des feuilles dans les tons rose et vert sauge, sur un fond clair. <\/p>\n<p>\u00c0 l&rsquo;int\u00e9rieur se trouvent deux torchons roul\u00e9s : l&rsquo;un avec un imprim\u00e9 floral assorti et l&rsquo;autre en tissu gaufr\u00e9 vert fonc\u00e9, doux et absorbant. La poign\u00e9e pratique en coton permet de le suspendre facilement ou de l&rsquo;utiliser comme un \u00e9l\u00e9gant coffret cadeau. Id\u00e9al pour enrichir la cuisine dans un style Shabby Chic ou comme id\u00e9e de cadeau r\u00e9fl\u00e9chi et fonctionnel.  <\/p>\n<p><strong>Points forts<\/strong><\/p>\n<ul>\n<li>100% coton naturel<\/li>\n<li>Deux torchons assortis inclus<\/li>\n<li>Motif floral romantique<\/li>\n<li>Torchon gaufr\u00e9 doux et absorbant<\/li>\n<li>Sac r\u00e9utilisable et d\u00e9coratif<\/li>\n<\/ul>\n","protected":false},"excerpt":{"rendered":"<p>Sac en coton avec deux torchons assortis, motif floral romantique et tons naturels. El\u00e9gant et pratique pour la cuisine. <\/p>\n<p>\ud83d\udccf 40 x 70 cm<\/p>\n","protected":false},"featured_media":219295,"comment_status":"closed","ping_status":"closed","template":"","meta":{"_joinchat":[]},"pwb-brand":[1561],"product_brand":[],"product_cat":[1470,1472],"product_tag":[],"class_list":{"0":"post-219316","1":"product","2":"type-product","3":"status-publish","4":"has-post-thumbnail","6":"pwb-brand-blanc-mariclo-fr","7":"product_cat-textiles-de-cuisine","8":"product_cat-cuisine","10":"first","11":"instock","12":"taxable","13":"shipping-taxable","14":"purchasable","15":"product-type-simple"},"brands":[{"id":1561,"name":"Blanc Mariclo","slug":"blanc-mariclo-fr"}],"_links":{"self":[{"href":"https:\/\/www.tendenzeshabbychic.it\/fr\/wp-json\/wp\/v2\/product\/219316","targetHints":{"allow":["GET"]}}],"collection":[{"href":"https:\/\/www.tendenzeshabbychic.it\/fr\/wp-json\/wp\/v2\/product"}],"about":[{"href":"https:\/\/www.tendenzeshabbychic.it\/fr\/wp-json\/wp\/v2\/types\/product"}],"replies":[{"embeddable":true,"href":"https:\/\/www.tendenzeshabbychic.it\/fr\/wp-json\/wp\/v2\/comments?post=219316"}],"wp:featuredmedia":[{"embeddable":true,"href":"https:\/\/www.tendenzeshabbychic.it\/fr\/wp-json\/wp\/v2\/media\/219295"}],"wp:attachment":[{"href":"https:\/\/www.tendenzeshabbychic.it\/fr\/wp-json\/wp\/v2\/media?parent=219316"}],"wp:term":[{"taxonomy":"pwb-brand","embeddable":true,"href":"https:\/\/www.tendenzeshabbychic.it\/fr\/wp-json\/wp\/v2\/pwb-brand?post=219316"},{"taxonomy":"product_brand","embeddable":true,"href":"https:\/\/www.tendenzeshabbychic.it\/fr\/wp-json\/wp\/v2\/product_brand?post=219316"},{"taxonomy":"product_cat","embeddable":true,"href":"https:\/\/www.tendenzeshabbychic.it\/fr\/wp-json\/wp\/v2\/product_cat?post=219316"},{"taxonomy":"product_tag","embeddable":true,"href":"https:\/\/www.tendenzeshabbychic.it\/fr\/wp-json\/wp\/v2\/product_tag?post=219316"}],"curies":[{"name":"wp","href":"https:\/\/api.w.org\/{rel}","templated":true}]}}