{"id":219101,"date":"2026-01-15T21:28:41","date_gmt":"2026-01-15T20:28:41","guid":{"rendered":"https:\/\/www.tendenzeshabbychic.it\/prodotto\/blanc-mariclo-torchon-linda-collection-50x70-cm\/"},"modified":"2025-12-16T11:35:41","modified_gmt":"2025-12-16T10:35:41","slug":"blanc-mariclo-torchon-linda-collection-50x70-cm","status":"publish","type":"product","link":"https:\/\/www.tendenzeshabbychic.it\/fr\/produit\/blanc-mariclo-torchon-linda-collection-50x70-cm\/","title":{"rendered":"Blanc MariCl\u00f2 Torchon Linda Collection 50&#215;70 cm"},"content":{"rendered":"<p>Ce torchon de la <strong>collection Linda<\/strong> de Blanc MariCl\u00f2 allie esth\u00e9tique et praticit\u00e9. R\u00e9alis\u00e9 en coton m\u00e9lang\u00e9 r\u00e9sistant (70 % de coton et 30 % de fibres synth\u00e9tiques), il se caract\u00e9rise par un imprim\u00e9 \u00e0 grands carreaux bleus et blancs de style classique, agr\u00e9ment\u00e9 d&rsquo;un volant floral boucl\u00e9 de 5 cm dans le bas. <\/p>\n<p>Parfait pour apporter une touche Country Chic \u00e0 la cuisine, il peut \u00e9galement \u00eatre utilis\u00e9 comme \u00e9l\u00e9ment d\u00e9coratif apparent. Le tissu garantit une bonne capacit\u00e9 d&rsquo;absorption, tandis que le design en fait un accessoire qui allie fonctionnalit\u00e9 et style. <\/p>\n<ul>\n<li>Motif vichy bleu et blanc intemporel<\/li>\n<li>Volant floral fronc\u00e9 qui conf\u00e8re de l&rsquo;\u00e9l\u00e9gance<\/li>\n<li>Excellente absorption et durabilit\u00e9<\/li>\n<li>Id\u00e9al pour les cuisines campagnardes, proven\u00e7ales ou rustiques<\/li>\n<li>Coordonne avec les sets de table, les serviettes et les chemins de table de la m\u00eame collection.<\/li>\n<\/ul>\n","protected":false},"excerpt":{"rendered":"<p>Torchon \u00e0 carreaux bleus et blancs avec une bordure florale boucl\u00e9e, parfait pour une cuisine romantique de style campagnard.<\/p>\n<p>\ud83d\udccf 50 x 70 cm<\/p>\n","protected":false},"featured_media":219099,"comment_status":"open","ping_status":"closed","template":"","meta":{"_joinchat":[]},"pwb-brand":[1561],"product_brand":[],"product_cat":[1470,1472],"product_tag":[3379,2844],"class_list":{"0":"post-219101","1":"product","2":"type-product","3":"status-publish","4":"has-post-thumbnail","6":"pwb-brand-blanc-mariclo-fr","7":"product_cat-textiles-de-cuisine","8":"product_cat-cuisine","9":"product_tag-linda-collection","10":"product_tag-salle-a-manger","12":"first","13":"instock","14":"taxable","15":"shipping-taxable","16":"purchasable","17":"product-type-simple"},"brands":[{"id":1561,"name":"Blanc Mariclo","slug":"blanc-mariclo-fr"}],"_links":{"self":[{"href":"https:\/\/www.tendenzeshabbychic.it\/fr\/wp-json\/wp\/v2\/product\/219101","targetHints":{"allow":["GET"]}}],"collection":[{"href":"https:\/\/www.tendenzeshabbychic.it\/fr\/wp-json\/wp\/v2\/product"}],"about":[{"href":"https:\/\/www.tendenzeshabbychic.it\/fr\/wp-json\/wp\/v2\/types\/product"}],"replies":[{"embeddable":true,"href":"https:\/\/www.tendenzeshabbychic.it\/fr\/wp-json\/wp\/v2\/comments?post=219101"}],"wp:featuredmedia":[{"embeddable":true,"href":"https:\/\/www.tendenzeshabbychic.it\/fr\/wp-json\/wp\/v2\/media\/219099"}],"wp:attachment":[{"href":"https:\/\/www.tendenzeshabbychic.it\/fr\/wp-json\/wp\/v2\/media?parent=219101"}],"wp:term":[{"taxonomy":"pwb-brand","embeddable":true,"href":"https:\/\/www.tendenzeshabbychic.it\/fr\/wp-json\/wp\/v2\/pwb-brand?post=219101"},{"taxonomy":"product_brand","embeddable":true,"href":"https:\/\/www.tendenzeshabbychic.it\/fr\/wp-json\/wp\/v2\/product_brand?post=219101"},{"taxonomy":"product_cat","embeddable":true,"href":"https:\/\/www.tendenzeshabbychic.it\/fr\/wp-json\/wp\/v2\/product_cat?post=219101"},{"taxonomy":"product_tag","embeddable":true,"href":"https:\/\/www.tendenzeshabbychic.it\/fr\/wp-json\/wp\/v2\/product_tag?post=219101"}],"curies":[{"name":"wp","href":"https:\/\/api.w.org\/{rel}","templated":true}]}}