{"id":219058,"date":"2026-01-15T19:01:52","date_gmt":"2026-01-15T18:01:52","guid":{"rendered":"https:\/\/www.tendenzeshabbychic.it\/prodotto\/blanc-mariclo-pochette-mocha-mousse-20x9-cm\/"},"modified":"2025-12-16T10:47:52","modified_gmt":"2025-12-16T09:47:52","slug":"blanc-mariclo-pochette-mocha-mousse-20x9-cm","status":"publish","type":"product","link":"https:\/\/www.tendenzeshabbychic.it\/fr\/produit\/blanc-mariclo-pochette-mocha-mousse-20x9-cm\/","title":{"rendered":"Blanc MariClo Pochette Mocha Mousse 20&#215;9 cm"},"content":{"rendered":"<p>La pochette <em>Mocha Mousse<\/em> de Blanc MariClo est un accessoire qui allie style vintage et praticit\u00e9. R\u00e9alis\u00e9e en <strong>100% coton<\/strong> doux, elle pr\u00e9sente un <strong>d\u00e9licat imprim\u00e9 floral<\/strong> sur un fond rose poudr\u00e9 qui rappelle les couleurs de la nature en fleurs. La broderie &lsquo;Italian Holiday&rsquo; en relief dans un <strong>bleu poudr\u00e9<\/strong> raffin\u00e9 ajoute une touche nostalgique et artisanale.  <\/p>\n<p>L&rsquo;ouverture zipp\u00e9e est pratique et s\u00fbre, tandis que les <strong>franges taupe<\/strong> sur les c\u00f4t\u00e9s ajoutent du mouvement et de la personnalit\u00e9, parfaites pour un look \u00e0 la fois d\u00e9contract\u00e9 et raffin\u00e9. Id\u00e9al comme sac de voyage, trousse de maquillage ou mini pochette pour garder l&rsquo;essentiel avec vous \u00e0 tout moment. <\/p>\n<p>Un accessoire polyvalent, parfait pour accompagner vos moments les plus insouciants, \u00e9voquant le charme d&rsquo;un \u00e9t\u00e9 italien intemporel.<\/p>\n<ul>\n<li>100% coton doux et durable<\/li>\n<li>Broderie centrale avec inscription \u00ab\u00a0Italian Holiday<\/li>\n<li>Imprim\u00e9 floral \u00e9l\u00e9gant et romantique<\/li>\n<li>Franges lat\u00e9rales d\u00e9coratives<\/li>\n<li>Id\u00e9al pour le voyage, le sac de plage ou l&rsquo;usage quotidien<\/li>\n<\/ul>\n","protected":false},"excerpt":{"rendered":"<p>Pochette 100% coton de la collection <em>Mocha Mousse<\/em>, avec un imprim\u00e9 floral romantique sur une base rose poudr\u00e9. La broderie centrale \u00a0\u00bb Italian Holiday \u00a0\u00bb en fil bleu poudr\u00e9 et les franges lat\u00e9rales couleur tourterelle apportent une touche boho-chic parfaite pour l&rsquo;\u00e9t\u00e9. <\/p>\n<p>\ud83d\udccf 20 x 3 x 9 cm<\/p>\n","protected":false},"featured_media":219051,"comment_status":"open","ping_status":"closed","template":"","meta":{"_joinchat":[]},"pwb-brand":[1561],"product_brand":[],"product_cat":[1496,1463],"product_tag":[],"class_list":{"0":"post-219058","1":"product","2":"type-product","3":"status-publish","4":"has-post-thumbnail","6":"pwb-brand-blanc-mariclo-fr","7":"product_cat-mer","8":"product_cat-accessoires-de-bains","10":"first","11":"instock","12":"taxable","13":"shipping-taxable","14":"purchasable","15":"product-type-simple"},"brands":[{"id":1561,"name":"Blanc Mariclo","slug":"blanc-mariclo-fr"}],"_links":{"self":[{"href":"https:\/\/www.tendenzeshabbychic.it\/fr\/wp-json\/wp\/v2\/product\/219058","targetHints":{"allow":["GET"]}}],"collection":[{"href":"https:\/\/www.tendenzeshabbychic.it\/fr\/wp-json\/wp\/v2\/product"}],"about":[{"href":"https:\/\/www.tendenzeshabbychic.it\/fr\/wp-json\/wp\/v2\/types\/product"}],"replies":[{"embeddable":true,"href":"https:\/\/www.tendenzeshabbychic.it\/fr\/wp-json\/wp\/v2\/comments?post=219058"}],"wp:featuredmedia":[{"embeddable":true,"href":"https:\/\/www.tendenzeshabbychic.it\/fr\/wp-json\/wp\/v2\/media\/219051"}],"wp:attachment":[{"href":"https:\/\/www.tendenzeshabbychic.it\/fr\/wp-json\/wp\/v2\/media?parent=219058"}],"wp:term":[{"taxonomy":"pwb-brand","embeddable":true,"href":"https:\/\/www.tendenzeshabbychic.it\/fr\/wp-json\/wp\/v2\/pwb-brand?post=219058"},{"taxonomy":"product_brand","embeddable":true,"href":"https:\/\/www.tendenzeshabbychic.it\/fr\/wp-json\/wp\/v2\/product_brand?post=219058"},{"taxonomy":"product_cat","embeddable":true,"href":"https:\/\/www.tendenzeshabbychic.it\/fr\/wp-json\/wp\/v2\/product_cat?post=219058"},{"taxonomy":"product_tag","embeddable":true,"href":"https:\/\/www.tendenzeshabbychic.it\/fr\/wp-json\/wp\/v2\/product_tag?post=219058"}],"curies":[{"name":"wp","href":"https:\/\/api.w.org\/{rel}","templated":true}]}}