{"id":218967,"date":"2026-01-15T19:01:09","date_gmt":"2026-01-15T18:01:09","guid":{"rendered":"https:\/\/www.tendenzeshabbychic.it\/prodotto\/blanc-mariclo-paire-deponge-a-mousse-moka-40x60-60x100\/"},"modified":"2025-12-15T15:32:09","modified_gmt":"2025-12-15T14:32:09","slug":"blanc-mariclo-paire-deponge-a-mousse-moka-40x60-60x100","status":"publish","type":"product","link":"https:\/\/www.tendenzeshabbychic.it\/fr\/produit\/blanc-mariclo-paire-deponge-a-mousse-moka-40x60-60x100\/","title":{"rendered":"Blanc MariCl\u00f2 Paire d&rsquo;\u00e9ponge \u00e0 mousse moka 40&#215;60 &#8211; 60&#215;100"},"content":{"rendered":"<p>La paire d&rsquo;\u00e9ponges <em style=\"font-size: 14.4px;\">Mousse M<\/em>oka<span style=\"font-size: 14.4px;\">  by Blanc MariCl\u00f2 est un ensemble sophistiqu\u00e9 compos\u00e9 d&rsquo;une serviette de toilette et d&rsquo;une serviette d&rsquo;invit\u00e9 en 100% coton \u00e0 haut grammage (420 g\/m\u00b2). Caract\u00e9ris\u00e9es par un traitement compact et absorbant, elles sont disponibles en 3 teintes sophistiqu\u00e9es et vendues \u00e0 l&rsquo;unit\u00e9. <\/span><\/p>\n<p>Leurs dimensions pratiques et leur design discret les rendent id\u00e9ales pour la salle de bains de tous les jours, mais elles constituent \u00e9galement une id\u00e9e de cadeau \u00e9l\u00e9gante ou un compl\u00e9ment pour les chambres d&rsquo;h\u00f4tes et les maisons de vacances Country Chic.<\/p>\n<ul>\n<li>420gsm 100% coton \u00e9ponge : doux, absorbant et durable<\/li>\n<li>Disponible en 3 couleurs neutres et \u00e9l\u00e9gantes<\/li>\n<li>Combinaison parfaite entre le visage et l&rsquo;invit\u00e9<\/li>\n<li>Un design simple et polyvalent pour toutes les salles de bains<\/li>\n<li>Collection <em>Mocha Mousse de<\/em> Blanc MariCl\u00f2<\/li>\n<\/ul>\n","protected":false},"excerpt":{"rendered":"<p>Ensemble visage et invit\u00e9s en \u00e9ponge 100% coton 420gsm. Collection Mocha Mousse, en 3 variations \u00e9l\u00e9gantes. <\/p>\n<p>\ud83d\udccf 40 x 60 cm (invit\u00e9)<br \/>\n\ud83d\udccf 60 x 100 cm (visage)<\/p>\n","protected":false},"featured_media":218956,"comment_status":"open","ping_status":"closed","template":"","meta":{"_joinchat":[]},"pwb-brand":[1561],"product_brand":[],"product_cat":[1473,1464],"product_tag":[],"class_list":{"0":"post-218967","1":"product","2":"type-product","3":"status-publish","4":"has-post-thumbnail","6":"pwb-brand-blanc-mariclo-fr","7":"product_cat-serviettes","8":"product_cat-la-salle-de-bains","9":"pa_colore-beige-fr","10":"pa_colore-tourterelle","11":"pa_colore-vert","13":"first","14":"instock","15":"taxable","16":"shipping-taxable","17":"purchasable","18":"product-type-variable"},"brands":[{"id":1561,"name":"Blanc Mariclo","slug":"blanc-mariclo-fr"}],"_links":{"self":[{"href":"https:\/\/www.tendenzeshabbychic.it\/fr\/wp-json\/wp\/v2\/product\/218967","targetHints":{"allow":["GET"]}}],"collection":[{"href":"https:\/\/www.tendenzeshabbychic.it\/fr\/wp-json\/wp\/v2\/product"}],"about":[{"href":"https:\/\/www.tendenzeshabbychic.it\/fr\/wp-json\/wp\/v2\/types\/product"}],"replies":[{"embeddable":true,"href":"https:\/\/www.tendenzeshabbychic.it\/fr\/wp-json\/wp\/v2\/comments?post=218967"}],"wp:featuredmedia":[{"embeddable":true,"href":"https:\/\/www.tendenzeshabbychic.it\/fr\/wp-json\/wp\/v2\/media\/218956"}],"wp:attachment":[{"href":"https:\/\/www.tendenzeshabbychic.it\/fr\/wp-json\/wp\/v2\/media?parent=218967"}],"wp:term":[{"taxonomy":"pwb-brand","embeddable":true,"href":"https:\/\/www.tendenzeshabbychic.it\/fr\/wp-json\/wp\/v2\/pwb-brand?post=218967"},{"taxonomy":"product_brand","embeddable":true,"href":"https:\/\/www.tendenzeshabbychic.it\/fr\/wp-json\/wp\/v2\/product_brand?post=218967"},{"taxonomy":"product_cat","embeddable":true,"href":"https:\/\/www.tendenzeshabbychic.it\/fr\/wp-json\/wp\/v2\/product_cat?post=218967"},{"taxonomy":"product_tag","embeddable":true,"href":"https:\/\/www.tendenzeshabbychic.it\/fr\/wp-json\/wp\/v2\/product_tag?post=218967"}],"curies":[{"name":"wp","href":"https:\/\/api.w.org\/{rel}","templated":true}]}}