{"id":218948,"date":"2026-01-15T19:24:49","date_gmt":"2026-01-15T18:24:49","guid":{"rendered":"https:\/\/www.tendenzeshabbychic.it\/prodotto\/blanc-mariclo-couette-double-naturelle-260x260-sangallo-summer-2-taies-doreiller\/"},"modified":"2026-04-06T11:11:45","modified_gmt":"2026-04-06T09:11:45","slug":"blanc-mariclo-couette-double-naturelle-260x260-sangallo-summer-2-taies-doreiller","status":"publish","type":"product","link":"https:\/\/www.tendenzeshabbychic.it\/fr\/produit\/blanc-mariclo-couette-double-naturelle-260x260-sangallo-summer-2-taies-doreiller\/","title":{"rendered":"Blanc MariClo&rsquo; couette double naturelle 260&#215;260 Sangallo Summer + 2 taies d&rsquo;oreiller"},"content":{"rendered":"<p>L&rsquo;\u00e9dredon double Blanc MariClo&rsquo; Estate de Blanc MariClo conf\u00e8re au lit une \u00e9l\u00e9gance fra\u00eeche et lumineuse. R\u00e9alis\u00e9 en 100% microfibre, il est l\u00e9ger et doux, id\u00e9al pour la mi-saison gr\u00e2ce au garnissage de 200 g\/m\u00b2 qui r\u00e9chauffe sans alourdir. Le matelassage en losange donne de l&rsquo;ordre et du volume, tandis que la g\u00e9n\u00e9reuse gala de dentelle sangallo, avec bord festonn\u00e9 et petit ajour\u00e9, d\u00e9limite le p\u00e9rim\u00e8tre avec un d\u00e9licat motif romantique. Les deux taies d&rsquo;oreiller assorties compl\u00e8tent l&rsquo;ensemble et cr\u00e9ent un effet \u00ab\u00a0suite\u00a0\u00bb parfait dans les chambres Shabby Chic ou classiques contemporaines. Associez-les \u00e0 des draps unis, des oreillers d\u00e9coratifs et des plaids ton sur ton pour un lit toujours bien entretenu.    <\/p>\n<ul>\n<li>Ensemble double : couette 260&#215;260 cm + 2 taies d&rsquo;oreiller assorties<\/li>\n<li>Tissu 100% microfibre : doux, l\u00e9ger et facile \u00e0 laver<\/li>\n<li>200 g\/m\u00b2 de rembourrage, id\u00e9al pour le printemps et l&rsquo;\u00e9t\u00e9<\/li>\n<li>Piquage en losange avec une \u00e9l\u00e9gante dentelle sangallo festonn\u00e9e de gala.<\/li>\n<li>Parfait pour les pi\u00e8ces romantiques, Shabby Chic et lumineuses<\/li>\n<\/ul>\n<p>Compl\u00e9tez le lit avec nos <a href=\"https:\/\/www.tendenzeshabbychic.it\/fr\/categorie-de-produit\/le-lit\/feuilles\/feuilles-doubles\/\">draps doubles<\/a> et ajoutez des <a href=\"https:\/\/www.tendenzeshabbychic.it\/fr\/categorie-de-produit\/coussins\/\">oreillers d\u00e9coratifs<\/a> pour une chambre de r\u00eave.<\/p>\n","protected":false},"excerpt":{"rendered":"<p>Couette double piqu\u00e9e de diamants naturels avec bordure de dentelle sangallo festonn\u00e9e, accompagn\u00e9e de deux taies d&rsquo;oreiller assorties.<br \/>\n\ud83d\udccf Couette 260 x 260 cm &#8211; 2 taies d&rsquo;oreiller 50 x 80 cm<\/p>\n","protected":false},"featured_media":218941,"comment_status":"open","ping_status":"closed","template":"","meta":{"_joinchat":[]},"pwb-brand":[1561],"product_brand":[],"product_cat":[1483,1475,1482],"product_tag":[2847,3371],"class_list":{"0":"post-218948","1":"product","2":"type-product","3":"status-publish","4":"has-post-thumbnail","6":"pwb-brand-blanc-mariclo-fr","7":"product_cat-quilts-doubles","8":"product_cat-le-lit","9":"product_cat-quilts","10":"product_tag-chambre","11":"product_tag-collection-printemps-ete","13":"first","14":"instock","15":"taxable","16":"shipping-taxable","17":"purchasable","18":"product-type-simple"},"brands":[{"id":1561,"name":"Blanc Mariclo","slug":"blanc-mariclo-fr"}],"_links":{"self":[{"href":"https:\/\/www.tendenzeshabbychic.it\/fr\/wp-json\/wp\/v2\/product\/218948","targetHints":{"allow":["GET"]}}],"collection":[{"href":"https:\/\/www.tendenzeshabbychic.it\/fr\/wp-json\/wp\/v2\/product"}],"about":[{"href":"https:\/\/www.tendenzeshabbychic.it\/fr\/wp-json\/wp\/v2\/types\/product"}],"replies":[{"embeddable":true,"href":"https:\/\/www.tendenzeshabbychic.it\/fr\/wp-json\/wp\/v2\/comments?post=218948"}],"wp:featuredmedia":[{"embeddable":true,"href":"https:\/\/www.tendenzeshabbychic.it\/fr\/wp-json\/wp\/v2\/media\/218941"}],"wp:attachment":[{"href":"https:\/\/www.tendenzeshabbychic.it\/fr\/wp-json\/wp\/v2\/media?parent=218948"}],"wp:term":[{"taxonomy":"pwb-brand","embeddable":true,"href":"https:\/\/www.tendenzeshabbychic.it\/fr\/wp-json\/wp\/v2\/pwb-brand?post=218948"},{"taxonomy":"product_brand","embeddable":true,"href":"https:\/\/www.tendenzeshabbychic.it\/fr\/wp-json\/wp\/v2\/product_brand?post=218948"},{"taxonomy":"product_cat","embeddable":true,"href":"https:\/\/www.tendenzeshabbychic.it\/fr\/wp-json\/wp\/v2\/product_cat?post=218948"},{"taxonomy":"product_tag","embeddable":true,"href":"https:\/\/www.tendenzeshabbychic.it\/fr\/wp-json\/wp\/v2\/product_tag?post=218948"}],"curies":[{"name":"wp","href":"https:\/\/api.w.org\/{rel}","templated":true}]}}