{"id":218927,"date":"2026-01-15T19:18:28","date_gmt":"2026-01-15T18:18:28","guid":{"rendered":"https:\/\/www.tendenzeshabbychic.it\/prodotto\/blanc-mariclo-lift-3-etageres-artemisia-h-60-cm\/"},"modified":"2025-12-12T11:27:28","modified_gmt":"2025-12-12T10:27:28","slug":"blanc-mariclo-lift-3-etageres-artemisia-h-60-cm","status":"publish","type":"product","link":"https:\/\/www.tendenzeshabbychic.it\/fr\/produit\/blanc-mariclo-lift-3-etageres-artemisia-h-60-cm\/","title":{"rendered":"Blanc MariCl\u00f2 Lift 3 \u00e9tag\u00e8res Artemisia h 60 cm"},"content":{"rendered":"<p>Le<strong>r\u00e9hausseur 3 \u00e9tages Blanc MariCl\u00f2 de la collection Artemisia<\/strong> est un \u00e9l\u00e9ment de grand impact visuel, id\u00e9al pour mettre en valeur les tables \u00e9l\u00e9gantes et les ambiances raffin\u00e9es. R\u00e9alis\u00e9 avec des plaques en verre transparent travaill\u00e9 et une structure en laiton finement d\u00e9cor\u00e9e, il pr\u00e9sente des lignes sinueuses, des boucles ornementales et des d\u00e9tails floraux qui rappellent le style romantique classique. La structure \u00e9lanc\u00e9e avec poign\u00e9e sup\u00e9rieure rend le r\u00e9hausseur pratique \u00e0 d\u00e9placer et parfait pour servir des g\u00e2teaux, des p\u00e2tisseries, des fruits ou des amuse-gueules, mais aussi comme pi\u00e8ce ma\u00eetresse d\u00e9corative pour les occasions sp\u00e9ciales. Une pi\u00e8ce embl\u00e9matique qui peut \u00eatre coordonn\u00e9e avec tous les autres articles de la collection Artemisia.   <\/p>\n<ul>\n<li>Cadre en laiton avec d&rsquo;\u00e9l\u00e9gantes boucles d\u00e9coratives<\/li>\n<li>Trois plateaux en verre transparent travaill\u00e9<\/li>\n<li>Design \u00e9pur\u00e9 et sc\u00e9nique<\/li>\n<li>Id\u00e9al pour les desserts, les buffets et les mises en place raffin\u00e9es<\/li>\n<li>Parfait dans les d\u00e9cors Shabby Chic et classiques<\/li>\n<\/ul>\n","protected":false},"excerpt":{"rendered":"<p>\u00c9l\u00e9gant r\u00e9hausseur \u00e0 trois niveaux en verre et en laiton avec des d\u00e9corations classiques. Parfait pour servir et d\u00e9corer avec \u00e9l\u00e9gance. <\/p>\n<p>\ud83d\udccf 35 x 35 x H 60 cm<\/p>\n","protected":false},"featured_media":218856,"comment_status":"open","ping_status":"closed","template":"","meta":{"_joinchat":[]},"pwb-brand":[1561],"product_brand":[],"product_cat":[1527,2943],"product_tag":[3370],"class_list":{"0":"post-218927","1":"product","2":"type-product","3":"status-publish","4":"has-post-thumbnail","6":"pwb-brand-blanc-mariclo-fr","7":"product_cat-plateaux","8":"product_cat-vaisselle","9":"product_tag-collection-artemisia","11":"first","12":"instock","13":"taxable","14":"shipping-taxable","15":"purchasable","16":"product-type-simple"},"brands":[{"id":1561,"name":"Blanc Mariclo","slug":"blanc-mariclo-fr"}],"_links":{"self":[{"href":"https:\/\/www.tendenzeshabbychic.it\/fr\/wp-json\/wp\/v2\/product\/218927","targetHints":{"allow":["GET"]}}],"collection":[{"href":"https:\/\/www.tendenzeshabbychic.it\/fr\/wp-json\/wp\/v2\/product"}],"about":[{"href":"https:\/\/www.tendenzeshabbychic.it\/fr\/wp-json\/wp\/v2\/types\/product"}],"replies":[{"embeddable":true,"href":"https:\/\/www.tendenzeshabbychic.it\/fr\/wp-json\/wp\/v2\/comments?post=218927"}],"wp:featuredmedia":[{"embeddable":true,"href":"https:\/\/www.tendenzeshabbychic.it\/fr\/wp-json\/wp\/v2\/media\/218856"}],"wp:attachment":[{"href":"https:\/\/www.tendenzeshabbychic.it\/fr\/wp-json\/wp\/v2\/media?parent=218927"}],"wp:term":[{"taxonomy":"pwb-brand","embeddable":true,"href":"https:\/\/www.tendenzeshabbychic.it\/fr\/wp-json\/wp\/v2\/pwb-brand?post=218927"},{"taxonomy":"product_brand","embeddable":true,"href":"https:\/\/www.tendenzeshabbychic.it\/fr\/wp-json\/wp\/v2\/product_brand?post=218927"},{"taxonomy":"product_cat","embeddable":true,"href":"https:\/\/www.tendenzeshabbychic.it\/fr\/wp-json\/wp\/v2\/product_cat?post=218927"},{"taxonomy":"product_tag","embeddable":true,"href":"https:\/\/www.tendenzeshabbychic.it\/fr\/wp-json\/wp\/v2\/product_tag?post=218927"}],"curies":[{"name":"wp","href":"https:\/\/api.w.org\/{rel}","templated":true}]}}