{"id":218813,"date":"2026-01-15T19:16:52","date_gmt":"2026-01-15T18:16:52","guid":{"rendered":"https:\/\/www.tendenzeshabbychic.it\/prodotto\/blanc-mariclo-bougeoir-andromede-h-26-cm\/"},"modified":"2025-12-12T10:08:52","modified_gmt":"2025-12-12T09:08:52","slug":"blanc-mariclo-bougeoir-andromede-h-26-cm","status":"publish","type":"product","link":"https:\/\/www.tendenzeshabbychic.it\/fr\/produit\/blanc-mariclo-bougeoir-andromede-h-26-cm\/","title":{"rendered":"Blanc MariCl\u00f2 Bougeoir Androm\u00e8de H 26 cm"},"content":{"rendered":"<p>Le bougeoir Blanc MariCl\u00f2 de la collection Andromeda est r\u00e9alis\u00e9 en m\u00e9tal avec une finition brunie raffin\u00e9e, \u00e0 l&rsquo;aspect l\u00e9g\u00e8rement mat et us\u00e9. La structure haute et \u00e9lanc\u00e9e donne de la verticalit\u00e9 \u00e0 la composition, tandis que la base ronde garantit la stabilit\u00e9. La forme du support de la tige met en valeur les longues bougies, en cr\u00e9ant des jeux de lumi\u00e8re chauds et suggestifs. Id\u00e9al sur des tables importantes, des consoles ou en combinaison avec d&rsquo;autres bougeoirs de diff\u00e9rentes hauteurs pour un \u00e9l\u00e9gant effet Shabby Chic.   <\/p>\n<ul>\n<li>M\u00e9tal bruni avec effet textur\u00e9 chaud<\/li>\n<li>Design \u00e9pur\u00e9 et \u00e9l\u00e9gant<\/li>\n<li>Base large et stable<\/li>\n<li>Parfait pour les compositions avec des bougies \u00e0 tige<\/li>\n<li>Coordonne avec les autres mod\u00e8les Androm\u00e8de<\/li>\n<\/ul>\n","protected":false},"excerpt":{"rendered":"<p>Bougeoir en m\u00e9tal bruni au profil \u00e9l\u00e9gant et \u00e0 la finition chaleureuse. Un ajout \u00e9l\u00e9gant \u00e0 la collection Andromeda. <\/p>\n<p>\ud83d\udccf 6 x 6 x H 26 cm<\/p>\n","protected":false},"featured_media":218805,"comment_status":"open","ping_status":"closed","template":"","meta":{"_joinchat":[]},"pwb-brand":[1561],"product_brand":[],"product_cat":[2950,1459],"product_tag":[],"class_list":{"0":"post-218813","1":"product","2":"type-product","3":"status-publish","4":"has-post-thumbnail","6":"pwb-brand-blanc-mariclo-fr","7":"product_cat-candelabre","8":"product_cat-chandeliers-et-bougeoirs","10":"first","11":"instock","12":"taxable","13":"shipping-taxable","14":"purchasable","15":"product-type-simple"},"brands":[{"id":1561,"name":"Blanc Mariclo","slug":"blanc-mariclo-fr"}],"_links":{"self":[{"href":"https:\/\/www.tendenzeshabbychic.it\/fr\/wp-json\/wp\/v2\/product\/218813","targetHints":{"allow":["GET"]}}],"collection":[{"href":"https:\/\/www.tendenzeshabbychic.it\/fr\/wp-json\/wp\/v2\/product"}],"about":[{"href":"https:\/\/www.tendenzeshabbychic.it\/fr\/wp-json\/wp\/v2\/types\/product"}],"replies":[{"embeddable":true,"href":"https:\/\/www.tendenzeshabbychic.it\/fr\/wp-json\/wp\/v2\/comments?post=218813"}],"wp:featuredmedia":[{"embeddable":true,"href":"https:\/\/www.tendenzeshabbychic.it\/fr\/wp-json\/wp\/v2\/media\/218805"}],"wp:attachment":[{"href":"https:\/\/www.tendenzeshabbychic.it\/fr\/wp-json\/wp\/v2\/media?parent=218813"}],"wp:term":[{"taxonomy":"pwb-brand","embeddable":true,"href":"https:\/\/www.tendenzeshabbychic.it\/fr\/wp-json\/wp\/v2\/pwb-brand?post=218813"},{"taxonomy":"product_brand","embeddable":true,"href":"https:\/\/www.tendenzeshabbychic.it\/fr\/wp-json\/wp\/v2\/product_brand?post=218813"},{"taxonomy":"product_cat","embeddable":true,"href":"https:\/\/www.tendenzeshabbychic.it\/fr\/wp-json\/wp\/v2\/product_cat?post=218813"},{"taxonomy":"product_tag","embeddable":true,"href":"https:\/\/www.tendenzeshabbychic.it\/fr\/wp-json\/wp\/v2\/product_tag?post=218813"}],"curies":[{"name":"wp","href":"https:\/\/api.w.org\/{rel}","templated":true}]}}