{"id":218803,"date":"2026-01-15T19:16:02","date_gmt":"2026-01-15T18:16:02","guid":{"rendered":"https:\/\/www.tendenzeshabbychic.it\/prodotto\/blanc-mariclo-bougeoir-andromeda-h-20-cm\/"},"modified":"2025-12-12T10:04:02","modified_gmt":"2025-12-12T09:04:02","slug":"blanc-mariclo-bougeoir-andromeda-h-20-cm","status":"publish","type":"product","link":"https:\/\/www.tendenzeshabbychic.it\/fr\/produit\/blanc-mariclo-bougeoir-andromeda-h-20-cm\/","title":{"rendered":"Blanc MariCl\u00f2 Bougeoir Andromeda H 20 cm"},"content":{"rendered":"<p>Ce bougeoir Blanc MariCl\u00f2 de la collection Andromeda est r\u00e9alis\u00e9 en m\u00e9tal avec une finition raffin\u00e9e, l\u00e9g\u00e8rement mate et brunie. La ligne subtile et \u00e9l\u00e9gante est rehauss\u00e9e par une base ronde stable et un bougeoir en forme, qui accueille gracieusement des bougies \u00e0 tige. Parfait pour cr\u00e9er des atmosph\u00e8res chaleureuses et sophistiqu\u00e9es, il est id\u00e9al sur les tables dress\u00e9es, les tables consoles, les chemin\u00e9es ou comme \u00e9l\u00e9ment d\u00e9coratif dans les compositions romantiques et Shabby Chic.  <\/p>\n<ul>\n<li>M\u00e9tal bruni avec effet textur\u00e9 chaud<\/li>\n<li>Design \u00e9pur\u00e9 et \u00e9l\u00e9gant<\/li>\n<li>Base large et stable<\/li>\n<li>Id\u00e9al pour les bougies \u00e0 tige<\/li>\n<li>Style intemporel Blanc MariCl\u00f2<\/li>\n<\/ul>\n","protected":false},"excerpt":{"rendered":"<p>Bougeoir en m\u00e9tal bruni au design \u00e9pur\u00e9, \u00e0 la finition chaleureuse et \u00e0 la base stable. Un classique \u00e9l\u00e9gant de la collection Andromeda. <\/p>\n<p>\ud83d\udccf 6 x 6 x H 20 cm<\/p>\n","protected":false},"featured_media":218795,"comment_status":"open","ping_status":"closed","template":"","meta":{"_joinchat":[]},"pwb-brand":[1561],"product_brand":[],"product_cat":[2950,1459],"product_tag":[],"class_list":{"0":"post-218803","1":"product","2":"type-product","3":"status-publish","4":"has-post-thumbnail","6":"pwb-brand-blanc-mariclo-fr","7":"product_cat-candelabre","8":"product_cat-chandeliers-et-bougeoirs","10":"first","11":"instock","12":"taxable","13":"shipping-taxable","14":"purchasable","15":"product-type-simple"},"brands":[{"id":1561,"name":"Blanc Mariclo","slug":"blanc-mariclo-fr"}],"_links":{"self":[{"href":"https:\/\/www.tendenzeshabbychic.it\/fr\/wp-json\/wp\/v2\/product\/218803","targetHints":{"allow":["GET"]}}],"collection":[{"href":"https:\/\/www.tendenzeshabbychic.it\/fr\/wp-json\/wp\/v2\/product"}],"about":[{"href":"https:\/\/www.tendenzeshabbychic.it\/fr\/wp-json\/wp\/v2\/types\/product"}],"replies":[{"embeddable":true,"href":"https:\/\/www.tendenzeshabbychic.it\/fr\/wp-json\/wp\/v2\/comments?post=218803"}],"wp:featuredmedia":[{"embeddable":true,"href":"https:\/\/www.tendenzeshabbychic.it\/fr\/wp-json\/wp\/v2\/media\/218795"}],"wp:attachment":[{"href":"https:\/\/www.tendenzeshabbychic.it\/fr\/wp-json\/wp\/v2\/media?parent=218803"}],"wp:term":[{"taxonomy":"pwb-brand","embeddable":true,"href":"https:\/\/www.tendenzeshabbychic.it\/fr\/wp-json\/wp\/v2\/pwb-brand?post=218803"},{"taxonomy":"product_brand","embeddable":true,"href":"https:\/\/www.tendenzeshabbychic.it\/fr\/wp-json\/wp\/v2\/product_brand?post=218803"},{"taxonomy":"product_cat","embeddable":true,"href":"https:\/\/www.tendenzeshabbychic.it\/fr\/wp-json\/wp\/v2\/product_cat?post=218803"},{"taxonomy":"product_tag","embeddable":true,"href":"https:\/\/www.tendenzeshabbychic.it\/fr\/wp-json\/wp\/v2\/product_tag?post=218803"}],"curies":[{"name":"wp","href":"https:\/\/api.w.org\/{rel}","templated":true}]}}