{"id":218620,"date":"2026-01-15T19:04:59","date_gmt":"2026-01-15T18:04:59","guid":{"rendered":"https:\/\/www.tendenzeshabbychic.it\/prodotto\/blanc-mariclo-room-spray-woody-warmith-450ml\/"},"modified":"2025-12-11T17:58:59","modified_gmt":"2025-12-11T16:58:59","slug":"blanc-mariclo-room-spray-woody-warmith-450ml","status":"publish","type":"product","link":"https:\/\/www.tendenzeshabbychic.it\/fr\/produit\/blanc-mariclo-room-spray-woody-warmith-450ml\/","title":{"rendered":"Blanc MariCl\u00f2 Room Spray Woody Warmith 450ml"},"content":{"rendered":"<p>Le spray d&rsquo;ambiance <strong>Woody Warmith<\/strong> de la collection <em>Unica Essentia<\/em> de Blanc MariCl\u00f2 est l&rsquo;essence parfaite pour envelopper votre int\u00e9rieur d&rsquo;une atmosph\u00e8re chaleureuse. Pr\u00e9sent\u00e9 dans un \u00e9l\u00e9gant flacon en verre ambr\u00e9 avec vaporisateur \u00e0 g\u00e2chette, il est contenu dans une \u00e9l\u00e9gante bo\u00eete d\u00e9cor\u00e9e dans un style toile de jouy de couleur s\u00e9pia. Ses notes bois\u00e9es et enveloppantes procurent une sensation imm\u00e9diate de confort et de raffinement. Id\u00e9al \u00e0 exposer dans le salon, la chambre ou la salle de bain, c&rsquo;est aussi une excellente id\u00e9e de cadeau pour ceux qui aiment les d\u00e9tails charmants.   <\/p>\n<p><strong>Points forts :<\/strong><\/p>\n<ul>\n<li>Parfum intense et persistant avec des notes bois\u00e9es<\/li>\n<li>\u00c9l\u00e9gant flacon en verre avec diffuseur<\/li>\n<li>Emballage d\u00e9coratif, id\u00e9al pour un cadeau<\/li>\n<li>Id\u00e9al pour toutes les pi\u00e8ces de la maison<\/li>\n<li>Signature exclusive Blanc MariCl\u00f2<\/li>\n<\/ul>\n","protected":false},"excerpt":{"rendered":"<p>Parfum d&rsquo;ambiance \u00e9l\u00e9gant aux notes chaudes et bois\u00e9es. Flacon en verre avec bo\u00eete d\u00e9cor\u00e9e. <\/p>\n<p>\ud83d\udccf <strong>21 x 7 x 7 cm<\/strong><\/p>\n","protected":false},"featured_media":218619,"comment_status":"open","ping_status":"closed","template":"","meta":{"_joinchat":[]},"pwb-brand":[1561],"product_brand":[],"product_cat":[1518,1515],"product_tag":[],"class_list":{"0":"post-218620","1":"product","2":"type-product","3":"status-publish","4":"has-post-thumbnail","6":"pwb-brand-blanc-mariclo-fr","7":"product_cat-spray-fr","8":"product_cat-parfumeurs","10":"first","11":"instock","12":"taxable","13":"shipping-taxable","14":"purchasable","15":"product-type-simple"},"brands":[{"id":1561,"name":"Blanc Mariclo","slug":"blanc-mariclo-fr"}],"_links":{"self":[{"href":"https:\/\/www.tendenzeshabbychic.it\/fr\/wp-json\/wp\/v2\/product\/218620","targetHints":{"allow":["GET"]}}],"collection":[{"href":"https:\/\/www.tendenzeshabbychic.it\/fr\/wp-json\/wp\/v2\/product"}],"about":[{"href":"https:\/\/www.tendenzeshabbychic.it\/fr\/wp-json\/wp\/v2\/types\/product"}],"replies":[{"embeddable":true,"href":"https:\/\/www.tendenzeshabbychic.it\/fr\/wp-json\/wp\/v2\/comments?post=218620"}],"wp:featuredmedia":[{"embeddable":true,"href":"https:\/\/www.tendenzeshabbychic.it\/fr\/wp-json\/wp\/v2\/media\/218619"}],"wp:attachment":[{"href":"https:\/\/www.tendenzeshabbychic.it\/fr\/wp-json\/wp\/v2\/media?parent=218620"}],"wp:term":[{"taxonomy":"pwb-brand","embeddable":true,"href":"https:\/\/www.tendenzeshabbychic.it\/fr\/wp-json\/wp\/v2\/pwb-brand?post=218620"},{"taxonomy":"product_brand","embeddable":true,"href":"https:\/\/www.tendenzeshabbychic.it\/fr\/wp-json\/wp\/v2\/product_brand?post=218620"},{"taxonomy":"product_cat","embeddable":true,"href":"https:\/\/www.tendenzeshabbychic.it\/fr\/wp-json\/wp\/v2\/product_cat?post=218620"},{"taxonomy":"product_tag","embeddable":true,"href":"https:\/\/www.tendenzeshabbychic.it\/fr\/wp-json\/wp\/v2\/product_tag?post=218620"}],"curies":[{"name":"wp","href":"https:\/\/api.w.org\/{rel}","templated":true}]}}