{"id":212851,"date":"2025-12-05T16:43:47","date_gmt":"2025-12-05T15:43:47","guid":{"rendered":"https:\/\/www.tendenzeshabbychic.it\/prodotto\/latelier-17-chemin-de-table-en-vert-foret-50x150\/"},"modified":"2025-12-05T16:43:47","modified_gmt":"2025-12-05T15:43:47","slug":"latelier-17-chemin-de-table-en-vert-foret-50x150","status":"publish","type":"product","link":"https:\/\/www.tendenzeshabbychic.it\/fr\/produit\/latelier-17-chemin-de-table-en-vert-foret-50x150\/","title":{"rendered":"L&rsquo;Atelier 17 Chemin de table en vert for\u00eat 50&#215;150"},"content":{"rendered":"<p>Fabriqu\u00e9 en <strong>100 % coton<\/strong>, le Chemin de table <em>Piper<\/em> dans la variante <strong>vert for\u00eat<\/strong> de L&rsquo;Atelier 17 constitue un choix impeccable pour ceux qui souhaitent d\u00e9corer avec go\u00fbt et sophistication. Les deux c\u00f4t\u00e9s courts sont orn\u00e9s d&rsquo;un <strong>volant de 10 cm en tulle brod\u00e9 transparent<\/strong>, parfaitement assorti au tissu principal avec un riche d\u00e9tail floral ton sur ton. <\/p>\n<p>La teinte vert for\u00eat, profonde et intense, se marie \u00e0 merveille avec les d\u00e9cors naturels, rustiques ou classiques, mais s&rsquo;impose \u00e9galement sur les tables modernes gr\u00e2ce \u00e0 son \u00e9l\u00e9gance intemporelle. La broderie d\u00e9licate sur le tulle donne du mouvement et de la l\u00e9g\u00e8ret\u00e9, cr\u00e9ant un jeu de transparences raffin\u00e9. <\/p>\n<p><strong>Points forts :<\/strong><\/p>\n<ul>\n<li>Coton de haute qualit\u00e9, 100 % doux et durable<\/li>\n<li>Volant de dentelle ton sur ton brod\u00e9 sur tulle<\/li>\n<li>Vert for\u00eat profond et polyvalent<\/li>\n<li>Design \u00e9l\u00e9gant, id\u00e9al pour les f\u00eates ou pour une utilisation quotidienne raffin\u00e9e<\/li>\n<li>Parfait pour une mise en place d&rsquo;automne, d&rsquo;hiver ou de f\u00eate<\/li>\n<\/ul>\n","protected":false},"excerpt":{"rendered":"<p>Chemin de table exclusif vert for\u00eat avec volant de dentelle ton sur ton raffin\u00e9, parfait pour un d\u00e9cor de table \u00e9l\u00e9gant et saisissant.<\/p>\n<p>\ud83d\udccf 50 x 150 cm<\/p>\n","protected":false},"featured_media":212847,"comment_status":"open","ping_status":"closed","template":"","meta":{"_joinchat":[]},"pwb-brand":[1560],"product_brand":[],"product_cat":[1490,1486],"product_tag":[1296],"class_list":{"0":"post-212851","1":"product","2":"type-product","3":"status-publish","4":"has-post-thumbnail","6":"pwb-brand-atelier-17-fr","7":"product_cat-chemin-de-table","8":"product_cat-la-table","9":"product_tag-idee-de-cadeau","11":"first","12":"instock","13":"sale","14":"taxable","15":"shipping-taxable","16":"purchasable","17":"product-type-simple"},"brands":[{"id":1560,"name":"L\u2019Atelier 17","slug":"atelier-17-fr"}],"_links":{"self":[{"href":"https:\/\/www.tendenzeshabbychic.it\/fr\/wp-json\/wp\/v2\/product\/212851","targetHints":{"allow":["GET"]}}],"collection":[{"href":"https:\/\/www.tendenzeshabbychic.it\/fr\/wp-json\/wp\/v2\/product"}],"about":[{"href":"https:\/\/www.tendenzeshabbychic.it\/fr\/wp-json\/wp\/v2\/types\/product"}],"replies":[{"embeddable":true,"href":"https:\/\/www.tendenzeshabbychic.it\/fr\/wp-json\/wp\/v2\/comments?post=212851"}],"wp:featuredmedia":[{"embeddable":true,"href":"https:\/\/www.tendenzeshabbychic.it\/fr\/wp-json\/wp\/v2\/media\/212847"}],"wp:attachment":[{"href":"https:\/\/www.tendenzeshabbychic.it\/fr\/wp-json\/wp\/v2\/media?parent=212851"}],"wp:term":[{"taxonomy":"pwb-brand","embeddable":true,"href":"https:\/\/www.tendenzeshabbychic.it\/fr\/wp-json\/wp\/v2\/pwb-brand?post=212851"},{"taxonomy":"product_brand","embeddable":true,"href":"https:\/\/www.tendenzeshabbychic.it\/fr\/wp-json\/wp\/v2\/product_brand?post=212851"},{"taxonomy":"product_cat","embeddable":true,"href":"https:\/\/www.tendenzeshabbychic.it\/fr\/wp-json\/wp\/v2\/product_cat?post=212851"},{"taxonomy":"product_tag","embeddable":true,"href":"https:\/\/www.tendenzeshabbychic.it\/fr\/wp-json\/wp\/v2\/product_tag?post=212851"}],"curies":[{"name":"wp","href":"https:\/\/api.w.org\/{rel}","templated":true}]}}