{"id":211672,"date":"2025-08-01T01:00:01","date_gmt":"2025-07-31T23:00:01","guid":{"rendered":"https:\/\/www.tendenzeshabbychic.it\/prodotto\/latelier-17-paire-de-serviettes-detreinte-en-eponge-beige\/"},"modified":"2025-11-23T16:09:24","modified_gmt":"2025-11-23T15:09:24","slug":"latelier-17-paire-de-serviettes-detreinte-en-eponge-beige","status":"publish","type":"product","link":"https:\/\/www.tendenzeshabbychic.it\/fr\/produit\/latelier-17-paire-de-serviettes-detreinte-en-eponge-beige\/","title":{"rendered":"L&rsquo;Atelier 17 Paire de serviettes d&rsquo;\u00e9treinte en \u00e9ponge beige"},"content":{"rendered":"<ul>\n<li>\u00c9ponge douce et absorbante<\/li>\n<li>Broderie de No\u00ebl de haute qualit\u00e9<\/li>\n<li>Conception coordonn\u00e9e : visage + h\u00f4te<\/li>\n<li>Lavable en machine<\/li>\n<\/ul>\n","protected":false},"excerpt":{"rendered":"<p>Set compos\u00e9 de <strong>2 serviettes de No\u00ebl en \u00e9ponge<\/strong> avec broderie ourson et inscription \u00ab\u00a0Abbracciami\u00a0\u00bb :<br \/>\n&#8211; <strong>Serviette visage<\/strong>: 60\u00d7100 cm<br \/>\n&#8211; <strong>Serviette invit\u00e9<\/strong>: 60\u00d740 cm<\/p>\n<p>R\u00e9alis\u00e9es en <strong>\u00e9ponge douce de haute qualit\u00e9<\/strong>, ces serviettes apportent une touche de gaiet\u00e9 et de tendresse \u00e0 la salle de bain gr\u00e2ce au doux ourson avec pull vert, protagoniste de la collection \u00ab\u00a0Abbracciami\u00a0\u00bb.<\/p>\n<p><strong>\ud83c\udf84 Collection :<\/strong> I Natalini<br \/>\n<strong>\ud83c\udf81 Parfait comme id\u00e9e de cadeau ou pour d\u00e9corer la salle de bain pendant les vacances<\/strong><\/p>\n<p><iframe loading=\"lazy\" title=\"L'Atelier 17 serviettes de No\u00ebl\" src=\"https:\/\/www.youtube.com\/embed\/yREBSU2NkUM\" width=\"458\" height=\"815\" frameborder=\"0\" allowfullscreen=\"allowfullscreen\"><\/iframe><\/p>\n","protected":false},"featured_media":211606,"comment_status":"open","ping_status":"closed","template":"","meta":{"_joinchat":[]},"pwb-brand":[449],"product_brand":[],"product_cat":[1473,1464,1503],"product_tag":[523],"class_list":{"0":"post-211672","1":"product","2":"type-product","3":"status-publish","4":"has-post-thumbnail","6":"pwb-brand-atelier-17","7":"product_cat-serviettes","8":"product_cat-la-salle-de-bains","9":"product_cat-noel","10":"product_tag-idea-regalo","12":"first","13":"instock","14":"sale","15":"taxable","16":"shipping-taxable","17":"purchasable","18":"product-type-simple"},"brands":[{"id":1560,"name":"L\u2019Atelier 17","slug":"atelier-17-fr"}],"_links":{"self":[{"href":"https:\/\/www.tendenzeshabbychic.it\/fr\/wp-json\/wp\/v2\/product\/211672","targetHints":{"allow":["GET"]}}],"collection":[{"href":"https:\/\/www.tendenzeshabbychic.it\/fr\/wp-json\/wp\/v2\/product"}],"about":[{"href":"https:\/\/www.tendenzeshabbychic.it\/fr\/wp-json\/wp\/v2\/types\/product"}],"replies":[{"embeddable":true,"href":"https:\/\/www.tendenzeshabbychic.it\/fr\/wp-json\/wp\/v2\/comments?post=211672"}],"wp:featuredmedia":[{"embeddable":true,"href":"https:\/\/www.tendenzeshabbychic.it\/fr\/wp-json\/wp\/v2\/media\/211606"}],"wp:attachment":[{"href":"https:\/\/www.tendenzeshabbychic.it\/fr\/wp-json\/wp\/v2\/media?parent=211672"}],"wp:term":[{"taxonomy":"pwb-brand","embeddable":true,"href":"https:\/\/www.tendenzeshabbychic.it\/fr\/wp-json\/wp\/v2\/pwb-brand?post=211672"},{"taxonomy":"product_brand","embeddable":true,"href":"https:\/\/www.tendenzeshabbychic.it\/fr\/wp-json\/wp\/v2\/product_brand?post=211672"},{"taxonomy":"product_cat","embeddable":true,"href":"https:\/\/www.tendenzeshabbychic.it\/fr\/wp-json\/wp\/v2\/product_cat?post=211672"},{"taxonomy":"product_tag","embeddable":true,"href":"https:\/\/www.tendenzeshabbychic.it\/fr\/wp-json\/wp\/v2\/product_tag?post=211672"}],"curies":[{"name":"wp","href":"https:\/\/api.w.org\/{rel}","templated":true}]}}