{"id":210854,"date":"2025-11-18T08:35:17","date_gmt":"2025-11-18T07:35:17","guid":{"rendered":"https:\/\/www.tendenzeshabbychic.it\/prodotto\/blanc-mariclo-verre-a-bougie-11x11x13-valse-des-neiges-2-tailles\/"},"modified":"2025-11-18T08:35:17","modified_gmt":"2025-11-18T07:35:17","slug":"blanc-mariclo-verre-a-bougie-11x11x13-valse-des-neiges-2-tailles","status":"publish","type":"product","link":"https:\/\/www.tendenzeshabbychic.it\/fr\/produit\/blanc-mariclo-verre-a-bougie-11x11x13-valse-des-neiges-2-tailles\/","title":{"rendered":"Blanc MariCl\u00f2 Verre \u00e0 bougie 11x11x13 Valse des Neiges &#8211; 2 tailles"},"content":{"rendered":"<p>Cette bougie parfum\u00e9e de Blanc MariCl\u00f2 de la collection <em>Valse des Neiges<\/em> prend la forme d&rsquo;un gland de verre aux teintes ambr\u00e9es et aux reflets cuivr\u00e9s. Le couvercle, finement sculpt\u00e9 avec un effet diamant, ajoute une touche sophistiqu\u00e9e et \u00e9tincelante \u00e0 la composition. La flamme diffuse une lumi\u00e8re chaude, cr\u00e9ant des atmosph\u00e8res intimes et chaleureuses, parfaites pour les saisons d&rsquo;hiver et d&rsquo;automne.<br \/>\nId\u00e9al comme pi\u00e8ce ma\u00eetresse, accessoire d&rsquo;ameublement sur les buffets ou pour embellir les coins de d\u00e9tente, il est disponible en deux tailles, vendues s\u00e9par\u00e9ment.  <\/p>\n<ul>\n<li>Design en forme de gland avec finition en verre ambr\u00e9<\/li>\n<li>Couvercle d\u00e9coratif en verre facett\u00e9 avec effet diamant<\/li>\n<li>Parfum intense pour une atmosph\u00e8re enveloppante<\/li>\n<li>Id\u00e9e de cadeau \u00e9l\u00e9gante et pittoresque<\/li>\n<li>Parfait pour les d\u00e9corations d&rsquo;automne et de No\u00ebl<\/li>\n<\/ul>\n","protected":false},"excerpt":{"rendered":"<p>Bougie parfum\u00e9e en verre ambr\u00e9 en forme de gland avec un capuchon cuivr\u00e9 facett\u00e9, \u00e9l\u00e9gante et atmosph\u00e9rique. Collection Valse des Neiges.<br \/>\n\ud83d\udccf 11 x 11 x 13 cm<\/p>\n\n\t<section class=\"section dark\" id=\"section_702486478\">\n\t\t<div class=\"section-bg fill\" >\n\t\t\t<img width=\"400\" height=\"400\" src=\"https:\/\/www.tendenzeshabbychic.it\/wp-content\/uploads\/2025\/06\/A38369-1-400x400.jpg\" class=\"bg attachment-medium size-medium\" alt=\"\" decoding=\"async\" loading=\"lazy\" \/>\t\t\t\t\t\t<div class=\"section-bg-overlay absolute fill\"><\/div>\n\t\t\t\n\n\t\t<\/div>\n\n\t\t\n\n\t\t<div class=\"section-content relative\">\n\t\t\t\n\n\t<div id=\"gap-537118977\" class=\"gap-element clearfix\" style=\"display:block; height:auto;\">\n\t\t\n<style>\n#gap-537118977 {\n  padding-top: 30px;\n}\n<\/style>\n\t<\/div>\n\t\n\n<div class=\"row align-center\"  id=\"row-2089166489\">\n\n\n\t<div id=\"col-19455150\" class=\"col medium-12 small-12 large-9\"  >\n\t\t\t\t<div class=\"col-inner text-center\"  >\n\t\t\t\n\t<div class=\"is-border\"\n\t\tstyle=\"border-color:rgb(255, 255, 255);border-width:4px 4px 4px 4px;\">\n\t<\/div>\n\t\t\t\n\n\t<div id=\"gap-1578229247\" class=\"gap-element clearfix\" style=\"display:block; height:auto;\">\n\t\t\n<style>\n#gap-1578229247 {\n  padding-top: 30px;\n}\n<\/style>\n\t<\/div>\n\t\n\n\t<div id=\"text-692348008\" class=\"text\">\n\t\t\n\n<h4 class=\"uppercase\">NOUVELLE COLLECTION<\/h4>\n\t\t\n<style>\n#text-692348008 {\n  font-size: 1rem;\n}\n<\/style>\n\t<\/div>\n\t\n\t<div id=\"gap-2021603746\" class=\"gap-element clearfix\" style=\"display:block; height:auto;\">\n\t\t\n<style>\n#gap-2021603746 {\n  padding-top: 10px;\n}\n<\/style>\n\t<\/div>\n\t\n\n\t<div id=\"text-1667166128\" class=\"text\">\n\t\t\n\n<h3>AUTUNNO<\/h3>\n\n\t\t\n<style>\n#text-1667166128 {\n  font-size: 2.5rem;\n  line-height: 1;\n}\n@media (min-width:550px) {\n  #text-1667166128 {\n    font-size: 4rem;\n    line-height: 0.75;\n  }\n}\n<\/style>\n\t<\/div>\n\t\n\t<div id=\"text-2863893696\" class=\"text\">\n\t\t\n\n<h3 class=\"uppercase\">SOYEZ INSPIR\u00c9S<\/h3>\n\n\t\t\n<style>\n#text-2863893696 {\n  font-size: 1rem;\n  line-height: 0.75;\n}\n<\/style>\n\t<\/div>\n\t\n\t<div id=\"gap-400160264\" class=\"gap-element clearfix\" style=\"display:block; height:auto;\">\n\t\t\n<style>\n#gap-400160264 {\n  padding-top: 20px;\n}\n<\/style>\n\t<\/div>\n\t\n\n<a href=\"https:\/\/www.tendenzeshabbychic.it\/fr\/Etiquette-produit\/automne\/\" class=\"button white\" style=\"padding:5px 20px 5px 20px;\">\n\t\t<span>TOUTE LA COLLECTION \ud83c\udf83<\/span>\n\t<\/a>\n\n\n\n\t\t<\/div>\n\t\t\t\t\n<style>\n#col-19455150 > .col-inner {\n  padding: 10% 10% 10% 10%;\n}\n<\/style>\n\t<\/div>\n\n\t\n\n<\/div>\n\n\t\t<\/div>\n\n\t\t\n<style>\n#section_702486478 {\n  padding-top: 30px;\n  padding-bottom: 30px;\n  min-height: 400px;\n}\n#section_702486478 .section-bg-overlay {\n  background-color: rgba(14, 0, 0, 0.43);\n}\n#section_702486478 .section-bg img {\n  object-position: 55% 78%;\n}\n@media (min-width:550px) {\n  #section_702486478 {\n    min-height: 600px;\n  }\n}\n@media (min-width:850px) {\n  #section_702486478 {\n    min-height: 700px;\n  }\n}\n<\/style>\n\t<\/section>\n\t\n","protected":false},"featured_media":188724,"comment_status":"open","ping_status":"closed","template":"","meta":{"_joinchat":[]},"pwb-brand":[1561],"product_brand":[],"product_cat":[1516,1515],"product_tag":[1353],"class_list":{"0":"post-210854","1":"product","2":"type-product","3":"status-publish","4":"has-post-thumbnail","6":"pwb-brand-blanc-mariclo-fr","7":"product_cat-bougies-parfumees","8":"product_cat-parfumeurs","9":"product_tag-automne","11":"first","12":"instock","13":"taxable","14":"shipping-taxable","15":"purchasable","16":"product-type-variable"},"brands":[{"id":1561,"name":"Blanc Mariclo","slug":"blanc-mariclo-fr"}],"_links":{"self":[{"href":"https:\/\/www.tendenzeshabbychic.it\/fr\/wp-json\/wp\/v2\/product\/210854","targetHints":{"allow":["GET"]}}],"collection":[{"href":"https:\/\/www.tendenzeshabbychic.it\/fr\/wp-json\/wp\/v2\/product"}],"about":[{"href":"https:\/\/www.tendenzeshabbychic.it\/fr\/wp-json\/wp\/v2\/types\/product"}],"replies":[{"embeddable":true,"href":"https:\/\/www.tendenzeshabbychic.it\/fr\/wp-json\/wp\/v2\/comments?post=210854"}],"wp:featuredmedia":[{"embeddable":true,"href":"https:\/\/www.tendenzeshabbychic.it\/fr\/wp-json\/wp\/v2\/media\/188724"}],"wp:attachment":[{"href":"https:\/\/www.tendenzeshabbychic.it\/fr\/wp-json\/wp\/v2\/media?parent=210854"}],"wp:term":[{"taxonomy":"pwb-brand","embeddable":true,"href":"https:\/\/www.tendenzeshabbychic.it\/fr\/wp-json\/wp\/v2\/pwb-brand?post=210854"},{"taxonomy":"product_brand","embeddable":true,"href":"https:\/\/www.tendenzeshabbychic.it\/fr\/wp-json\/wp\/v2\/product_brand?post=210854"},{"taxonomy":"product_cat","embeddable":true,"href":"https:\/\/www.tendenzeshabbychic.it\/fr\/wp-json\/wp\/v2\/product_cat?post=210854"},{"taxonomy":"product_tag","embeddable":true,"href":"https:\/\/www.tendenzeshabbychic.it\/fr\/wp-json\/wp\/v2\/product_tag?post=210854"}],"curies":[{"name":"wp","href":"https:\/\/api.w.org\/{rel}","templated":true}]}}