{"id":210840,"date":"2025-11-21T00:29:16","date_gmt":"2025-11-20T23:29:16","guid":{"rendered":"https:\/\/www.tendenzeshabbychic.it\/prodotto\/latelier-17-nappe-en-resine-bloom-avec-gala-155x360\/"},"modified":"2025-11-21T00:29:16","modified_gmt":"2025-11-20T23:29:16","slug":"latelier-17-nappe-en-resine-bloom-avec-gala-155x360","status":"publish","type":"product","link":"https:\/\/www.tendenzeshabbychic.it\/fr\/produit\/latelier-17-nappe-en-resine-bloom-avec-gala-155x360\/","title":{"rendered":"L&rsquo;Atelier 17 Nappe en r\u00e9sine Bloom avec Gala 155&#215;360"},"content":{"rendered":"<p>Fabriqu\u00e9e en <strong>coton r\u00e9sin\u00e9<\/strong>, cette nappe est id\u00e9ale pour un usage quotidien : elle est r\u00e9sistante aux taches et facile \u00e0 nettoyer, sans sacrifier l&rsquo;esth\u00e9tique. Le d\u00e9licat motif floral dans les tons rose poudr\u00e9, gris tourterelle et vert sauge d\u00e9core \u00e9l\u00e9gamment le fond ivoire, tandis que la bordure <g id=\"gid_1\">gala boucl\u00e9e<\/g> ajoute une touche romantique et soign\u00e9e. Parfait pour les tables Country Chic ou les d\u00e9cors Shabby Chic, il constitue le choix id\u00e9al pour ceux qui recherchent <strong>style et fonctionnalit\u00e9<\/strong> en un seul produit.  <\/p>\n<p>Sa grande taille permet de l&rsquo;utiliser sur de grandes tables \u00e0 manger, afin de cr\u00e9er une mise en place coordonn\u00e9e avec d&rsquo;autres \u00e9l\u00e9ments de la collection Bloom.<\/p>\n<p><strong>Points forts :<\/strong><\/p>\n<ul>\n<li>Coton enduit de r\u00e9sine r\u00e9sistant aux taches : pratique et durable<\/li>\n<li>\u00c9l\u00e9gant imprim\u00e9 floral dans des tons naturels<\/li>\n<li>Gala d\u00e9coratif boucl\u00e9 pour une touche raffin\u00e9e<\/li>\n<li>Parfait pour les d\u00e9cors champ\u00eatres, shabby ou classiques<\/li>\n<li>Facile \u00e0 nettoyer : il suffit d&rsquo;un chiffon humide<\/li>\n<\/ul>\n","protected":false},"excerpt":{"rendered":"<p>Apportez \u00e9l\u00e9gance et praticit\u00e9 \u00e0 votre table avec la nappe <strong>r\u00e9sin\u00e9e Bloom avec gala de<\/strong> L&rsquo;Atelier 17. Un m\u00e9lange impeccable de charme floral et de fonctionnalit\u00e9, parfait pour une ambiance raffin\u00e9e et cosy. <\/p>\n<p>\ud83d\udccf 155 x 360 cm<\/p>\n","protected":false},"featured_media":210776,"comment_status":"open","ping_status":"closed","template":"","meta":{"_joinchat":[]},"pwb-brand":[1560],"product_brand":[],"product_cat":[1491,1486],"product_tag":[],"class_list":{"0":"post-210840","1":"product","2":"type-product","3":"status-publish","4":"has-post-thumbnail","6":"pwb-brand-atelier-17-fr","7":"product_cat-nappes","8":"product_cat-la-table","10":"first","11":"instock","12":"taxable","13":"shipping-taxable","14":"purchasable","15":"product-type-simple"},"brands":[{"id":1560,"name":"L\u2019Atelier 17","slug":"atelier-17-fr"}],"_links":{"self":[{"href":"https:\/\/www.tendenzeshabbychic.it\/fr\/wp-json\/wp\/v2\/product\/210840","targetHints":{"allow":["GET"]}}],"collection":[{"href":"https:\/\/www.tendenzeshabbychic.it\/fr\/wp-json\/wp\/v2\/product"}],"about":[{"href":"https:\/\/www.tendenzeshabbychic.it\/fr\/wp-json\/wp\/v2\/types\/product"}],"replies":[{"embeddable":true,"href":"https:\/\/www.tendenzeshabbychic.it\/fr\/wp-json\/wp\/v2\/comments?post=210840"}],"wp:featuredmedia":[{"embeddable":true,"href":"https:\/\/www.tendenzeshabbychic.it\/fr\/wp-json\/wp\/v2\/media\/210776"}],"wp:attachment":[{"href":"https:\/\/www.tendenzeshabbychic.it\/fr\/wp-json\/wp\/v2\/media?parent=210840"}],"wp:term":[{"taxonomy":"pwb-brand","embeddable":true,"href":"https:\/\/www.tendenzeshabbychic.it\/fr\/wp-json\/wp\/v2\/pwb-brand?post=210840"},{"taxonomy":"product_brand","embeddable":true,"href":"https:\/\/www.tendenzeshabbychic.it\/fr\/wp-json\/wp\/v2\/product_brand?post=210840"},{"taxonomy":"product_cat","embeddable":true,"href":"https:\/\/www.tendenzeshabbychic.it\/fr\/wp-json\/wp\/v2\/product_cat?post=210840"},{"taxonomy":"product_tag","embeddable":true,"href":"https:\/\/www.tendenzeshabbychic.it\/fr\/wp-json\/wp\/v2\/product_tag?post=210840"}],"curies":[{"name":"wp","href":"https:\/\/api.w.org\/{rel}","templated":true}]}}