{"id":210806,"date":"2025-11-21T00:37:02","date_gmt":"2025-11-20T23:37:02","guid":{"rendered":"https:\/\/www.tendenzeshabbychic.it\/prodotto\/latelier-17-bloom-nappe-en-resine-verte-avec-gala-155x360\/"},"modified":"2025-11-21T00:37:02","modified_gmt":"2025-11-20T23:37:02","slug":"latelier-17-bloom-nappe-en-resine-verte-avec-gala-155x360","status":"publish","type":"product","link":"https:\/\/www.tendenzeshabbychic.it\/fr\/produit\/latelier-17-bloom-nappe-en-resine-verte-avec-gala-155x360\/","title":{"rendered":"L&rsquo;Atelier 17 Bloom Nappe en r\u00e9sine verte avec gala 155&#215;360"},"content":{"rendered":"<p>Nappe en coton r\u00e9sin\u00e9 vert avec un imprim\u00e9 floral dans les tons rose et cr\u00e8me, finie par une gala \u00e0 volants sur le bord.<\/p>\n<p>Parfaite pour un usage quotidien ou pour des occasions sp\u00e9ciales, cette nappe allie la <strong>praticit\u00e9 du coton enduit de r\u00e9sine<\/strong>, qui la rend r\u00e9sistante aux taches et facilement lavable, \u00e0 la beaut\u00e9 d&rsquo;un motif floral romantique. Le motif est compos\u00e9 de branches et de fleurs d\u00e9licates, imprim\u00e9es sur un fond vert qui rappelle l&rsquo;atmosph\u00e8re de la campagne toscane. La bordure gala apporte du mouvement et une touche d\u00e9corative qui rehausse toute table, \u00e0 l&rsquo;int\u00e9rieur comme \u00e0 l&rsquo;ext\u00e9rieur.  <\/p>\n<p>Id\u00e9al pour ceux qui souhaitent un accessoire textile <strong>fonctionnel mais sophistiqu\u00e9<\/strong>, parfait dans les d\u00e9cors rustiques, Country Chic ou Shabby.<\/p>\n<p><strong>Points forts :<\/strong><\/p>\n<ul>\n<li>Coton enduit de r\u00e9sine r\u00e9sistant aux taches, facile \u00e0 nettoyer<\/li>\n<li>\u00c9l\u00e9gant imprim\u00e9 floral dans des tons naturels<\/li>\n<li>Gala fris\u00e9 pour un effet d\u00e9coratif soign\u00e9<\/li>\n<li>Parfait pour les d\u00e9cors champ\u00eatres, proven\u00e7aux ou Shabby Chic.<\/li>\n<\/ul>\n","protected":false},"excerpt":{"rendered":"<p>Faites de chaque repas une exp\u00e9rience cosy et chic avec la nappe <strong>verte Bloom avec gala<\/strong> de L&rsquo;Atelier 17. R\u00e9alis\u00e9e en coton r\u00e9sin\u00e9, elle est orn\u00e9e d&rsquo;un \u00e9l\u00e9gant imprim\u00e9 floral dans des tons poussi\u00e9reux de rose et d&rsquo;ivoire sur un fond vert sauge, pour un effet visuel <strong>raffin\u00e9 et harmonieux<\/strong>. <\/p>\n<p>\ud83d\udccf 155 x 270 cm<\/p>\n","protected":false},"featured_media":210769,"comment_status":"open","ping_status":"closed","template":"","meta":{"_joinchat":[]},"pwb-brand":[1560],"product_brand":[],"product_cat":[1491,1486],"product_tag":[],"class_list":{"0":"post-210806","1":"product","2":"type-product","3":"status-publish","4":"has-post-thumbnail","6":"pwb-brand-atelier-17-fr","7":"product_cat-nappes","8":"product_cat-la-table","10":"first","11":"instock","12":"taxable","13":"shipping-taxable","14":"purchasable","15":"product-type-simple"},"brands":[{"id":1560,"name":"L\u2019Atelier 17","slug":"atelier-17-fr"}],"_links":{"self":[{"href":"https:\/\/www.tendenzeshabbychic.it\/fr\/wp-json\/wp\/v2\/product\/210806","targetHints":{"allow":["GET"]}}],"collection":[{"href":"https:\/\/www.tendenzeshabbychic.it\/fr\/wp-json\/wp\/v2\/product"}],"about":[{"href":"https:\/\/www.tendenzeshabbychic.it\/fr\/wp-json\/wp\/v2\/types\/product"}],"replies":[{"embeddable":true,"href":"https:\/\/www.tendenzeshabbychic.it\/fr\/wp-json\/wp\/v2\/comments?post=210806"}],"wp:featuredmedia":[{"embeddable":true,"href":"https:\/\/www.tendenzeshabbychic.it\/fr\/wp-json\/wp\/v2\/media\/210769"}],"wp:attachment":[{"href":"https:\/\/www.tendenzeshabbychic.it\/fr\/wp-json\/wp\/v2\/media?parent=210806"}],"wp:term":[{"taxonomy":"pwb-brand","embeddable":true,"href":"https:\/\/www.tendenzeshabbychic.it\/fr\/wp-json\/wp\/v2\/pwb-brand?post=210806"},{"taxonomy":"product_brand","embeddable":true,"href":"https:\/\/www.tendenzeshabbychic.it\/fr\/wp-json\/wp\/v2\/product_brand?post=210806"},{"taxonomy":"product_cat","embeddable":true,"href":"https:\/\/www.tendenzeshabbychic.it\/fr\/wp-json\/wp\/v2\/product_cat?post=210806"},{"taxonomy":"product_tag","embeddable":true,"href":"https:\/\/www.tendenzeshabbychic.it\/fr\/wp-json\/wp\/v2\/product_tag?post=210806"}],"curies":[{"name":"wp","href":"https:\/\/api.w.org\/{rel}","templated":true}]}}