{"id":210805,"date":"2025-11-21T00:41:50","date_gmt":"2025-11-20T23:41:50","guid":{"rendered":"https:\/\/www.tendenzeshabbychic.it\/prodotto\/latelier-17-nappe-en-resine-bloom-plum-avec-gala-155x185\/"},"modified":"2025-11-21T00:41:50","modified_gmt":"2025-11-20T23:41:50","slug":"latelier-17-nappe-en-resine-bloom-plum-avec-gala-155x185","status":"publish","type":"product","link":"https:\/\/www.tendenzeshabbychic.it\/fr\/produit\/latelier-17-nappe-en-resine-bloom-plum-avec-gala-155x185\/","title":{"rendered":"L&rsquo;Atelier 17 Nappe en r\u00e9sine Bloom Plum avec Gala 155&#215;185"},"content":{"rendered":"<p>R\u00e9alis\u00e9e en <strong>coton r\u00e9sin\u00e9<\/strong>, cette nappe allie la beaut\u00e9 d&rsquo;un tissu naturel \u00e0 la praticit\u00e9 d&rsquo;une finition antitache. La couleur de fond, un ton prune chaud, est orn\u00e9e de fleurs d\u00e9licates dans des tons cr\u00e8me, bleu poudre et vert sauge pour un effet harmonieux et sophistiqu\u00e9. La <strong>gala boucl\u00e9<\/strong> sur le bord donne du mouvement et du romantisme \u00e0 la composition.  <\/p>\n<p><strong>Points forts :<\/strong><\/p>\n<ul>\n<li>Coton enduit de r\u00e9sine r\u00e9sistant aux taches : facile \u00e0 nettoyer et durable<\/li>\n<li>\u00c9l\u00e9gant motif floral sur un fond prune fonc\u00e9<\/li>\n<li>Gala d\u00e9coratif pour une touche raffin\u00e9e et f\u00e9minine<\/li>\n<li>Id\u00e9al pour les d\u00e9cors Country Chic, Shabby Chic ou classiques.<\/li>\n<\/ul>\n","protected":false},"excerpt":{"rendered":"<p>Un d\u00e9cor de table \u00e9l\u00e9gant et durable prend forme avec la <strong>nappe Bloom plum avec gala<\/strong> de L&rsquo;Atelier 17. Un motif floral romantique sur un fond intense fait de ce mod\u00e8le un protagoniste id\u00e9al pour les d\u00e9cors classiques, country chic ou boho raffin\u00e9s. <\/p>\n<p>\ud83d\udccf 155 x 185 cm<\/p>\n","protected":false},"featured_media":210765,"comment_status":"open","ping_status":"closed","template":"","meta":{"_joinchat":[]},"pwb-brand":[1560],"product_brand":[],"product_cat":[1491,1486],"product_tag":[],"class_list":{"0":"post-210805","1":"product","2":"type-product","3":"status-publish","4":"has-post-thumbnail","6":"pwb-brand-atelier-17-fr","7":"product_cat-nappes","8":"product_cat-la-table","10":"first","11":"instock","12":"taxable","13":"shipping-taxable","14":"purchasable","15":"product-type-simple"},"brands":[{"id":1560,"name":"L\u2019Atelier 17","slug":"atelier-17-fr"}],"_links":{"self":[{"href":"https:\/\/www.tendenzeshabbychic.it\/fr\/wp-json\/wp\/v2\/product\/210805","targetHints":{"allow":["GET"]}}],"collection":[{"href":"https:\/\/www.tendenzeshabbychic.it\/fr\/wp-json\/wp\/v2\/product"}],"about":[{"href":"https:\/\/www.tendenzeshabbychic.it\/fr\/wp-json\/wp\/v2\/types\/product"}],"replies":[{"embeddable":true,"href":"https:\/\/www.tendenzeshabbychic.it\/fr\/wp-json\/wp\/v2\/comments?post=210805"}],"wp:featuredmedia":[{"embeddable":true,"href":"https:\/\/www.tendenzeshabbychic.it\/fr\/wp-json\/wp\/v2\/media\/210765"}],"wp:attachment":[{"href":"https:\/\/www.tendenzeshabbychic.it\/fr\/wp-json\/wp\/v2\/media?parent=210805"}],"wp:term":[{"taxonomy":"pwb-brand","embeddable":true,"href":"https:\/\/www.tendenzeshabbychic.it\/fr\/wp-json\/wp\/v2\/pwb-brand?post=210805"},{"taxonomy":"product_brand","embeddable":true,"href":"https:\/\/www.tendenzeshabbychic.it\/fr\/wp-json\/wp\/v2\/product_brand?post=210805"},{"taxonomy":"product_cat","embeddable":true,"href":"https:\/\/www.tendenzeshabbychic.it\/fr\/wp-json\/wp\/v2\/product_cat?post=210805"},{"taxonomy":"product_tag","embeddable":true,"href":"https:\/\/www.tendenzeshabbychic.it\/fr\/wp-json\/wp\/v2\/product_tag?post=210805"}],"curies":[{"name":"wp","href":"https:\/\/api.w.org\/{rel}","templated":true}]}}