{"id":210635,"date":"2025-11-19T21:36:02","date_gmt":"2025-11-19T20:36:02","guid":{"rendered":"https:\/\/www.tendenzeshabbychic.it\/prodotto\/latelier-17-couvert-de-table-vert-piper-avec-volants-en-dentelle-180x180\/"},"modified":"2025-11-19T21:36:02","modified_gmt":"2025-11-19T20:36:02","slug":"latelier-17-couvert-de-table-vert-piper-avec-volants-en-dentelle-180x180","status":"publish","type":"product","link":"https:\/\/www.tendenzeshabbychic.it\/fr\/produit\/latelier-17-couvert-de-table-vert-piper-avec-volants-en-dentelle-180x180\/","title":{"rendered":"L&rsquo;Atelier 17 Couvert de table vert Piper avec volants en dentelle 180&#215;180"},"content":{"rendered":"<p>R\u00e9alis\u00e9e dans un tissu ample et bien fini, cette housse de table se distingue par sa couleur verte profonde et vibrante, rehauss\u00e9e par un \u00e9l\u00e9gant volant de dentelle qui court sur toute la bordure. La dentelle, finement travaill\u00e9e avec des motifs floraux, cr\u00e9e un contraste raffin\u00e9 entre opacit\u00e9 et transparence, mettant en valeur la mise en place. <\/p>\n<p>Id\u00e9al pour accompagner les assiettes blanches ou dor\u00e9es, la verrerie et les centres de table naturels ou de No\u00ebl. Un compl\u00e9ment parfait pour faire de chaque repas un moment sp\u00e9cial. <\/p>\n<ul>\n<li>Tissu de qualit\u00e9 avec finition lisse et mate<\/li>\n<li>Bordure en dentelle d\u00e9corative ton sur ton<\/li>\n<li>Couleur verte \u00e9l\u00e9gante et festive<\/li>\n<li>Parfait pour les tables de No\u00ebl ou les grandes occasions<\/li>\n<li>Collection Piper de L&rsquo;Atelier 17<\/li>\n<\/ul>\n","protected":false},"excerpt":{"rendered":"<p>Un d\u00e9tail <strong>tr\u00e8s \u00e9l\u00e9gant<\/strong> pour les tables des grandes occasions : la housse de table Piper de L&rsquo;Atelier 17 en vert profond avec bordure en dentelle ton sur ton enrichit l&rsquo;ambiance avec charme et sophistication. Parfait pour No\u00ebl, les d\u00eeners formels ou les atmosph\u00e8res romantiques. <\/p>\n<p>\ud83d\udccf 180 x 180 cm<\/p>\n","protected":false},"featured_media":210630,"comment_status":"open","ping_status":"closed","template":"","meta":{"_joinchat":[]},"pwb-brand":[1560],"product_brand":[],"product_cat":[1491,1486],"product_tag":[1296],"class_list":{"0":"post-210635","1":"product","2":"type-product","3":"status-publish","4":"has-post-thumbnail","6":"pwb-brand-atelier-17-fr","7":"product_cat-nappes","8":"product_cat-la-table","9":"product_tag-idee-de-cadeau","11":"first","12":"instock","13":"sale","14":"taxable","15":"shipping-taxable","16":"purchasable","17":"product-type-simple"},"brands":[{"id":1560,"name":"L\u2019Atelier 17","slug":"atelier-17-fr"}],"_links":{"self":[{"href":"https:\/\/www.tendenzeshabbychic.it\/fr\/wp-json\/wp\/v2\/product\/210635","targetHints":{"allow":["GET"]}}],"collection":[{"href":"https:\/\/www.tendenzeshabbychic.it\/fr\/wp-json\/wp\/v2\/product"}],"about":[{"href":"https:\/\/www.tendenzeshabbychic.it\/fr\/wp-json\/wp\/v2\/types\/product"}],"replies":[{"embeddable":true,"href":"https:\/\/www.tendenzeshabbychic.it\/fr\/wp-json\/wp\/v2\/comments?post=210635"}],"wp:featuredmedia":[{"embeddable":true,"href":"https:\/\/www.tendenzeshabbychic.it\/fr\/wp-json\/wp\/v2\/media\/210630"}],"wp:attachment":[{"href":"https:\/\/www.tendenzeshabbychic.it\/fr\/wp-json\/wp\/v2\/media?parent=210635"}],"wp:term":[{"taxonomy":"pwb-brand","embeddable":true,"href":"https:\/\/www.tendenzeshabbychic.it\/fr\/wp-json\/wp\/v2\/pwb-brand?post=210635"},{"taxonomy":"product_brand","embeddable":true,"href":"https:\/\/www.tendenzeshabbychic.it\/fr\/wp-json\/wp\/v2\/product_brand?post=210635"},{"taxonomy":"product_cat","embeddable":true,"href":"https:\/\/www.tendenzeshabbychic.it\/fr\/wp-json\/wp\/v2\/product_cat?post=210635"},{"taxonomy":"product_tag","embeddable":true,"href":"https:\/\/www.tendenzeshabbychic.it\/fr\/wp-json\/wp\/v2\/product_tag?post=210635"}],"curies":[{"name":"wp","href":"https:\/\/api.w.org\/{rel}","templated":true}]}}