{"id":210612,"date":"2025-11-19T21:47:29","date_gmt":"2025-11-19T20:47:29","guid":{"rendered":"https:\/\/www.tendenzeshabbychic.it\/prodotto\/latelier-17-nappe-piper-verte-100x100\/"},"modified":"2025-11-19T21:47:29","modified_gmt":"2025-11-19T20:47:29","slug":"latelier-17-nappe-piper-verte-100x100","status":"publish","type":"product","link":"https:\/\/www.tendenzeshabbychic.it\/fr\/produit\/latelier-17-nappe-piper-verte-100x100\/","title":{"rendered":"L&rsquo;Atelier 17 Nappe Piper verte 100&#215;100"},"content":{"rendered":"<p>Le tissu compact et opaque d&rsquo;un vert profond donne une pr\u00e9sence sc\u00e9nique \u00e9l\u00e9gante, tandis que la dentelle florale cousue sur le pourtour conf\u00e8re l\u00e9g\u00e8ret\u00e9 et mouvement. Utilisable seul ou sur une nappe contrast\u00e9e, cet accessoire est parfait pour enrichir une table de f\u00eate ou agr\u00e9menter un petit d\u00e9jeuner sp\u00e9cial. <\/p>\n<p>Combinable avec des housses de table ou des accessoires textiles de la m\u00eame ligne Piper, il s&rsquo;int\u00e8gre harmonieusement dans des d\u00e9cors classiques, shabby ou Country Chic.<\/p>\n<ul>\n<li>100% coton, durable et facile \u00e0 laver<\/li>\n<li>Bordure d\u00e9corative en dentelle ton sur ton<\/li>\n<li>Id\u00e9al pour les tables de No\u00ebl ou les tables raffin\u00e9es<\/li>\n<li>Peut \u00eatre utilis\u00e9 seul ou en superposition<\/li>\n<li>Sign\u00e9 L&rsquo;Atelier 17 : qualit\u00e9 et style italiens<\/li>\n<\/ul>\n","protected":false},"excerpt":{"rendered":"<p>Parfaite pour rehausser la mise en place d&rsquo;une touche <strong>intense<\/strong> et d\u00e9corative, la housse de table Piper de L&rsquo;Atelier 17 est fabriqu\u00e9e en 100 % coton vert et agr\u00e9ment\u00e9e d&rsquo;une bordure en dentelle ton sur ton. Elle est id\u00e9ale pour \u00eatre superpos\u00e9e \u00e0 des nappes plus grandes ou pour \u00eatre utilis\u00e9e seule sur des tables carr\u00e9es. <\/p>\n<p>\ud83d\udccf 100 x 100 cm<\/p>\n","protected":false},"featured_media":210557,"comment_status":"open","ping_status":"closed","template":"","meta":{"_joinchat":[]},"pwb-brand":[1560],"product_brand":[],"product_cat":[1491,1486],"product_tag":[1296],"class_list":{"0":"post-210612","1":"product","2":"type-product","3":"status-publish","4":"has-post-thumbnail","6":"pwb-brand-atelier-17-fr","7":"product_cat-nappes","8":"product_cat-la-table","9":"product_tag-idee-de-cadeau","11":"first","12":"instock","13":"sale","14":"taxable","15":"shipping-taxable","16":"purchasable","17":"product-type-simple"},"brands":[{"id":1560,"name":"L\u2019Atelier 17","slug":"atelier-17-fr"}],"_links":{"self":[{"href":"https:\/\/www.tendenzeshabbychic.it\/fr\/wp-json\/wp\/v2\/product\/210612","targetHints":{"allow":["GET"]}}],"collection":[{"href":"https:\/\/www.tendenzeshabbychic.it\/fr\/wp-json\/wp\/v2\/product"}],"about":[{"href":"https:\/\/www.tendenzeshabbychic.it\/fr\/wp-json\/wp\/v2\/types\/product"}],"replies":[{"embeddable":true,"href":"https:\/\/www.tendenzeshabbychic.it\/fr\/wp-json\/wp\/v2\/comments?post=210612"}],"wp:featuredmedia":[{"embeddable":true,"href":"https:\/\/www.tendenzeshabbychic.it\/fr\/wp-json\/wp\/v2\/media\/210557"}],"wp:attachment":[{"href":"https:\/\/www.tendenzeshabbychic.it\/fr\/wp-json\/wp\/v2\/media?parent=210612"}],"wp:term":[{"taxonomy":"pwb-brand","embeddable":true,"href":"https:\/\/www.tendenzeshabbychic.it\/fr\/wp-json\/wp\/v2\/pwb-brand?post=210612"},{"taxonomy":"product_brand","embeddable":true,"href":"https:\/\/www.tendenzeshabbychic.it\/fr\/wp-json\/wp\/v2\/product_brand?post=210612"},{"taxonomy":"product_cat","embeddable":true,"href":"https:\/\/www.tendenzeshabbychic.it\/fr\/wp-json\/wp\/v2\/product_cat?post=210612"},{"taxonomy":"product_tag","embeddable":true,"href":"https:\/\/www.tendenzeshabbychic.it\/fr\/wp-json\/wp\/v2\/product_tag?post=210612"}],"curies":[{"name":"wp","href":"https:\/\/api.w.org\/{rel}","templated":true}]}}