{"id":210366,"date":"2025-11-18T17:07:49","date_gmt":"2025-11-18T16:07:49","guid":{"rendered":"https:\/\/www.tendenzeshabbychic.it\/prodotto\/blanc-mariclo-panier-pique-nique-en-rotin-43x29x22-cm\/"},"modified":"2025-11-18T17:07:49","modified_gmt":"2025-11-18T16:07:49","slug":"blanc-mariclo-panier-pique-nique-en-rotin-43x29x22-cm","status":"publish","type":"product","link":"https:\/\/www.tendenzeshabbychic.it\/fr\/produit\/blanc-mariclo-panier-pique-nique-en-rotin-43x29x22-cm\/","title":{"rendered":"Blanc MariCl\u00f2 Panier pique-nique en rotin 43x29x22 cm"},"content":{"rendered":"<p>Le panier pique-nique de la collection <em>D\u00e9jeuner sur l&rsquo;herbe<\/em> de Blanc MariCl\u00f2 est l&rsquo;accessoire id\u00e9al pour des pique-niques \u00e9l\u00e9gants et romantiques. R\u00e9alis\u00e9 en rotin naturel tress\u00e9, il se distingue par son int\u00e9rieur doubl\u00e9 de coton avec un motif Tartan rouge et vert \u00e9voquant une atmosph\u00e8re de No\u00ebl ou country-chic. <\/p>\n<p>Divis\u00e9 en compartiments pratiques pour une organisation parfaite. Des d\u00e9tails soign\u00e9s tels que des boucles en m\u00e9tal et une fermeture \u00e0 clip compl\u00e8tent le design fonctionnel et raffin\u00e9. <\/p>\n<p>Id\u00e9al pour offrir des moments sp\u00e9ciaux \u00e0 l&rsquo;ext\u00e9rieur ou comme id\u00e9e de cadeau festif.<\/p>\n<ul>\n<li>Rotin naturel tiss\u00e9 \u00e0 la main<\/li>\n<li>Doublure \u00e9l\u00e9gante en tissu \u00e9cossais<\/li>\n<li>Enti\u00e8rement \u00e9quip\u00e9 pour 2 personnes<\/li>\n<li>Fermeture s\u00e9curis\u00e9e avec boucles et compartiments fonctionnels<\/li>\n<li>Sign\u00e9 Blanc MariCl\u00f2, parfait pour les moments sp\u00e9ciaux<\/li>\n<\/ul>\n","protected":false},"excerpt":{"rendered":"<p>Panier de pique-nique en rotin avec int\u00e9rieur \u00e0 carreaux rouges et accessoires inclus. El\u00e9gance et praticit\u00e9 pour les repas en plein air.<br \/>\n\ud83d\udccf 43 x 29 x 22 cm<\/p>\n<p>Dans le set, vous trouverez:<\/p>\n<ul>\n<li>1 sac isotherme<\/li>\n<li>2 soucoupes<\/li>\n<li>2 gobelets<\/li>\n<li>1 d\u00e9capsuleur<\/li>\n<\/ul>\n","protected":false},"featured_media":188602,"comment_status":"open","ping_status":"closed","template":"","meta":{"_joinchat":[]},"pwb-brand":[1561],"product_brand":[],"product_cat":[1472],"product_tag":[2817],"class_list":{"0":"post-210366","1":"product","2":"type-product","3":"status-publish","4":"has-post-thumbnail","6":"pwb-brand-blanc-mariclo-fr","7":"product_cat-cuisine","8":"product_tag-osier-et-rotin","10":"first","11":"instock","12":"taxable","13":"shipping-taxable","14":"purchasable","15":"product-type-simple"},"brands":[{"id":1561,"name":"Blanc Mariclo","slug":"blanc-mariclo-fr"}],"_links":{"self":[{"href":"https:\/\/www.tendenzeshabbychic.it\/fr\/wp-json\/wp\/v2\/product\/210366","targetHints":{"allow":["GET"]}}],"collection":[{"href":"https:\/\/www.tendenzeshabbychic.it\/fr\/wp-json\/wp\/v2\/product"}],"about":[{"href":"https:\/\/www.tendenzeshabbychic.it\/fr\/wp-json\/wp\/v2\/types\/product"}],"replies":[{"embeddable":true,"href":"https:\/\/www.tendenzeshabbychic.it\/fr\/wp-json\/wp\/v2\/comments?post=210366"}],"wp:featuredmedia":[{"embeddable":true,"href":"https:\/\/www.tendenzeshabbychic.it\/fr\/wp-json\/wp\/v2\/media\/188602"}],"wp:attachment":[{"href":"https:\/\/www.tendenzeshabbychic.it\/fr\/wp-json\/wp\/v2\/media?parent=210366"}],"wp:term":[{"taxonomy":"pwb-brand","embeddable":true,"href":"https:\/\/www.tendenzeshabbychic.it\/fr\/wp-json\/wp\/v2\/pwb-brand?post=210366"},{"taxonomy":"product_brand","embeddable":true,"href":"https:\/\/www.tendenzeshabbychic.it\/fr\/wp-json\/wp\/v2\/product_brand?post=210366"},{"taxonomy":"product_cat","embeddable":true,"href":"https:\/\/www.tendenzeshabbychic.it\/fr\/wp-json\/wp\/v2\/product_cat?post=210366"},{"taxonomy":"product_tag","embeddable":true,"href":"https:\/\/www.tendenzeshabbychic.it\/fr\/wp-json\/wp\/v2\/product_tag?post=210366"}],"curies":[{"name":"wp","href":"https:\/\/api.w.org\/{rel}","templated":true}]}}