{"id":210355,"date":"2025-11-18T14:29:41","date_gmt":"2025-11-18T13:29:41","guid":{"rendered":"https:\/\/www.tendenzeshabbychic.it\/prodotto\/blanc-mariclo-gamelle-pour-chat-en-ceramique-petit-gourmet\/"},"modified":"2025-11-18T14:29:41","modified_gmt":"2025-11-18T13:29:41","slug":"blanc-mariclo-gamelle-pour-chat-en-ceramique-petit-gourmet","status":"publish","type":"product","link":"https:\/\/www.tendenzeshabbychic.it\/fr\/produit\/blanc-mariclo-gamelle-pour-chat-en-ceramique-petit-gourmet\/","title":{"rendered":"Blanc MariClo Gamelle pour chat en c\u00e9ramique Petit Gourmet"},"content":{"rendered":"<p>La gamelle en c\u00e9ramique de la collection <em>Petit Gourmet<\/em> de Blanc MariClo allie elle aussi fonctionnalit\u00e9 et style pour nos amis f\u00e9lins. R\u00e9alis\u00e9e en c\u00e9ramique blanche brillante, elle porte en son centre l&rsquo;inscription ludique \u00ab\u00a0MEOW\u00a0\u00bb en noir. Robuste et stable, il est parfait pour contenir de l&rsquo;eau ou des chatons. Sa forme arrondie et son rebord haut \u00e9vitent les d\u00e9bordements, tandis que son design minimaliste s&rsquo;int\u00e8gre facilement dans tout environnement domestique.   <\/p>\n<ul>\n<li>C\u00e9ramique durable et facile \u00e0 nettoyer<\/li>\n<li>Lettrage d\u00e9coratif \u00ab\u00a0MEOW<\/li>\n<li>Style essentiel et moderne<\/li>\n<li>Convient pour l&rsquo;eau et les aliments<\/li>\n<li>Collection <em>Petit Gourmet<\/em> pour les animaux de compagnie \u00e9l\u00e9gants<\/li>\n<\/ul>\n","protected":false},"excerpt":{"rendered":"<p>Gamelle pour chat en c\u00e9ramique blanche avec inscription \u00ab\u00a0MEOW\u00a0\u00bb en noir. Un design simple et ludique pour les amis \u00e0 quatre pattes. <\/p>\n<p>\ud83d\udccf 12 x 12 x 4 cm<\/p>\n","protected":false},"featured_media":210353,"comment_status":"open","ping_status":"closed","template":"","meta":{"_joinchat":[]},"pwb-brand":[1561],"product_brand":[],"product_cat":[1505],"product_tag":[2883],"class_list":{"0":"post-210355","1":"product","2":"type-product","3":"status-publish","4":"has-post-thumbnail","6":"pwb-brand-blanc-mariclo-fr","7":"product_cat-objets","8":"product_tag-amis-animaux","10":"first","11":"instock","12":"taxable","13":"shipping-taxable","14":"purchasable","15":"product-type-simple"},"brands":[{"id":1561,"name":"Blanc Mariclo","slug":"blanc-mariclo-fr"}],"_links":{"self":[{"href":"https:\/\/www.tendenzeshabbychic.it\/fr\/wp-json\/wp\/v2\/product\/210355","targetHints":{"allow":["GET"]}}],"collection":[{"href":"https:\/\/www.tendenzeshabbychic.it\/fr\/wp-json\/wp\/v2\/product"}],"about":[{"href":"https:\/\/www.tendenzeshabbychic.it\/fr\/wp-json\/wp\/v2\/types\/product"}],"replies":[{"embeddable":true,"href":"https:\/\/www.tendenzeshabbychic.it\/fr\/wp-json\/wp\/v2\/comments?post=210355"}],"wp:featuredmedia":[{"embeddable":true,"href":"https:\/\/www.tendenzeshabbychic.it\/fr\/wp-json\/wp\/v2\/media\/210353"}],"wp:attachment":[{"href":"https:\/\/www.tendenzeshabbychic.it\/fr\/wp-json\/wp\/v2\/media?parent=210355"}],"wp:term":[{"taxonomy":"pwb-brand","embeddable":true,"href":"https:\/\/www.tendenzeshabbychic.it\/fr\/wp-json\/wp\/v2\/pwb-brand?post=210355"},{"taxonomy":"product_brand","embeddable":true,"href":"https:\/\/www.tendenzeshabbychic.it\/fr\/wp-json\/wp\/v2\/product_brand?post=210355"},{"taxonomy":"product_cat","embeddable":true,"href":"https:\/\/www.tendenzeshabbychic.it\/fr\/wp-json\/wp\/v2\/product_cat?post=210355"},{"taxonomy":"product_tag","embeddable":true,"href":"https:\/\/www.tendenzeshabbychic.it\/fr\/wp-json\/wp\/v2\/product_tag?post=210355"}],"curies":[{"name":"wp","href":"https:\/\/api.w.org\/{rel}","templated":true}]}}