{"id":210042,"date":"2025-11-18T09:10:48","date_gmt":"2025-11-18T08:10:48","guid":{"rendered":"https:\/\/www.tendenzeshabbychic.it\/prodotto\/blanc-mariclo-coussin-baci-e-nanna-azzurro-30x50-cm-baby-collection\/"},"modified":"2025-11-15T17:31:48","modified_gmt":"2025-11-15T16:31:48","slug":"blanc-mariclo-coussin-baci-e-nanna-azzurro-30x50-cm-baby-collection","status":"publish","type":"product","link":"https:\/\/www.tendenzeshabbychic.it\/fr\/produit\/blanc-mariclo-coussin-baci-e-nanna-azzurro-30x50-cm-baby-collection\/","title":{"rendered":"Blanc MariCl\u00f2 Coussin Baci e Nanna Azzurro 30&#215;50 cm &#8211; Baby Collection"},"content":{"rendered":"<p>Le coussin &lsquo;Baci e Nanna&rsquo; de Blanc MariCl\u00f2 est une douce invitation \u00e0 la d\u00e9tente. R\u00e9alis\u00e9 en 100% coton, il pr\u00e9sente un motif ray\u00e9 bleu et blanc avec une \u00e9criture brod\u00e9e en cursive \u00e9l\u00e9gante. Gr\u00e2ce \u00e0 ses dimensions g\u00e9n\u00e9reuses, il est parfait pour enrichir le lit de b\u00e9b\u00e9, le canap\u00e9 ou les fauteuils de la chambre \u00e0 coucher, avec un style d\u00e9licat et raffin\u00e9. La bordure ton sur ton ajoute un d\u00e9tail \u00e9l\u00e9gant, tandis que le message brod\u00e9 conf\u00e8re une touche affectueuse et accueillante \u00e0 la pi\u00e8ce. Id\u00e9al en combinaison avec d&rsquo;autres coussins de la collection pour un ensemble coordonn\u00e9.    <\/p>\n<ul>\n<li>Tissu naturel 100% coton<\/li>\n<li>Broderie d\u00e9corative \u00ab\u00a0Kisses and Nanna\u00a0\u00bb en fil bleu<\/li>\n<li>Style raffin\u00e9 et neutre, parfait pour les environnements unisexes<\/li>\n<li>Forme rectangulaire pour un soutien lombaire<\/li>\n<li>Peut \u00eatre combin\u00e9 avec la variante bleue pour un effet \u00ab\u00a0mix &amp; match\u00a0\u00bb.<\/li>\n<\/ul>\n","protected":false},"excerpt":{"rendered":"<p>Coussin rectangulaire en coton avec des rayures bleu clair et la broderie \u00ab\u00a0Baci e Nanna\u00a0\u00bb, id\u00e9al pour des coins c\u00e2lins \u00e9l\u00e9gants.<\/p>\n<p>\ud83d\udccf 30 x 50 x 10 cm<\/p>\n","protected":false},"featured_media":216307,"comment_status":"open","ping_status":"closed","template":"","meta":{"_joinchat":[]},"pwb-brand":[1561],"product_brand":[],"product_cat":[1469],"product_tag":[],"class_list":{"0":"post-210042","1":"product","2":"type-product","3":"status-publish","4":"has-post-thumbnail","6":"pwb-brand-blanc-mariclo-fr","7":"product_cat-coussins","9":"first","10":"instock","11":"taxable","12":"shipping-taxable","13":"purchasable","14":"product-type-simple"},"brands":[{"id":1561,"name":"Blanc Mariclo","slug":"blanc-mariclo-fr"}],"_links":{"self":[{"href":"https:\/\/www.tendenzeshabbychic.it\/fr\/wp-json\/wp\/v2\/product\/210042","targetHints":{"allow":["GET"]}}],"collection":[{"href":"https:\/\/www.tendenzeshabbychic.it\/fr\/wp-json\/wp\/v2\/product"}],"about":[{"href":"https:\/\/www.tendenzeshabbychic.it\/fr\/wp-json\/wp\/v2\/types\/product"}],"replies":[{"embeddable":true,"href":"https:\/\/www.tendenzeshabbychic.it\/fr\/wp-json\/wp\/v2\/comments?post=210042"}],"wp:featuredmedia":[{"embeddable":true,"href":"https:\/\/www.tendenzeshabbychic.it\/fr\/wp-json\/wp\/v2\/media\/216307"}],"wp:attachment":[{"href":"https:\/\/www.tendenzeshabbychic.it\/fr\/wp-json\/wp\/v2\/media?parent=210042"}],"wp:term":[{"taxonomy":"pwb-brand","embeddable":true,"href":"https:\/\/www.tendenzeshabbychic.it\/fr\/wp-json\/wp\/v2\/pwb-brand?post=210042"},{"taxonomy":"product_brand","embeddable":true,"href":"https:\/\/www.tendenzeshabbychic.it\/fr\/wp-json\/wp\/v2\/product_brand?post=210042"},{"taxonomy":"product_cat","embeddable":true,"href":"https:\/\/www.tendenzeshabbychic.it\/fr\/wp-json\/wp\/v2\/product_cat?post=210042"},{"taxonomy":"product_tag","embeddable":true,"href":"https:\/\/www.tendenzeshabbychic.it\/fr\/wp-json\/wp\/v2\/product_tag?post=210042"}],"curies":[{"name":"wp","href":"https:\/\/api.w.org\/{rel}","templated":true}]}}