{"id":209994,"date":"2025-11-18T08:59:11","date_gmt":"2025-11-18T07:59:11","guid":{"rendered":"https:\/\/www.tendenzeshabbychic.it\/prodotto\/blanc-mariclo-baby-cushion-beige-30x30-cm-cotton\/"},"modified":"2025-11-15T17:19:11","modified_gmt":"2025-11-15T16:19:11","slug":"blanc-mariclo-baby-cushion-beige-30x30-cm-cotton","status":"publish","type":"product","link":"https:\/\/www.tendenzeshabbychic.it\/fr\/produit\/blanc-mariclo-baby-cushion-beige-30x30-cm-cotton\/","title":{"rendered":"Blanc MariClo Baby Cushion Beige 30&#215;30 cm Cotton"},"content":{"rendered":"<p>Ajoutez une touche de douceur \u00e0 votre chambre \u00e0 coucher avec le coussin <em>Baby<\/em> de Blanc MariCl\u00f2. R\u00e9alis\u00e9 en 100 % coton, il pr\u00e9sente un \u00e9l\u00e9gant motif ray\u00e9 beige et blanc, avec la d\u00e9licate \u00e9criture brod\u00e9e \u00a0\u00bb baby \u00a0\u00bb accompagn\u00e9e d&rsquo;un petit c\u0153ur. Le cordon de serrage apporte une finition soign\u00e9e et raffin\u00e9e. Id\u00e9al pour d\u00e9corer le berceau, le lit ou la chaise de b\u00e9b\u00e9, ce coussin est aussi une merveilleuse id\u00e9e de cadeau pour une naissance ou une baby shower.   <\/p>\n<ul>\n<li>100% coton, doux et respirant<\/li>\n<li>Broderie b\u00e9b\u00e9 avec c\u0153ur ton sur ton<\/li>\n<li>Design \u00e9l\u00e9gant avec des rayures beiges et blanches<\/li>\n<li>Parfait pour l&rsquo;am\u00e9nagement de la chambre d&rsquo;enfant<\/li>\n<li>Lavable et facile \u00e0 assortir<\/li>\n<\/ul>\n","protected":false},"excerpt":{"rendered":"<p>Coussin en coton beige avec des rayures blanches et une broderie en forme de c\u0153ur de b\u00e9b\u00e9. Id\u00e9al pour les chambres \u00e0 coucher romantiques ou comme cadeau de naissance. <\/p>\n<p>\ud83d\udccf 30 x 30 cm<\/p>\n","protected":false},"featured_media":216326,"comment_status":"open","ping_status":"closed","template":"","meta":{"_joinchat":[]},"pwb-brand":[1561],"product_brand":[],"product_cat":[1469],"product_tag":[],"class_list":{"0":"post-209994","1":"product","2":"type-product","3":"status-publish","4":"has-post-thumbnail","6":"pwb-brand-blanc-mariclo-fr","7":"product_cat-coussins","9":"first","10":"instock","11":"taxable","12":"shipping-taxable","13":"purchasable","14":"product-type-simple"},"brands":[{"id":1561,"name":"Blanc Mariclo","slug":"blanc-mariclo-fr"}],"_links":{"self":[{"href":"https:\/\/www.tendenzeshabbychic.it\/fr\/wp-json\/wp\/v2\/product\/209994","targetHints":{"allow":["GET"]}}],"collection":[{"href":"https:\/\/www.tendenzeshabbychic.it\/fr\/wp-json\/wp\/v2\/product"}],"about":[{"href":"https:\/\/www.tendenzeshabbychic.it\/fr\/wp-json\/wp\/v2\/types\/product"}],"replies":[{"embeddable":true,"href":"https:\/\/www.tendenzeshabbychic.it\/fr\/wp-json\/wp\/v2\/comments?post=209994"}],"wp:featuredmedia":[{"embeddable":true,"href":"https:\/\/www.tendenzeshabbychic.it\/fr\/wp-json\/wp\/v2\/media\/216326"}],"wp:attachment":[{"href":"https:\/\/www.tendenzeshabbychic.it\/fr\/wp-json\/wp\/v2\/media?parent=209994"}],"wp:term":[{"taxonomy":"pwb-brand","embeddable":true,"href":"https:\/\/www.tendenzeshabbychic.it\/fr\/wp-json\/wp\/v2\/pwb-brand?post=209994"},{"taxonomy":"product_brand","embeddable":true,"href":"https:\/\/www.tendenzeshabbychic.it\/fr\/wp-json\/wp\/v2\/product_brand?post=209994"},{"taxonomy":"product_cat","embeddable":true,"href":"https:\/\/www.tendenzeshabbychic.it\/fr\/wp-json\/wp\/v2\/product_cat?post=209994"},{"taxonomy":"product_tag","embeddable":true,"href":"https:\/\/www.tendenzeshabbychic.it\/fr\/wp-json\/wp\/v2\/product_tag?post=209994"}],"curies":[{"name":"wp","href":"https:\/\/api.w.org\/{rel}","templated":true}]}}