{"id":209969,"date":"2025-11-18T08:49:50","date_gmt":"2025-11-18T07:49:50","guid":{"rendered":"https:\/\/www.tendenzeshabbychic.it\/prodotto\/blanc-mariclo-set-de-table-rond-en-vinyle-o38-cm-cherries-lorto\/"},"modified":"2025-11-15T12:31:50","modified_gmt":"2025-11-15T11:31:50","slug":"blanc-mariclo-set-de-table-rond-en-vinyle-o38-cm-cherries-lorto","status":"publish","type":"product","link":"https:\/\/www.tendenzeshabbychic.it\/fr\/produit\/blanc-mariclo-set-de-table-rond-en-vinyle-o38-cm-cherries-lorto\/","title":{"rendered":"Blanc MariClo Set de table rond en vinyle \u00d838 cm Cherries L&rsquo;Orto"},"content":{"rendered":"<p>Vivant et plein d&rsquo;esprit, le set de table rond en vinyle de la collection <em>L&rsquo;Orto<\/em> de Blanc MariClo attire le regard avec son design inspir\u00e9 des pique-niques champ\u00eatres. Le fond bleu \u00e0 carreaux Vichy est orn\u00e9 d&rsquo;une grappe de cerises rouges, tandis que la bordure rouge vif avec des c\u0153urs blancs et les mots \u00ab\u00a0l&rsquo;un tire l&rsquo;autre comme le rire\u00a0\u00bb \u00e9voquent la joie et la convivialit\u00e9. Fabriqu\u00e9 en vinyle, il est lavable, flexible et parfait pour ajouter de la couleur et du caract\u00e8re \u00e0 la table de tous les jours ou aux moments sp\u00e9ciaux.  <\/p>\n<ul>\n<li>Motif Vichy et graphisme sur le th\u00e8me des fruits<\/li>\n<li>Vinyle pratique, antid\u00e9rapant et lavable<\/li>\n<li>Phrase d\u00e9corative qui transmet la joie<\/li>\n<li>Id\u00e9al pour les tables d&rsquo;\u00e9t\u00e9 ou de campagne<\/li>\n<li>Collection L&rsquo;Orto Blanc MariClo<\/li>\n<\/ul>\n","protected":false},"excerpt":{"rendered":"<p>Set de table en vinyle avec des cerises sur fond bleu vichy, bordure rouge d\u00e9cor\u00e9e de c\u0153urs et de lettres ludiques. Collection L&rsquo;Orto. <\/p>\n<p>\ud83d\udccf \u00d8 38 cm<\/p>\n","protected":false},"featured_media":209950,"comment_status":"open","ping_status":"closed","template":"","meta":{"_joinchat":[]},"pwb-brand":[1561],"product_brand":[],"product_cat":[1492,1486],"product_tag":[],"class_list":{"0":"post-209969","1":"product","2":"type-product","3":"status-publish","4":"has-post-thumbnail","6":"pwb-brand-blanc-mariclo-fr","7":"product_cat-sets-de-table","8":"product_cat-la-table","10":"first","11":"instock","12":"taxable","13":"shipping-taxable","14":"purchasable","15":"product-type-simple"},"brands":[{"id":1561,"name":"Blanc Mariclo","slug":"blanc-mariclo-fr"}],"_links":{"self":[{"href":"https:\/\/www.tendenzeshabbychic.it\/fr\/wp-json\/wp\/v2\/product\/209969","targetHints":{"allow":["GET"]}}],"collection":[{"href":"https:\/\/www.tendenzeshabbychic.it\/fr\/wp-json\/wp\/v2\/product"}],"about":[{"href":"https:\/\/www.tendenzeshabbychic.it\/fr\/wp-json\/wp\/v2\/types\/product"}],"replies":[{"embeddable":true,"href":"https:\/\/www.tendenzeshabbychic.it\/fr\/wp-json\/wp\/v2\/comments?post=209969"}],"wp:featuredmedia":[{"embeddable":true,"href":"https:\/\/www.tendenzeshabbychic.it\/fr\/wp-json\/wp\/v2\/media\/209950"}],"wp:attachment":[{"href":"https:\/\/www.tendenzeshabbychic.it\/fr\/wp-json\/wp\/v2\/media?parent=209969"}],"wp:term":[{"taxonomy":"pwb-brand","embeddable":true,"href":"https:\/\/www.tendenzeshabbychic.it\/fr\/wp-json\/wp\/v2\/pwb-brand?post=209969"},{"taxonomy":"product_brand","embeddable":true,"href":"https:\/\/www.tendenzeshabbychic.it\/fr\/wp-json\/wp\/v2\/product_brand?post=209969"},{"taxonomy":"product_cat","embeddable":true,"href":"https:\/\/www.tendenzeshabbychic.it\/fr\/wp-json\/wp\/v2\/product_cat?post=209969"},{"taxonomy":"product_tag","embeddable":true,"href":"https:\/\/www.tendenzeshabbychic.it\/fr\/wp-json\/wp\/v2\/product_tag?post=209969"}],"curies":[{"name":"wp","href":"https:\/\/api.w.org\/{rel}","templated":true}]}}