{"id":209961,"date":"2025-11-18T08:49:29","date_gmt":"2025-11-18T07:49:29","guid":{"rendered":"https:\/\/www.tendenzeshabbychic.it\/prodotto\/blanc-mariclo-set-de-table-rond-en-vinyle-o38-cm-tomato-lorto\/"},"modified":"2025-11-15T12:29:29","modified_gmt":"2025-11-15T11:29:29","slug":"blanc-mariclo-set-de-table-rond-en-vinyle-o38-cm-tomato-lorto","status":"publish","type":"product","link":"https:\/\/www.tendenzeshabbychic.it\/fr\/produit\/blanc-mariclo-set-de-table-rond-en-vinyle-o38-cm-tomato-lorto\/","title":{"rendered":"Blanc MariClo Set de table rond en vinyle \u00d838 cm Tomato L&rsquo;Orto"},"content":{"rendered":"<p>Parfait pour \u00e9voquer les saveurs du jardin m\u00e9diterran\u00e9en, le set de table rond en vinyle Blanc MariClo avec tomates de la collection <em>L&rsquo;Orto<\/em> apporte de la fra\u00eecheur \u00e0 votre table. Au centre, une impression r\u00e9aliste d&rsquo;une grappe de tomates rouges avec des feuilles vertes sur un fond cr\u00e8me, encadr\u00e9e par des rayons bleus en papier et la phrase \u00ab\u00a0l&rsquo;\u00e9t\u00e9 est dans chaque bouch\u00e9e\u00a0\u00bb. Le vinyle souple est durable, lavable et antid\u00e9rapant. Id\u00e9al pour une mise en place rustique, fra\u00eeche et conviviale.   <\/p>\n<ul>\n<li>Graphiques sur le th\u00e8me du jardin avec des tomates r\u00e9alistes<\/li>\n<li>Vinyle durable, flexible et facile \u00e0 nettoyer<\/li>\n<li>Phrase d\u00e9corative po\u00e9tique pour une touche d&rsquo;originalit\u00e9<\/li>\n<li>Style Country Chic pour la table d&rsquo;\u00e9t\u00e9<\/li>\n<li>Collection L&rsquo;Orto Blanc MariClo<\/li>\n<\/ul>\n","protected":false},"excerpt":{"rendered":"<p>Set de table en vinyle avec des tomates rouges et la phrase \u00ab\u00a0l&rsquo;\u00e9t\u00e9 est dans chaque bouch\u00e9e\u00a0\u00bb, bordure de rayon en papier bleu. Pratique, lavable, d\u00e9coratif. <\/p>\n<p>\ud83d\udccf \u00d8 38 cm<\/p>\n","protected":false},"featured_media":209948,"comment_status":"open","ping_status":"closed","template":"","meta":{"_joinchat":[]},"pwb-brand":[1561],"product_brand":[],"product_cat":[1492,1486],"product_tag":[],"class_list":{"0":"post-209961","1":"product","2":"type-product","3":"status-publish","4":"has-post-thumbnail","6":"pwb-brand-blanc-mariclo-fr","7":"product_cat-sets-de-table","8":"product_cat-la-table","10":"first","11":"instock","12":"taxable","13":"shipping-taxable","14":"purchasable","15":"product-type-simple"},"brands":[{"id":1561,"name":"Blanc Mariclo","slug":"blanc-mariclo-fr"}],"_links":{"self":[{"href":"https:\/\/www.tendenzeshabbychic.it\/fr\/wp-json\/wp\/v2\/product\/209961","targetHints":{"allow":["GET"]}}],"collection":[{"href":"https:\/\/www.tendenzeshabbychic.it\/fr\/wp-json\/wp\/v2\/product"}],"about":[{"href":"https:\/\/www.tendenzeshabbychic.it\/fr\/wp-json\/wp\/v2\/types\/product"}],"replies":[{"embeddable":true,"href":"https:\/\/www.tendenzeshabbychic.it\/fr\/wp-json\/wp\/v2\/comments?post=209961"}],"wp:featuredmedia":[{"embeddable":true,"href":"https:\/\/www.tendenzeshabbychic.it\/fr\/wp-json\/wp\/v2\/media\/209948"}],"wp:attachment":[{"href":"https:\/\/www.tendenzeshabbychic.it\/fr\/wp-json\/wp\/v2\/media?parent=209961"}],"wp:term":[{"taxonomy":"pwb-brand","embeddable":true,"href":"https:\/\/www.tendenzeshabbychic.it\/fr\/wp-json\/wp\/v2\/pwb-brand?post=209961"},{"taxonomy":"product_brand","embeddable":true,"href":"https:\/\/www.tendenzeshabbychic.it\/fr\/wp-json\/wp\/v2\/product_brand?post=209961"},{"taxonomy":"product_cat","embeddable":true,"href":"https:\/\/www.tendenzeshabbychic.it\/fr\/wp-json\/wp\/v2\/product_cat?post=209961"},{"taxonomy":"product_tag","embeddable":true,"href":"https:\/\/www.tendenzeshabbychic.it\/fr\/wp-json\/wp\/v2\/product_tag?post=209961"}],"curies":[{"name":"wp","href":"https:\/\/api.w.org\/{rel}","templated":true}]}}