{"id":209958,"date":"2025-11-18T08:49:07","date_gmt":"2025-11-18T07:49:07","guid":{"rendered":"https:\/\/www.tendenzeshabbychic.it\/prodotto\/blanc-mariclo-set-de-table-rond-en-vinyle-o38-cm-fraises-lorto\/"},"modified":"2025-11-15T14:11:07","modified_gmt":"2025-11-15T13:11:07","slug":"blanc-mariclo-set-de-table-rond-en-vinyle-o38-cm-fraises-lorto","status":"publish","type":"product","link":"https:\/\/www.tendenzeshabbychic.it\/fr\/produit\/blanc-mariclo-set-de-table-rond-en-vinyle-o38-cm-fraises-lorto\/","title":{"rendered":"Blanc MariClo Set de table rond en vinyle \u00d838 cm Fraises L&rsquo;Orto"},"content":{"rendered":"<p>Apportez de la douceur et de la couleur \u00e0 la table avec le set de table rond en vinyle Blanc MariClo de la collection <em>L&rsquo;Orto<\/em>. Au centre, deux fraises rouge vif avec des feuilles vertes se d\u00e9tachent sur un d\u00e9licat fond beige vichy. La bordure verte, orn\u00e9e de petits c\u0153urs blancs et de l&rsquo;inscription \u00ab\u00a0\u00e0 table avec amour et fraises\u00a0\u00bb, apporte une touche romantique et ludique. R\u00e9alis\u00e9 en vinyle lavable et antid\u00e9rapant, il est id\u00e9al pour agr\u00e9menter vos petits d\u00e9jeuners, brunchs ou go\u00fbters dans un style Country Chic.   <\/p>\n<ul>\n<li>Impression de fruits vive et romantique<\/li>\n<li>Vinyle lavable, souple et antid\u00e9rapant<\/li>\n<li>Phrase d\u00e9corative enrichissant l&rsquo;\u00e9quipement<\/li>\n<li>Id\u00e9al pour une mise en place au printemps ou en \u00e9t\u00e9<\/li>\n<li>Collection L&rsquo;Orto Blanc MariClo<\/li>\n<\/ul>\n","protected":false},"excerpt":{"rendered":"<p>Set de table en vinyle avec des fraises sur un fond vichy beige, une bordure verte avec des c\u0153urs blancs et la phrase \u00ab\u00a0\u00e0 table avec amour et fraises\u00a0\u00bb.<\/p>\n<p>\ud83d\udccf \u00d8 38 cm<\/p>\n","protected":false},"featured_media":209954,"comment_status":"open","ping_status":"closed","template":"","meta":{"_joinchat":[]},"pwb-brand":[1561],"product_brand":[],"product_cat":[1492,1486],"product_tag":[],"class_list":{"0":"post-209958","1":"product","2":"type-product","3":"status-publish","4":"has-post-thumbnail","6":"pwb-brand-blanc-mariclo-fr","7":"product_cat-sets-de-table","8":"product_cat-la-table","10":"first","11":"instock","12":"taxable","13":"shipping-taxable","14":"purchasable","15":"product-type-simple"},"brands":[{"id":1561,"name":"Blanc Mariclo","slug":"blanc-mariclo-fr"}],"_links":{"self":[{"href":"https:\/\/www.tendenzeshabbychic.it\/fr\/wp-json\/wp\/v2\/product\/209958","targetHints":{"allow":["GET"]}}],"collection":[{"href":"https:\/\/www.tendenzeshabbychic.it\/fr\/wp-json\/wp\/v2\/product"}],"about":[{"href":"https:\/\/www.tendenzeshabbychic.it\/fr\/wp-json\/wp\/v2\/types\/product"}],"replies":[{"embeddable":true,"href":"https:\/\/www.tendenzeshabbychic.it\/fr\/wp-json\/wp\/v2\/comments?post=209958"}],"wp:featuredmedia":[{"embeddable":true,"href":"https:\/\/www.tendenzeshabbychic.it\/fr\/wp-json\/wp\/v2\/media\/209954"}],"wp:attachment":[{"href":"https:\/\/www.tendenzeshabbychic.it\/fr\/wp-json\/wp\/v2\/media?parent=209958"}],"wp:term":[{"taxonomy":"pwb-brand","embeddable":true,"href":"https:\/\/www.tendenzeshabbychic.it\/fr\/wp-json\/wp\/v2\/pwb-brand?post=209958"},{"taxonomy":"product_brand","embeddable":true,"href":"https:\/\/www.tendenzeshabbychic.it\/fr\/wp-json\/wp\/v2\/product_brand?post=209958"},{"taxonomy":"product_cat","embeddable":true,"href":"https:\/\/www.tendenzeshabbychic.it\/fr\/wp-json\/wp\/v2\/product_cat?post=209958"},{"taxonomy":"product_tag","embeddable":true,"href":"https:\/\/www.tendenzeshabbychic.it\/fr\/wp-json\/wp\/v2\/product_tag?post=209958"}],"curies":[{"name":"wp","href":"https:\/\/api.w.org\/{rel}","templated":true}]}}