{"id":209940,"date":"2025-11-18T08:49:48","date_gmt":"2025-11-18T07:49:48","guid":{"rendered":"https:\/\/www.tendenzeshabbychic.it\/prodotto\/blanc-mariclo-set-de-table-rond-en-vinyle-o38-cm-lorto\/"},"modified":"2025-11-20T17:00:09","modified_gmt":"2025-11-20T16:00:09","slug":"blanc-mariclo-set-de-table-rond-en-vinyle-o38-cm-lorto","status":"publish","type":"product","link":"https:\/\/www.tendenzeshabbychic.it\/fr\/produit\/blanc-mariclo-set-de-table-rond-en-vinyle-o38-cm-lorto\/","title":{"rendered":"Blanc MariClo Set de table rond en vinyle \u00d838 cm L&rsquo;Orto"},"content":{"rendered":"<p>Donnez \u00e0 votre table une touche rustique et raffin\u00e9e avec le set de table rond en vinyle Blanc MariClo de la collection <em>L&rsquo;Orto<\/em>. Le motif pr\u00e9sente une illustration centrale d&rsquo;abricots avec des feuilles vertes sur un fond ivoire, encadr\u00e9e par un graphique de rayon de couleur terracotta et la phrase calligraphi\u00e9e \u00ab\u00a0doux comme un rayon de soleil\u00a0\u00bb. Le mat\u00e9riau vinyle le rend facile \u00e0 nettoyer, flexible et antid\u00e9rapant. Id\u00e9al pour un petit-d\u00e9jeuner italien ou pour embellir une table d&rsquo;\u00e9t\u00e9 en plein air.   <\/p>\n<ul>\n<li>Design inspir\u00e9 de la nature, style Country Chic<\/li>\n<li>Vinyle durable, lavable et antid\u00e9rapant<\/li>\n<li>Id\u00e9al pour une utilisation quotidienne ou une mise en place saisonni\u00e8re<\/li>\n<li>Collection L&rsquo;Orto Blanc MariClo<\/li>\n<li>Peut \u00eatre combin\u00e9 avec des \u00e9l\u00e9ments floraux ou des accessoires de couleur abricot.<\/li>\n<\/ul>\n","protected":false},"excerpt":{"rendered":"<p>Set de table rond en vinyle avec un d\u00e9cor abricot et la phrase \u00ab\u00a0aussi doux qu&rsquo;un rayon de soleil\u00a0\u00bb, de la collection L&rsquo;Orto. Parfait pour une mise en place cr\u00e9ative. <\/p>\n<p>\ud83d\udccf \u00d8 38 cm<\/p>\n","protected":false},"featured_media":209930,"comment_status":"open","ping_status":"closed","template":"","meta":{"_joinchat":[]},"pwb-brand":[1561],"product_brand":[],"product_cat":[1492,1486],"product_tag":[],"class_list":{"0":"post-209940","1":"product","2":"type-product","3":"status-publish","4":"has-post-thumbnail","6":"pwb-brand-blanc-mariclo-fr","7":"product_cat-sets-de-table","8":"product_cat-la-table","10":"first","11":"instock","12":"taxable","13":"shipping-taxable","14":"purchasable","15":"product-type-simple"},"brands":[{"id":1561,"name":"Blanc Mariclo","slug":"blanc-mariclo-fr"}],"_links":{"self":[{"href":"https:\/\/www.tendenzeshabbychic.it\/fr\/wp-json\/wp\/v2\/product\/209940","targetHints":{"allow":["GET"]}}],"collection":[{"href":"https:\/\/www.tendenzeshabbychic.it\/fr\/wp-json\/wp\/v2\/product"}],"about":[{"href":"https:\/\/www.tendenzeshabbychic.it\/fr\/wp-json\/wp\/v2\/types\/product"}],"replies":[{"embeddable":true,"href":"https:\/\/www.tendenzeshabbychic.it\/fr\/wp-json\/wp\/v2\/comments?post=209940"}],"wp:featuredmedia":[{"embeddable":true,"href":"https:\/\/www.tendenzeshabbychic.it\/fr\/wp-json\/wp\/v2\/media\/209930"}],"wp:attachment":[{"href":"https:\/\/www.tendenzeshabbychic.it\/fr\/wp-json\/wp\/v2\/media?parent=209940"}],"wp:term":[{"taxonomy":"pwb-brand","embeddable":true,"href":"https:\/\/www.tendenzeshabbychic.it\/fr\/wp-json\/wp\/v2\/pwb-brand?post=209940"},{"taxonomy":"product_brand","embeddable":true,"href":"https:\/\/www.tendenzeshabbychic.it\/fr\/wp-json\/wp\/v2\/product_brand?post=209940"},{"taxonomy":"product_cat","embeddable":true,"href":"https:\/\/www.tendenzeshabbychic.it\/fr\/wp-json\/wp\/v2\/product_cat?post=209940"},{"taxonomy":"product_tag","embeddable":true,"href":"https:\/\/www.tendenzeshabbychic.it\/fr\/wp-json\/wp\/v2\/product_tag?post=209940"}],"curies":[{"name":"wp","href":"https:\/\/api.w.org\/{rel}","templated":true}]}}