{"id":209938,"date":"2025-11-18T08:49:34","date_gmt":"2025-11-18T07:49:34","guid":{"rendered":"https:\/\/www.tendenzeshabbychic.it\/prodotto\/set-de-table-rond-en-vinyle-blanc-mariclo-artichaut-collection-lorto\/"},"modified":"2026-01-07T14:58:27","modified_gmt":"2026-01-07T13:58:27","slug":"set-de-table-rond-en-vinyle-blanc-mariclo-artichaut-collection-lorto","status":"publish","type":"product","link":"https:\/\/www.tendenzeshabbychic.it\/fr\/produit\/set-de-table-rond-en-vinyle-blanc-mariclo-artichaut-collection-lorto\/","title":{"rendered":"Blanc MariCl\u00f2 Set de table rond en vinyle Artichaut &#8211; Collection L&rsquo;Orto"},"content":{"rendered":"<p>Donnez \u00e0 votre table une touche rustique et \u00e9l\u00e9gante avec ce set de table rond en vinyle de la collection &lsquo;L&rsquo;Orto&rsquo; de Blanc MariCl\u00f2. Le motif pr\u00e9sente une bordure verte sur fond cr\u00e8me et un artichaut r\u00e9aliste au centre, accompagn\u00e9 de l&rsquo;inscription \u00ab\u00a0La vraie beaut\u00e9 est cach\u00e9e\u00a0\u00bb. Fabriqu\u00e9 en vinyle durable, il est facilement lavable, imperm\u00e9able et antid\u00e9rapant. Il est parfait pour les repas informels ou comme base d\u00e9corative dans la cuisine ou la salle \u00e0 manger.   <\/p>\n<ul>\n<li>Design botanique raffin\u00e9<\/li>\n<li>Phrase inspirante imprim\u00e9e<\/li>\n<li>Vinyle lavable, antid\u00e9rapant et durable<\/li>\n<li>Id\u00e9al pour un usage quotidien ou d\u00e9coratif<\/li>\n<li>Collection : Le potager<\/li>\n<\/ul>\n","protected":false},"excerpt":{"rendered":"<p>Set de table rond en vinyle avec motif botanique d&rsquo;artichaut et phrase d&rsquo;inspiration.<\/p>\n<p>\ud83d\udccf Diam\u00e8tre 40 cm<\/p>\n","protected":false},"featured_media":209926,"comment_status":"open","ping_status":"closed","template":"","meta":{"_joinchat":[]},"pwb-brand":[1561],"product_brand":[],"product_cat":[1492,1486],"product_tag":[],"class_list":{"0":"post-209938","1":"product","2":"type-product","3":"status-publish","4":"has-post-thumbnail","6":"pwb-brand-blanc-mariclo-fr","7":"product_cat-sets-de-table","8":"product_cat-la-table","10":"first","11":"instock","12":"taxable","13":"shipping-taxable","14":"purchasable","15":"product-type-simple"},"brands":[{"id":1561,"name":"Blanc Mariclo","slug":"blanc-mariclo-fr"}],"_links":{"self":[{"href":"https:\/\/www.tendenzeshabbychic.it\/fr\/wp-json\/wp\/v2\/product\/209938","targetHints":{"allow":["GET"]}}],"collection":[{"href":"https:\/\/www.tendenzeshabbychic.it\/fr\/wp-json\/wp\/v2\/product"}],"about":[{"href":"https:\/\/www.tendenzeshabbychic.it\/fr\/wp-json\/wp\/v2\/types\/product"}],"replies":[{"embeddable":true,"href":"https:\/\/www.tendenzeshabbychic.it\/fr\/wp-json\/wp\/v2\/comments?post=209938"}],"wp:featuredmedia":[{"embeddable":true,"href":"https:\/\/www.tendenzeshabbychic.it\/fr\/wp-json\/wp\/v2\/media\/209926"}],"wp:attachment":[{"href":"https:\/\/www.tendenzeshabbychic.it\/fr\/wp-json\/wp\/v2\/media?parent=209938"}],"wp:term":[{"taxonomy":"pwb-brand","embeddable":true,"href":"https:\/\/www.tendenzeshabbychic.it\/fr\/wp-json\/wp\/v2\/pwb-brand?post=209938"},{"taxonomy":"product_brand","embeddable":true,"href":"https:\/\/www.tendenzeshabbychic.it\/fr\/wp-json\/wp\/v2\/product_brand?post=209938"},{"taxonomy":"product_cat","embeddable":true,"href":"https:\/\/www.tendenzeshabbychic.it\/fr\/wp-json\/wp\/v2\/product_cat?post=209938"},{"taxonomy":"product_tag","embeddable":true,"href":"https:\/\/www.tendenzeshabbychic.it\/fr\/wp-json\/wp\/v2\/product_tag?post=209938"}],"curies":[{"name":"wp","href":"https:\/\/api.w.org\/{rel}","templated":true}]}}