{"id":209797,"date":"2025-11-18T06:50:45","date_gmt":"2025-11-18T05:50:45","guid":{"rendered":"https:\/\/www.tendenzeshabbychic.it\/prodotto\/blanc-mariclo-set-de-table-heart-carmen-42x42-cm\/"},"modified":"2025-11-14T11:21:45","modified_gmt":"2025-11-14T10:21:45","slug":"blanc-mariclo-set-de-table-heart-carmen-42x42-cm","status":"publish","type":"product","link":"https:\/\/www.tendenzeshabbychic.it\/fr\/produit\/blanc-mariclo-set-de-table-heart-carmen-42x42-cm\/","title":{"rendered":"Blanc MariClo Set de table Heart Carmen 42&#215;42 cm"},"content":{"rendered":"<p>Romantique et raffin\u00e9, ce set de table de Blanc MariClo est fabriqu\u00e9 en 100 % coton avec traitement au boutis. Sa forme en c\u0153ur le rend id\u00e9al pour les petits d\u00e9jeuners sp\u00e9ciaux, les mises en place intimes ou comme base d\u00e9corative pour les coins de la maison. Le matelassage gaufr\u00e9 avec des motifs g\u00e9om\u00e9triques et de feuilles lui conf\u00e8re \u00e9l\u00e9gance et texture, tandis que le blanc pur le rend polyvalent et facile \u00e0 assortir. Il fait partie de la collection Carmen, synonyme de style romantique et intemporel.   <\/p>\n<ul>\n<li>Forme de c\u0153ur romantique et d\u00e9corative<\/li>\n<li>Quilting boutis avec motif \u00e9l\u00e9gant<\/li>\n<li>100% coton de haute qualit\u00e9<\/li>\n<li>Parfait pour une mise en place Shabby Chic<\/li>\n<li>Collection Carmen : style d\u00e9licat et f\u00e9minin<\/li>\n<\/ul>\n","protected":false},"excerpt":{"rendered":"<p>Set de table blanc en forme de coeur en pur coton, ex\u00e9cution boutis avec d&rsquo;\u00e9l\u00e9gants motifs matelass\u00e9s. Collection Carmen.<br \/>\n42 x 42 cm<\/p>\n","protected":false},"featured_media":209788,"comment_status":"open","ping_status":"closed","template":"","meta":{"_joinchat":[]},"pwb-brand":[1561],"product_brand":[],"product_cat":[1492,1486],"product_tag":[1365],"class_list":{"0":"post-209797","1":"product","2":"type-product","3":"status-publish","4":"has-post-thumbnail","6":"pwb-brand-blanc-mariclo-fr","7":"product_cat-sets-de-table","8":"product_cat-la-table","9":"product_tag-carmen-fr","10":"pa_colore-blanc","12":"first","13":"instock","14":"taxable","15":"shipping-taxable","16":"purchasable","17":"product-type-simple"},"brands":[{"id":1561,"name":"Blanc Mariclo","slug":"blanc-mariclo-fr"}],"_links":{"self":[{"href":"https:\/\/www.tendenzeshabbychic.it\/fr\/wp-json\/wp\/v2\/product\/209797","targetHints":{"allow":["GET"]}}],"collection":[{"href":"https:\/\/www.tendenzeshabbychic.it\/fr\/wp-json\/wp\/v2\/product"}],"about":[{"href":"https:\/\/www.tendenzeshabbychic.it\/fr\/wp-json\/wp\/v2\/types\/product"}],"replies":[{"embeddable":true,"href":"https:\/\/www.tendenzeshabbychic.it\/fr\/wp-json\/wp\/v2\/comments?post=209797"}],"wp:featuredmedia":[{"embeddable":true,"href":"https:\/\/www.tendenzeshabbychic.it\/fr\/wp-json\/wp\/v2\/media\/209788"}],"wp:attachment":[{"href":"https:\/\/www.tendenzeshabbychic.it\/fr\/wp-json\/wp\/v2\/media?parent=209797"}],"wp:term":[{"taxonomy":"pwb-brand","embeddable":true,"href":"https:\/\/www.tendenzeshabbychic.it\/fr\/wp-json\/wp\/v2\/pwb-brand?post=209797"},{"taxonomy":"product_brand","embeddable":true,"href":"https:\/\/www.tendenzeshabbychic.it\/fr\/wp-json\/wp\/v2\/product_brand?post=209797"},{"taxonomy":"product_cat","embeddable":true,"href":"https:\/\/www.tendenzeshabbychic.it\/fr\/wp-json\/wp\/v2\/product_cat?post=209797"},{"taxonomy":"product_tag","embeddable":true,"href":"https:\/\/www.tendenzeshabbychic.it\/fr\/wp-json\/wp\/v2\/product_tag?post=209797"}],"curies":[{"name":"wp","href":"https:\/\/api.w.org\/{rel}","templated":true}]}}