{"id":207223,"date":"2025-10-25T08:40:10","date_gmt":"2025-10-25T06:40:10","guid":{"rendered":"https:\/\/www.tendenzeshabbychic.it\/prodotto\/edg-branche-de-magnolia-dore-h61-cm\/"},"modified":"2025-10-25T08:40:10","modified_gmt":"2025-10-25T06:40:10","slug":"edg-branche-de-magnolia-dore-h61-cm","status":"publish","type":"product","link":"https:\/\/www.tendenzeshabbychic.it\/fr\/produit\/edg-branche-de-magnolia-dore-h61-cm\/","title":{"rendered":"EDG Branche de magnolia dor\u00e9 H61 cm"},"content":{"rendered":"<p>La branche Magnolia d&rsquo;<strong>Enzo De Gasperi<\/strong> est un accessoire d\u00e9coratif de grand effet visuel. Elle pr\u00e9sente une fleur de magnolia en tissu blanc, rehauss\u00e9e de paillettes d&rsquo;or et de pistils brillants, associ\u00e9e \u00e0 des feuilles rigides en mati\u00e8re plastique m\u00e9tallis\u00e9e bronze\/or. La branche est articul\u00e9e, ce qui la rend id\u00e9ale pour \u00eatre plac\u00e9e dans des vases, des compositions florales de No\u00ebl ou des arrangements raffin\u00e9s.  <\/p>\n<p>Parfaites pour cr\u00e9er des points lumineux d\u00e9coratifs sur les tables, les buffets ou les centres de table, elles apportent une touche spectaculaire m\u00eame lorsqu&rsquo;elles sont utilis\u00e9es individuellement.<\/p>\n<ul>\n<li>P\u00e9tales paillet\u00e9s et pistils brillants pour un effet pr\u00e9cieux<\/li>\n<li>Feuilles rigides avec finition dor\u00e9e brillante<\/li>\n<li>Branche articul\u00e9e, facile \u00e0 fa\u00e7onner<\/li>\n<li>El\u00e9gant dans des vases individuels ou des compositions<\/li>\n<li>Sign\u00e9 Enzo De Gasperi, synonyme de style<\/li>\n<\/ul>\n","protected":false},"excerpt":{"rendered":"<p>Branche d\u00e9corative avec fleur de magnolia blanche et paillettes d&rsquo;or, feuilles m\u00e9talliques couleur bronze. Une \u00e9l\u00e9gance raffin\u00e9e pour chaque vase.<br \/>\n\ud83d\udccf 61 x 25 x 10 cm<\/p>\n","protected":false},"featured_media":207219,"comment_status":"open","ping_status":"closed","template":"","meta":{"_joinchat":[]},"pwb-brand":[1564],"product_brand":[],"product_cat":[2772,1467],"product_tag":[],"class_list":{"0":"post-207223","1":"product","2":"type-product","3":"status-publish","4":"has-post-thumbnail","6":"pwb-brand-edg-fr","7":"product_cat-fleurs-en-pot","8":"product_cat-fleurs-et-plantes-artificielles","10":"first","11":"instock","12":"sale","13":"taxable","14":"shipping-taxable","15":"purchasable","16":"product-type-simple"},"brands":[{"id":1564,"name":"EDG \u2013 Enzo De Gasperi","slug":"edg-fr"}],"_links":{"self":[{"href":"https:\/\/www.tendenzeshabbychic.it\/fr\/wp-json\/wp\/v2\/product\/207223","targetHints":{"allow":["GET"]}}],"collection":[{"href":"https:\/\/www.tendenzeshabbychic.it\/fr\/wp-json\/wp\/v2\/product"}],"about":[{"href":"https:\/\/www.tendenzeshabbychic.it\/fr\/wp-json\/wp\/v2\/types\/product"}],"replies":[{"embeddable":true,"href":"https:\/\/www.tendenzeshabbychic.it\/fr\/wp-json\/wp\/v2\/comments?post=207223"}],"wp:featuredmedia":[{"embeddable":true,"href":"https:\/\/www.tendenzeshabbychic.it\/fr\/wp-json\/wp\/v2\/media\/207219"}],"wp:attachment":[{"href":"https:\/\/www.tendenzeshabbychic.it\/fr\/wp-json\/wp\/v2\/media?parent=207223"}],"wp:term":[{"taxonomy":"pwb-brand","embeddable":true,"href":"https:\/\/www.tendenzeshabbychic.it\/fr\/wp-json\/wp\/v2\/pwb-brand?post=207223"},{"taxonomy":"product_brand","embeddable":true,"href":"https:\/\/www.tendenzeshabbychic.it\/fr\/wp-json\/wp\/v2\/product_brand?post=207223"},{"taxonomy":"product_cat","embeddable":true,"href":"https:\/\/www.tendenzeshabbychic.it\/fr\/wp-json\/wp\/v2\/product_cat?post=207223"},{"taxonomy":"product_tag","embeddable":true,"href":"https:\/\/www.tendenzeshabbychic.it\/fr\/wp-json\/wp\/v2\/product_tag?post=207223"}],"curies":[{"name":"wp","href":"https:\/\/api.w.org\/{rel}","templated":true}]}}