{"id":207216,"date":"2025-10-25T08:40:27","date_gmt":"2025-10-25T06:40:27","guid":{"rendered":"https:\/\/www.tendenzeshabbychic.it\/prodotto\/edg-decoration-magnolia-avec-feuilles-dorees-h75-cm\/"},"modified":"2025-10-25T12:29:11","modified_gmt":"2025-10-25T10:29:11","slug":"edg-decoration-magnolia-avec-feuilles-dorees-h75-cm","status":"publish","type":"product","link":"https:\/\/www.tendenzeshabbychic.it\/fr\/produit\/edg-decoration-magnolia-avec-feuilles-dorees-h75-cm\/","title":{"rendered":"EDG D\u00e9coration Magnolia avec feuilles dor\u00e9es H75 cm"},"content":{"rendered":"<p>Cette d\u00e9coration murale d&rsquo;<strong>Enzo De Gasperi<\/strong> apporte une touche pittoresque et sophistiqu\u00e9e \u00e0 n&rsquo;importe quelle pi\u00e8ce. Compos\u00e9e de p\u00e9tales de magnolia en tissu blanc enrichis de d\u00e9tails en paillettes d&rsquo;or, elle pr\u00e9sente de grandes feuilles \u00e0 l&rsquo;effet m\u00e9tallique bronze-or, travaill\u00e9es en relief pour une texture r\u00e9aliste et raffin\u00e9e. La branche est flexible, con\u00e7ue pour \u00eatre suspendue gr\u00e2ce au pratique crochet sup\u00e9rieur, id\u00e9ale pour les portes, les murs ou comme \u00e9l\u00e9gant accent de No\u00ebl.  <\/p>\n<p>Parfait pour les pi\u00e8ces raffin\u00e9es de style classique ou contemporain, c&rsquo;est un \u00e9l\u00e9ment d\u00e9coratif qui attire l&rsquo;attention par sa luminosit\u00e9 et sa d\u00e9licatesse.<\/p>\n<ul>\n<li>P\u00e9tales blancs avec paillettes dor\u00e9es pour un effet brillant<\/li>\n<li>Feuilles m\u00e9tallis\u00e9es avec reliefs r\u00e9alistes<\/li>\n<li>Cadre flexible avec crochet pour une suspension facile<\/li>\n<li>Id\u00e9al pour les d\u00e9corations de No\u00ebl, de printemps ou de luxe<\/li>\n<li>Un design \u00e9l\u00e9gant sign\u00e9 Enzo De Gasperi<\/li>\n<\/ul>\n","protected":false},"excerpt":{"rendered":"<p>D\u00e9coration florale suspendue avec des magnolias blancs paillet\u00e9s et des feuilles m\u00e9talliques dor\u00e9es. Une \u00e9l\u00e9gance lumineuse pour tous les murs. <\/p>\n<p>\ud83d\udccf 75 x 30 x 15 cm<\/p>\n","protected":false},"featured_media":207210,"comment_status":"open","ping_status":"closed","template":"","meta":{"_joinchat":[]},"pwb-brand":[1564],"product_brand":[],"product_cat":[1467],"product_tag":[3137],"class_list":{"0":"post-207216","1":"product","2":"type-product","3":"status-publish","4":"has-post-thumbnail","6":"pwb-brand-edg-fr","7":"product_cat-fleurs-et-plantes-artificielles","8":"product_tag-festons-et-guirlandes","10":"first","11":"instock","12":"sale","13":"taxable","14":"shipping-taxable","15":"purchasable","16":"product-type-simple"},"brands":[{"id":1564,"name":"EDG \u2013 Enzo De Gasperi","slug":"edg-fr"}],"_links":{"self":[{"href":"https:\/\/www.tendenzeshabbychic.it\/fr\/wp-json\/wp\/v2\/product\/207216","targetHints":{"allow":["GET"]}}],"collection":[{"href":"https:\/\/www.tendenzeshabbychic.it\/fr\/wp-json\/wp\/v2\/product"}],"about":[{"href":"https:\/\/www.tendenzeshabbychic.it\/fr\/wp-json\/wp\/v2\/types\/product"}],"replies":[{"embeddable":true,"href":"https:\/\/www.tendenzeshabbychic.it\/fr\/wp-json\/wp\/v2\/comments?post=207216"}],"wp:featuredmedia":[{"embeddable":true,"href":"https:\/\/www.tendenzeshabbychic.it\/fr\/wp-json\/wp\/v2\/media\/207210"}],"wp:attachment":[{"href":"https:\/\/www.tendenzeshabbychic.it\/fr\/wp-json\/wp\/v2\/media?parent=207216"}],"wp:term":[{"taxonomy":"pwb-brand","embeddable":true,"href":"https:\/\/www.tendenzeshabbychic.it\/fr\/wp-json\/wp\/v2\/pwb-brand?post=207216"},{"taxonomy":"product_brand","embeddable":true,"href":"https:\/\/www.tendenzeshabbychic.it\/fr\/wp-json\/wp\/v2\/product_brand?post=207216"},{"taxonomy":"product_cat","embeddable":true,"href":"https:\/\/www.tendenzeshabbychic.it\/fr\/wp-json\/wp\/v2\/product_cat?post=207216"},{"taxonomy":"product_tag","embeddable":true,"href":"https:\/\/www.tendenzeshabbychic.it\/fr\/wp-json\/wp\/v2\/product_tag?post=207216"}],"curies":[{"name":"wp","href":"https:\/\/api.w.org\/{rel}","templated":true}]}}