{"id":206946,"date":"2025-10-24T20:13:34","date_gmt":"2025-10-24T18:13:34","guid":{"rendered":"https:\/\/www.tendenzeshabbychic.it\/prodotto\/edg-parfumeur-cuir-ambre-marocain-10-ml\/"},"modified":"2025-10-24T20:02:34","modified_gmt":"2025-10-24T18:02:34","slug":"edg-parfumeur-cuir-ambre-marocain-10-ml","status":"publish","type":"product","link":"https:\/\/www.tendenzeshabbychic.it\/fr\/produit\/edg-parfumeur-cuir-ambre-marocain-10-ml\/","title":{"rendered":"EDG Parfumeur Cuir Ambre Marocain 10 ml"},"content":{"rendered":"<p>Le parfumeur de voiture <strong>Enzo De Gasperi<\/strong> Cuir Moroccan Amber est un accessoire \u00e9l\u00e9gant qui allie esth\u00e9tique et bien-\u00eatre olfactif.<\/p>\n<p>Le diffuseur, recouvert de cuir synth\u00e9tique souple avec garniture dor\u00e9e, se fixe facilement \u00e0 la bouche d&rsquo;a\u00e9ration de la voiture gr\u00e2ce au clip magn\u00e9tique. Une touche de style et de confort pour chaque voyage. <\/p>\n<p><strong>Points forts :<\/strong><\/p>\n<ul>\n<li>Parfum chaud et sophistiqu\u00e9 Ambre marocain<\/li>\n<li>Design \u00e9l\u00e9gant en cuir synth\u00e9tique beige<\/li>\n<li>Clip magn\u00e9tique pour une fixation simple et s\u00fbre<\/li>\n<li>Rechargeable avec les essences EDG<\/li>\n<li>Id\u00e9e cadeau raffin\u00e9e et originale d&rsquo;Enzo De Gasperi<\/li>\n<\/ul>\n","protected":false},"excerpt":{"rendered":"<p>Diffuseur de voiture en cuir synth\u00e9tique avec 10 ml de parfum Ambre du Maroc, raffin\u00e9 et rechargeable.<br \/>\n\ud83d\udccf L 6 x P 5,5 cm<\/p>\n<p>La fragrance, chaude et sensuelle, s&rsquo;ouvre sur des notes <strong>fruit\u00e9es et de noix de coco<\/strong>, \u00e9volue vers un c\u0153ur <strong>floral d&rsquo;Ylang Ylang, de Muguet et de Tub\u00e9reuse<\/strong>, et se referme sur une base enveloppante de <strong>Bois de C\u00e8dre, d&rsquo;Ambre et de bois doux.<\/strong><\/p>\n","protected":false},"featured_media":206938,"comment_status":"open","ping_status":"closed","template":"","meta":{"_joinchat":[]},"pwb-brand":[1564],"product_brand":[],"product_cat":[1515],"product_tag":[1296],"class_list":{"0":"post-206946","1":"product","2":"type-product","3":"status-publish","4":"has-post-thumbnail","6":"pwb-brand-edg-fr","7":"product_cat-parfumeurs","8":"product_tag-idee-de-cadeau","10":"first","11":"instock","12":"taxable","13":"shipping-taxable","14":"purchasable","15":"product-type-simple"},"brands":[{"id":1564,"name":"EDG \u2013 Enzo De Gasperi","slug":"edg-fr"}],"_links":{"self":[{"href":"https:\/\/www.tendenzeshabbychic.it\/fr\/wp-json\/wp\/v2\/product\/206946","targetHints":{"allow":["GET"]}}],"collection":[{"href":"https:\/\/www.tendenzeshabbychic.it\/fr\/wp-json\/wp\/v2\/product"}],"about":[{"href":"https:\/\/www.tendenzeshabbychic.it\/fr\/wp-json\/wp\/v2\/types\/product"}],"replies":[{"embeddable":true,"href":"https:\/\/www.tendenzeshabbychic.it\/fr\/wp-json\/wp\/v2\/comments?post=206946"}],"wp:featuredmedia":[{"embeddable":true,"href":"https:\/\/www.tendenzeshabbychic.it\/fr\/wp-json\/wp\/v2\/media\/206938"}],"wp:attachment":[{"href":"https:\/\/www.tendenzeshabbychic.it\/fr\/wp-json\/wp\/v2\/media?parent=206946"}],"wp:term":[{"taxonomy":"pwb-brand","embeddable":true,"href":"https:\/\/www.tendenzeshabbychic.it\/fr\/wp-json\/wp\/v2\/pwb-brand?post=206946"},{"taxonomy":"product_brand","embeddable":true,"href":"https:\/\/www.tendenzeshabbychic.it\/fr\/wp-json\/wp\/v2\/product_brand?post=206946"},{"taxonomy":"product_cat","embeddable":true,"href":"https:\/\/www.tendenzeshabbychic.it\/fr\/wp-json\/wp\/v2\/product_cat?post=206946"},{"taxonomy":"product_tag","embeddable":true,"href":"https:\/\/www.tendenzeshabbychic.it\/fr\/wp-json\/wp\/v2\/product_tag?post=206946"}],"curies":[{"name":"wp","href":"https:\/\/api.w.org\/{rel}","templated":true}]}}