{"id":206876,"date":"2025-10-25T07:00:04","date_gmt":"2025-10-25T05:00:04","guid":{"rendered":"https:\/\/www.tendenzeshabbychic.it\/prodotto\/edg-alchechengi-branche-orange-jaune-h70-cm\/"},"modified":"2026-04-03T10:39:59","modified_gmt":"2026-04-03T08:39:59","slug":"edg-alchechengi-branche-orange-jaune-h70-cm","status":"publish","type":"product","link":"https:\/\/www.tendenzeshabbychic.it\/fr\/produit\/edg-alchechengi-branche-orange-jaune-h70-cm\/","title":{"rendered":"EDG Alchechengi Branche orange-jaune H70 cm"},"content":{"rendered":"<p>Cette branche d\u00e9corative d&rsquo;Enzo De Gasperi alchechengi, d&rsquo;une hauteur de 70 cm, se distingue par sa l\u00e9g\u00e8ret\u00e9 visuelle et ses d\u00e9tails sophistiqu\u00e9s. Les capsules, r\u00e9alis\u00e9es en tissu avec une finition semi-mate, sont nuanc\u00e9es de jaune d&rsquo;or \u00e0 orange br\u00fbl\u00e9 avec des touches de rouge et de l\u00e9gers reflets dor\u00e9s. Chaque fruit est encadr\u00e9 par des s\u00e9pales stylis\u00e9s qui donnent du mouvement \u00e0 la composition. Les branches sont fines, l\u00e9g\u00e8res et flexibles, avec de petites feuilles en forme d&rsquo;aiguilles qui rendent la branche encore plus r\u00e9aliste. Parfait pour les d\u00e9corations d&rsquo;automne, les arrangements floraux ou les compositions modernes.    <\/p>\n<ul>\n<li>Capsules teint\u00e9es de jaune, d&rsquo;orange et de rouge<\/li>\n<li>Des reflets dor\u00e9s et des d\u00e9tails d\u00e9coratifs pr\u00e9cis<\/li>\n<li>Structure flexible et facilement modelable<\/li>\n<li>Id\u00e9al pour les compositions saisonni\u00e8res ou modernes<\/li>\n<li>Qualit\u00e9 d\u00e9corative par Enzo De Gasperi<\/li>\n<\/ul>\n","protected":false},"excerpt":{"rendered":"<p>Branche artificielle avec des capsules d&rsquo;alchechengi jaune-orange, des d\u00e9tails dor\u00e9s et de fines feuilles.<br \/>\nH70 x L25 x P15<\/p>\n","protected":false},"featured_media":206868,"comment_status":"open","ping_status":"closed","template":"","meta":{"_joinchat":[]},"pwb-brand":[1564],"product_brand":[],"product_cat":[2772,1467],"product_tag":[],"class_list":{"0":"post-206876","1":"product","2":"type-product","3":"status-publish","4":"has-post-thumbnail","6":"pwb-brand-edg-fr","7":"product_cat-fleurs-en-pot","8":"product_cat-fleurs-et-plantes-artificielles","10":"first","11":"instock","12":"taxable","13":"shipping-taxable","14":"purchasable","15":"product-type-simple"},"brands":[{"id":1564,"name":"EDG \u2013 Enzo De Gasperi","slug":"edg-fr"}],"_links":{"self":[{"href":"https:\/\/www.tendenzeshabbychic.it\/fr\/wp-json\/wp\/v2\/product\/206876","targetHints":{"allow":["GET"]}}],"collection":[{"href":"https:\/\/www.tendenzeshabbychic.it\/fr\/wp-json\/wp\/v2\/product"}],"about":[{"href":"https:\/\/www.tendenzeshabbychic.it\/fr\/wp-json\/wp\/v2\/types\/product"}],"replies":[{"embeddable":true,"href":"https:\/\/www.tendenzeshabbychic.it\/fr\/wp-json\/wp\/v2\/comments?post=206876"}],"wp:featuredmedia":[{"embeddable":true,"href":"https:\/\/www.tendenzeshabbychic.it\/fr\/wp-json\/wp\/v2\/media\/206868"}],"wp:attachment":[{"href":"https:\/\/www.tendenzeshabbychic.it\/fr\/wp-json\/wp\/v2\/media?parent=206876"}],"wp:term":[{"taxonomy":"pwb-brand","embeddable":true,"href":"https:\/\/www.tendenzeshabbychic.it\/fr\/wp-json\/wp\/v2\/pwb-brand?post=206876"},{"taxonomy":"product_brand","embeddable":true,"href":"https:\/\/www.tendenzeshabbychic.it\/fr\/wp-json\/wp\/v2\/product_brand?post=206876"},{"taxonomy":"product_cat","embeddable":true,"href":"https:\/\/www.tendenzeshabbychic.it\/fr\/wp-json\/wp\/v2\/product_cat?post=206876"},{"taxonomy":"product_tag","embeddable":true,"href":"https:\/\/www.tendenzeshabbychic.it\/fr\/wp-json\/wp\/v2\/product_tag?post=206876"}],"curies":[{"name":"wp","href":"https:\/\/api.w.org\/{rel}","templated":true}]}}