{"id":206822,"date":"2025-08-03T01:00:01","date_gmt":"2025-08-02T23:00:01","guid":{"rendered":"https:\/\/www.tendenzeshabbychic.it\/?post_type=product&#038;p=206822"},"modified":"2025-10-29T17:36:54","modified_gmt":"2025-10-29T16:36:54","slug":"edg-noeud-en-velours-bourgogne-avec-clip-h30-x-l13-cm-copia","status":"publish","type":"product","link":"https:\/\/www.tendenzeshabbychic.it\/fr\/produit\/edg-noeud-en-velours-bourgogne-avec-clip-h30-x-l13-cm-copia\/","title":{"rendered":"EDG Fl\u00e8che en velours dor\u00e9 avec clip H30"},"content":{"rendered":"<p>Le n\u0153ud en velours dor\u00e9 <strong>Enzo De Gasperi<\/strong> est un accessoire raffin\u00e9 id\u00e9al pour enrichir les d\u00e9corations de No\u00ebl, les guirlandes ou les paquets cadeaux.<br \/>\nR\u00e9alis\u00e9 en velours doux avec une texture lisse et lumineuse, il donne une touche \u00e9l\u00e9gante et chaleureuse \u00e0 l&rsquo;environnement.<br \/>\nParfait pour ceux qui veulent un d\u00e9tail sophistiqu\u00e9 et intemporel dans leurs d\u00e9corations.<\/p>\n<p><strong>Points forts :<\/strong><\/p>\n<ul>\n<li>Velours doux et dor\u00e9 avec effet lumineux<\/li>\n<li>Clip m\u00e9tallique pour une application facile<\/li>\n<li>Design \u00e9l\u00e9gant et raffin\u00e9<\/li>\n<li>R\u00e9utilisable dans diff\u00e9rentes d\u00e9corations de No\u00ebl<\/li>\n<li>Parfait pour les arbres, les couronnes ou les emballages cadeaux<\/li>\n<\/ul>\n\n\t<section class=\"section linkified dark\" id=\"section_1046354172\">\n\t\t<div class=\"section-bg fill\" >\n\t\t\t<img loading=\"lazy\" decoding=\"async\" width=\"800\" height=\"213\" src=\"https:\/\/www.tendenzeshabbychic.it\/wp-content\/uploads\/2021\/09\/natale-hero-1-800x213.jpg\" class=\"bg attachment-medium size-medium\" alt=\"\" \/>\t\t\t\t\t\t<div class=\"section-bg-overlay absolute fill\"><\/div>\n\t\t\t\n\n\t\t<\/div>\n\n\t\t\n\n\t\t<div class=\"section-content relative\">\n\t\t\t\n\n<div class=\"row\"  id=\"row-1888590565\">\n\n\n\t<div id=\"col-1302729167\" class=\"col small-12 large-12\"  >\n\t\t\t\t<div class=\"col-inner text-center\"  >\n\t\t\t\n\t\t\t\n\n<h3><span style=\"font-size: 180%;\">No\u00ebl<\/span><\/h3>\n<p>D\u00e9couvrez la large s\u00e9lection de produits pour d\u00e9corer votre maison pour No\u00ebl.<\/p>\n<a href=\"https:\/\/www.tendenzeshabbychic.it\/fr\/categorie-de-produit\/noel\/\" class=\"button alert is-shade box-shadow-3 box-shadow-5-hover\" style=\"border-radius:5px;\">\n\t\t<span>Cliquez ici<\/span>\n\t<\/a>\n\n\n\n\t\t<\/div>\n\t\t\t\t\t<\/div>\n\n\t\n\n<\/div>\n\n\t\t<\/div>\n\n\t\t\n<style>\n#section_1046354172 {\n  padding-top: 12px;\n  padding-bottom: 12px;\n}\n#section_1046354172 .section-bg-overlay {\n  background-color: rgba(0, 0, 0, 0.419);\n}\n#section_1046354172 .section-bg img {\n  object-position: 21% 51%;\n}\n@media (min-width:550px) {\n  #section_1046354172 {\n    padding-top: 57px;\n    padding-bottom: 57px;\n  }\n}\n<\/style>\n\t<\/section>\n\t\n","protected":false},"excerpt":{"rendered":"<p>\u00c9l\u00e9gant n\u0153ud en velours dor\u00e9 avec clip arri\u00e8re, parfait pour les d\u00e9corations de No\u00ebl ou florales.<\/p>\n<p>\ud83d\udccf H 30 x L 13 cm<\/p>\n<p>Le clip m\u00e9tallique arri\u00e8re permet une fixation pratique et s\u00fbre sur les branches, les couronnes ou les tissus, ce qui le rend polyvalent et r\u00e9utilisable.<\/p>\n","protected":false},"featured_media":206829,"comment_status":"open","ping_status":"closed","template":"","meta":{"_joinchat":[]},"pwb-brand":[1564],"product_brand":[],"product_cat":[2465,1503],"product_tag":[1394],"class_list":{"0":"post-206822","1":"product","2":"type-product","3":"status-publish","4":"has-post-thumbnail","6":"pwb-brand-edg-fr","7":"product_cat-boules-et-decorations-de-sapin-de-noel","8":"product_cat-noel","9":"product_tag-fleche","10":"pa_colore-or","12":"first","13":"instock","14":"sale","15":"taxable","16":"shipping-taxable","17":"purchasable","18":"product-type-simple"},"brands":[{"id":1564,"name":"EDG \u2013 Enzo De Gasperi","slug":"edg-fr"}],"_links":{"self":[{"href":"https:\/\/www.tendenzeshabbychic.it\/fr\/wp-json\/wp\/v2\/product\/206822","targetHints":{"allow":["GET"]}}],"collection":[{"href":"https:\/\/www.tendenzeshabbychic.it\/fr\/wp-json\/wp\/v2\/product"}],"about":[{"href":"https:\/\/www.tendenzeshabbychic.it\/fr\/wp-json\/wp\/v2\/types\/product"}],"replies":[{"embeddable":true,"href":"https:\/\/www.tendenzeshabbychic.it\/fr\/wp-json\/wp\/v2\/comments?post=206822"}],"wp:featuredmedia":[{"embeddable":true,"href":"https:\/\/www.tendenzeshabbychic.it\/fr\/wp-json\/wp\/v2\/media\/206829"}],"wp:attachment":[{"href":"https:\/\/www.tendenzeshabbychic.it\/fr\/wp-json\/wp\/v2\/media?parent=206822"}],"wp:term":[{"taxonomy":"pwb-brand","embeddable":true,"href":"https:\/\/www.tendenzeshabbychic.it\/fr\/wp-json\/wp\/v2\/pwb-brand?post=206822"},{"taxonomy":"product_brand","embeddable":true,"href":"https:\/\/www.tendenzeshabbychic.it\/fr\/wp-json\/wp\/v2\/product_brand?post=206822"},{"taxonomy":"product_cat","embeddable":true,"href":"https:\/\/www.tendenzeshabbychic.it\/fr\/wp-json\/wp\/v2\/product_cat?post=206822"},{"taxonomy":"product_tag","embeddable":true,"href":"https:\/\/www.tendenzeshabbychic.it\/fr\/wp-json\/wp\/v2\/product_tag?post=206822"}],"curies":[{"name":"wp","href":"https:\/\/api.w.org\/{rel}","templated":true}]}}