{"id":206378,"date":"2025-10-22T16:15:11","date_gmt":"2025-10-22T14:15:11","guid":{"rendered":"https:\/\/www.tendenzeshabbychic.it\/prodotto\/latelier-17-coussin-cheval-a-bascule-rouge-45cm\/"},"modified":"2025-10-22T16:15:11","modified_gmt":"2025-10-22T14:15:11","slug":"latelier-17-coussin-cheval-a-bascule-rouge-45cm","status":"publish","type":"product","link":"https:\/\/www.tendenzeshabbychic.it\/fr\/produit\/latelier-17-coussin-cheval-a-bascule-rouge-45cm\/","title":{"rendered":"L&rsquo;Atelier 17 Coussin cheval \u00e0 bascule rouge 45cm"},"content":{"rendered":"<p>Ce cheval \u00e0 bascule d\u00e9coratif de <em>L&rsquo;Atelier 17<\/em> est un meuble doux et \u00e9vocateur, parfait pour \u00e9voquer l&rsquo;atmosph\u00e8re chaleureuse et famili\u00e8re des vacances ou pour d\u00e9corer avec go\u00fbt une chambre d&rsquo;enfant. Le corps rouge vif contraste avec la crini\u00e8re blanche \u00e0 effet laine et la base rembourr\u00e9e, tandis que la selle en tartan vert ajoute une touche classique et douillette. <\/p>\n<p>Sa fabrication soign\u00e9e en fait non seulement un objet de d\u00e9coration mais aussi une id\u00e9e de cadeau originale et m\u00e9morable. Plac\u00e9 dans un contexte hivernal ou de No\u00ebl, il donne du caract\u00e8re et de la chaleur en toute simplicit\u00e9. <\/p>\n<p><strong>Points forts :<\/strong><\/p>\n<ul>\n<li>Irr\u00e9sistible dessin de No\u00ebl de style champ\u00eatre<\/li>\n<li>Tissu doux avec crini\u00e8re effet peluche<\/li>\n<li>Motif Tartan pour une touche classique et chaleureuse<\/li>\n<li>Id\u00e9al pour les chambres d&rsquo;enfants ou les environnements montagneux<\/li>\n<li>Qualit\u00e9 de l&rsquo;artisanat L&rsquo;Atelier 17<\/li>\n<\/ul>\n","protected":false},"excerpt":{"rendered":"<p>Coussin d\u00e9coratif en forme de cheval \u00e0 bascule en tissu rouge chaud avec d\u00e9tails \u00e9cossais verts et crini\u00e8re \u00e0 effet peluche.<\/p>\n<p>La base rembourr\u00e9e marron fonc\u00e9 est compl\u00e9t\u00e9e par des inserts \u00e0 motifs \u00e9cossais, pour un r\u00e9sultat charmant parfait pour les d\u00e9cors de No\u00ebl ou de style chalet.<\/p>\n<p>\ud83d\udccf 45 x 38 x 12 cm.<\/p>\n","protected":false},"featured_media":206074,"comment_status":"open","ping_status":"closed","template":"","meta":{"_joinchat":[]},"pwb-brand":[1560],"product_brand":[],"product_cat":[1469],"product_tag":[1296],"class_list":{"0":"post-206378","1":"product","2":"type-product","3":"status-publish","4":"has-post-thumbnail","6":"pwb-brand-atelier-17-fr","7":"product_cat-coussins","8":"product_tag-idee-de-cadeau","10":"first","11":"instock","12":"taxable","13":"shipping-taxable","14":"purchasable","15":"product-type-simple"},"brands":[{"id":1560,"name":"L\u2019Atelier 17","slug":"atelier-17-fr"}],"_links":{"self":[{"href":"https:\/\/www.tendenzeshabbychic.it\/fr\/wp-json\/wp\/v2\/product\/206378","targetHints":{"allow":["GET"]}}],"collection":[{"href":"https:\/\/www.tendenzeshabbychic.it\/fr\/wp-json\/wp\/v2\/product"}],"about":[{"href":"https:\/\/www.tendenzeshabbychic.it\/fr\/wp-json\/wp\/v2\/types\/product"}],"replies":[{"embeddable":true,"href":"https:\/\/www.tendenzeshabbychic.it\/fr\/wp-json\/wp\/v2\/comments?post=206378"}],"wp:featuredmedia":[{"embeddable":true,"href":"https:\/\/www.tendenzeshabbychic.it\/fr\/wp-json\/wp\/v2\/media\/206074"}],"wp:attachment":[{"href":"https:\/\/www.tendenzeshabbychic.it\/fr\/wp-json\/wp\/v2\/media?parent=206378"}],"wp:term":[{"taxonomy":"pwb-brand","embeddable":true,"href":"https:\/\/www.tendenzeshabbychic.it\/fr\/wp-json\/wp\/v2\/pwb-brand?post=206378"},{"taxonomy":"product_brand","embeddable":true,"href":"https:\/\/www.tendenzeshabbychic.it\/fr\/wp-json\/wp\/v2\/product_brand?post=206378"},{"taxonomy":"product_cat","embeddable":true,"href":"https:\/\/www.tendenzeshabbychic.it\/fr\/wp-json\/wp\/v2\/product_cat?post=206378"},{"taxonomy":"product_tag","embeddable":true,"href":"https:\/\/www.tendenzeshabbychic.it\/fr\/wp-json\/wp\/v2\/product_tag?post=206378"}],"curies":[{"name":"wp","href":"https:\/\/api.w.org\/{rel}","templated":true}]}}