{"id":206339,"date":"2025-08-01T01:00:01","date_gmt":"2025-07-31T23:00:01","guid":{"rendered":"https:\/\/www.tendenzeshabbychic.it\/prodotto\/latelier-17-paire-de-serviettes-eponge-natalini-let-it-snow-100-coton\/"},"modified":"2025-11-26T23:55:17","modified_gmt":"2025-11-26T22:55:17","slug":"latelier-17-paire-de-serviettes-eponge-natalini-let-it-snow-100-coton","status":"publish","type":"product","link":"https:\/\/www.tendenzeshabbychic.it\/fr\/produit\/latelier-17-paire-de-serviettes-eponge-natalini-let-it-snow-100-coton\/","title":{"rendered":"L&rsquo;Atelier 17 Paire de serviettes \u00e9ponge NATALINI \u00ab\u00a0LET IT SNOW\u00a0\u00bb &#8211; 100% Coton"},"content":{"rendered":"<p>Une id\u00e9e gaie et originale pour d\u00e9corer la salle de bains pendant les f\u00eates ou pour offrir. Les broderies de No\u00ebl et la phrase \u00ab\u00a0Let it Snow\u00a0\u00bb apportent imm\u00e9diatement une touche de magie dans la maison. <\/p>\n<p>\ud83c\udf84 <strong>Collection :<\/strong> I Natalini<br \/>\n\ud83e\uddf5 <strong>Mati\u00e8re :<\/strong> 100% coton &#8211; qualit\u00e9 \u00e9ponge<br \/>\n\ud83d\udccf <strong>Taille :<\/strong> 60\u00d7100 cm + 60\u00d740 cm<\/p>\n<p><strong>\ud83e\uddfc Entretien :<\/strong> Lavable en machine &#8211; suivre les instructions figurant sur l&rsquo;\u00e9tiquette.<\/p>\n","protected":false},"excerpt":{"rendered":"<p>Ensemble de No\u00ebl compos\u00e9 de <strong>2 serviettes \u00e9ponge<\/strong> blanches <strong>en 100% coton<\/strong>, orn\u00e9es de <strong>broderies de No\u00ebl<\/strong> (hibou et renne) et de lettres rouges \u00ab\u00a0Let it Snow\u00a0\u00bb.<\/p>\n<p>&#8211; <strong>Serviette de toilette<\/strong>: 60\u00d7100 cm<br \/>\n&#8211; <strong>Serviette d&rsquo;invit\u00e9<\/strong>: 60\u00d740 cm<\/p>\n<p><iframe loading=\"lazy\" title=\"L'Atelier 17 serviettes de No\u00ebl\" src=\"https:\/\/www.youtube.com\/embed\/yREBSU2NkUM\" width=\"458\" height=\"815\" frameborder=\"0\" allowfullscreen=\"allowfullscreen\"><\/iframe><\/p>\n","protected":false},"featured_media":206191,"comment_status":"open","ping_status":"closed","template":"","meta":{"_joinchat":[]},"pwb-brand":[449],"product_brand":[],"product_cat":[1473,1464,1503],"product_tag":[523],"class_list":{"0":"post-206339","1":"product","2":"type-product","3":"status-publish","4":"has-post-thumbnail","6":"pwb-brand-atelier-17","7":"product_cat-serviettes","8":"product_cat-la-salle-de-bains","9":"product_cat-noel","10":"product_tag-idea-regalo","12":"first","13":"instock","14":"sale","15":"taxable","16":"shipping-taxable","17":"purchasable","18":"product-type-simple"},"brands":[{"id":1560,"name":"L\u2019Atelier 17","slug":"atelier-17-fr"}],"_links":{"self":[{"href":"https:\/\/www.tendenzeshabbychic.it\/fr\/wp-json\/wp\/v2\/product\/206339","targetHints":{"allow":["GET"]}}],"collection":[{"href":"https:\/\/www.tendenzeshabbychic.it\/fr\/wp-json\/wp\/v2\/product"}],"about":[{"href":"https:\/\/www.tendenzeshabbychic.it\/fr\/wp-json\/wp\/v2\/types\/product"}],"replies":[{"embeddable":true,"href":"https:\/\/www.tendenzeshabbychic.it\/fr\/wp-json\/wp\/v2\/comments?post=206339"}],"wp:featuredmedia":[{"embeddable":true,"href":"https:\/\/www.tendenzeshabbychic.it\/fr\/wp-json\/wp\/v2\/media\/206191"}],"wp:attachment":[{"href":"https:\/\/www.tendenzeshabbychic.it\/fr\/wp-json\/wp\/v2\/media?parent=206339"}],"wp:term":[{"taxonomy":"pwb-brand","embeddable":true,"href":"https:\/\/www.tendenzeshabbychic.it\/fr\/wp-json\/wp\/v2\/pwb-brand?post=206339"},{"taxonomy":"product_brand","embeddable":true,"href":"https:\/\/www.tendenzeshabbychic.it\/fr\/wp-json\/wp\/v2\/product_brand?post=206339"},{"taxonomy":"product_cat","embeddable":true,"href":"https:\/\/www.tendenzeshabbychic.it\/fr\/wp-json\/wp\/v2\/product_cat?post=206339"},{"taxonomy":"product_tag","embeddable":true,"href":"https:\/\/www.tendenzeshabbychic.it\/fr\/wp-json\/wp\/v2\/product_tag?post=206339"}],"curies":[{"name":"wp","href":"https:\/\/api.w.org\/{rel}","templated":true}]}}