{"id":206001,"date":"2025-10-21T11:58:02","date_gmt":"2025-10-21T09:58:02","guid":{"rendered":"https:\/\/www.tendenzeshabbychic.it\/prodotto\/mathilde-m-fleur-parfumee-fete-nacree-53-cm\/"},"modified":"2025-10-21T11:58:02","modified_gmt":"2025-10-21T09:58:02","slug":"mathilde-m-fleur-parfumee-fete-nacree-53-cm","status":"publish","type":"product","link":"https:\/\/www.tendenzeshabbychic.it\/fr\/produit\/mathilde-m-fleur-parfumee-fete-nacree-53-cm\/","title":{"rendered":"Mathilde M Fleur parfum\u00e9e F\u00eate Nacr\u00e9e 5,3 cm"},"content":{"rendered":"<p>Cette ravissante fleur parfum\u00e9e de la collection <em>F\u00eate Nacr\u00e9e<\/em> de Mathilde M est une petite \u0153uvre d&rsquo;art artisanale, id\u00e9ale pour ajouter une touche d&rsquo;\u00e9l\u00e9gance et de parfum \u00e0 vos espaces les plus intimes. Enti\u00e8rement r\u00e9alis\u00e9e \u00e0 la main en pl\u00e2tre blanc, la fleur pr\u00e9sente une perle centrale sertie et des p\u00e9tales finement travaill\u00e9s. Le n\u0153ud en satin sarcelle ajoute une touche de sophistication \u00e0 la fran\u00e7aise.  <\/p>\n<p>Parfum\u00e9 avec la fragrance <em>Sapin Givr\u00e9<\/em>, il \u00e9voque l&rsquo;atmosph\u00e8re enchant\u00e9e d&rsquo;une promenade dans la for\u00eat enneig\u00e9e : des notes de t\u00eate fra\u00eeches d&rsquo;eucalyptus et de cypr\u00e8s se m\u00ealent au c\u0153ur balsamique de sapin et \u00e0 un fond chaud et persistant de bois de c\u00e8dre et de patchouli. Un parfum pur et hivernal, id\u00e9al pour les tiroirs, les armoires ou les valises. <\/p>\n<p>\ud83d\udca1 Lorsque le parfum s&rsquo;estompe, il peut \u00eatre raviv\u00e9 avec le concentr\u00e9 de parfum Mathilde M de la m\u00eame ligne.<\/p>\n<p><strong>Points forts :<\/strong><\/p>\n<ul>\n<li>Fabriqu\u00e9 \u00e0 la main dans les ateliers de Mathilde M avec un soin artisanal<\/li>\n<li>Design \u00e9l\u00e9gant avec ruban sarcelle et fleur perl\u00e9e<\/li>\n<li>Parfum intense et vivifiant inspir\u00e9 des for\u00eats d&rsquo;hiver.<\/li>\n<li>Parfait pour parfumer les petites pi\u00e8ces<\/li>\n<li>Rechargeable avec un concentr\u00e9 de parfum pour une longue dur\u00e9e de vie<\/li>\n<\/ul>\n","protected":false},"excerpt":{"rendered":"<p>D\u00e9coration raffin\u00e9e en pl\u00e2tre parfum\u00e9 en forme de fleur avec des d\u00e9tails en relief et une perle centrale, enrichie d&rsquo;un \u00e9l\u00e9gant ruban de satin sarcelle. Issu de la collection F\u00eate Nacr\u00e9e Christmas, il d\u00e9gage un parfum frais et bois\u00e9 avec des notes d&rsquo;eucalyptus, de sapin et de patchouli. Parfait pour les petits espaces tels que les armoires, les tiroirs ou les valises.  <\/p>\n<p>\ud83d\udccf 5,3 x 5,4 x 1,7 cm<\/p>\n","protected":false},"featured_media":205948,"comment_status":"open","ping_status":"closed","template":"","meta":{"_joinchat":[]},"pwb-brand":[621],"product_brand":[],"product_cat":[1521,1515],"product_tag":[523],"class_list":{"0":"post-206001","1":"product","2":"type-product","3":"status-publish","4":"has-post-thumbnail","6":"pwb-brand-mathilde-m","7":"product_cat-craies-parfumees","8":"product_cat-parfumeurs","9":"product_tag-idea-regalo","11":"first","12":"instock","13":"taxable","14":"shipping-taxable","15":"purchasable","16":"product-type-simple"},"brands":[{"id":1562,"name":"Mathilde M.","slug":"mathilde-m-fr"}],"_links":{"self":[{"href":"https:\/\/www.tendenzeshabbychic.it\/fr\/wp-json\/wp\/v2\/product\/206001","targetHints":{"allow":["GET"]}}],"collection":[{"href":"https:\/\/www.tendenzeshabbychic.it\/fr\/wp-json\/wp\/v2\/product"}],"about":[{"href":"https:\/\/www.tendenzeshabbychic.it\/fr\/wp-json\/wp\/v2\/types\/product"}],"replies":[{"embeddable":true,"href":"https:\/\/www.tendenzeshabbychic.it\/fr\/wp-json\/wp\/v2\/comments?post=206001"}],"wp:featuredmedia":[{"embeddable":true,"href":"https:\/\/www.tendenzeshabbychic.it\/fr\/wp-json\/wp\/v2\/media\/205948"}],"wp:attachment":[{"href":"https:\/\/www.tendenzeshabbychic.it\/fr\/wp-json\/wp\/v2\/media?parent=206001"}],"wp:term":[{"taxonomy":"pwb-brand","embeddable":true,"href":"https:\/\/www.tendenzeshabbychic.it\/fr\/wp-json\/wp\/v2\/pwb-brand?post=206001"},{"taxonomy":"product_brand","embeddable":true,"href":"https:\/\/www.tendenzeshabbychic.it\/fr\/wp-json\/wp\/v2\/product_brand?post=206001"},{"taxonomy":"product_cat","embeddable":true,"href":"https:\/\/www.tendenzeshabbychic.it\/fr\/wp-json\/wp\/v2\/product_cat?post=206001"},{"taxonomy":"product_tag","embeddable":true,"href":"https:\/\/www.tendenzeshabbychic.it\/fr\/wp-json\/wp\/v2\/product_tag?post=206001"}],"curies":[{"name":"wp","href":"https:\/\/api.w.org\/{rel}","templated":true}]}}