{"id":205996,"date":"2025-10-21T12:03:53","date_gmt":"2025-10-21T10:03:53","guid":{"rendered":"https:\/\/www.tendenzeshabbychic.it\/prodotto\/mathilde-m-scented-flower-fete-nacree-53-cm-the-de-fete\/"},"modified":"2025-11-01T21:28:38","modified_gmt":"2025-11-01T20:28:38","slug":"mathilde-m-scented-flower-fete-nacree-53-cm-the-de-fete","status":"publish","type":"product","link":"https:\/\/www.tendenzeshabbychic.it\/fr\/produit\/mathilde-m-scented-flower-fete-nacree-53-cm-the-de-fete\/","title":{"rendered":"Mathilde M Scented Flower F\u00eate Nacr\u00e9e 5,3 cm Th\u00e9 de F\u00eate"},"content":{"rendered":"<p>Un objet de d\u00e9coration qui est aussi une exp\u00e9rience sensorielle raffin\u00e9e : la fleur parfum\u00e9e <em>F\u00eate Nacr\u00e9e Th\u00e9 de F\u00eate de<\/em> Mathilde M est fabriqu\u00e9e \u00e0 la main en pl\u00e2tre et agr\u00e9ment\u00e9e de d\u00e9tails en relief et d&rsquo;une jolie perle centrale. Le ruban de satin rose poudr\u00e9 apporte une touche de d\u00e9licatesse f\u00e9minine, inspir\u00e9e du charme royal de Marie-Antoinette. <\/p>\n<p>Le parfum Th\u00e9 de F\u00eate enchante par un d\u00e9part p\u00e9tillant et \u00e9pic\u00e9 de th\u00e9 noir et de cardamome, suivi d&rsquo;un c\u0153ur enveloppant de gingembre et de miel, pour finir par un sillage gourmand de vanille et de bois de ga\u00efac. Parfaite pour parfumer les petites pi\u00e8ces telles que les armoires, les tiroirs ou les valises, cette fleur d\u00e9corative est une v\u00e9ritable caresse olfactive et visuelle. <\/p>\n<p>\ud83d\udca1 Peut \u00eatre r\u00e9activ\u00e9 avec le concentr\u00e9 de chambre Mathilde M.<\/p>\n<p><strong>Points forts :<\/strong><\/p>\n<ul>\n<li>Fabrication artisanale en pl\u00e2tre avec des finitions soign\u00e9es<\/li>\n<li>Le ruban de satin rose poudr\u00e9 ajoute de l&rsquo;\u00e9l\u00e9gance et de la sophistication.<\/li>\n<li>Parfum chaud et gourmand id\u00e9al pour l&rsquo;hiver<\/li>\n<li>Parfait pour parfumer les petites pi\u00e8ces telles que les tiroirs et les armoires<\/li>\n<li>Rechargeable avec une seule pulv\u00e9risation de concentr\u00e9 pour un parfum longue dur\u00e9e<\/li>\n<\/ul>\n","protected":false},"excerpt":{"rendered":"<p>Une \u00e9l\u00e9gante fleur parfum\u00e9e en pl\u00e2tre blanc d\u00e9cor\u00e9e de perles en relief et agr\u00e9ment\u00e9e d&rsquo;un d\u00e9licat ruban de satin rose poudr\u00e9. Issue de la collection F\u00eate Nacr\u00e9e, elle diffuse une fragrance gourmande et enveloppante aux notes \u00e9pic\u00e9es de th\u00e9 et de cardamome, de miel et de vanille. Id\u00e9al pour les tiroirs, les penderies ou les valises.  <\/p>\n<p>\ud83d\udccf 5,3 x 5,4 x 1,7 cm<\/p>\n<div class=\"row row-solid\"  id=\"row-1686275909\">\n\n\n\t<div id=\"col-1140298649\" class=\"col small-12 large-12\"  >\n\t\t\t\t<div class=\"col-inner\"  >\n\t\t\t\n\t\t\t\n\n\n\t\t<div class=\"icon-box featured-box icon-box-center text-center\"  >\n\t\t\t\t<div class=\"icon-box-text last-reset\">\n\t\t\t<h5 class=\"uppercase\">Th\u00e9 de F\u00eate<\/h5>\t\t\t\t\t\t\n\n<p>Les f\u00eates de No\u00ebl qui rassemblent, les moments de partage o\u00f9 le monde s'installe autour d'une tasse de th\u00e9...<\/p>\n<p>Revivez ces moments pr\u00e9cieux avec le d\u00e9licieux parfum <strong>Th\u00e9 de F\u00eate<\/strong> .<\/p>\n<p>Laissez-vous emporter par les ar\u00f4mes \u00e9pic\u00e9s du th\u00e9 et de la cardamome, avec une touche p\u00e9tillante de gingembre. Le miel enveloppant fait alors son entr\u00e9e, rejoignant la vanille dans un sillage sucr\u00e9 exquis. <\/p>\n\n\t\t<\/div>\n\t<\/div>\n\t\n\t\n\n\t\t<\/div>\n\t\t\t\t\t<\/div>\n\n\t\n\n\t<div id=\"col-2089233880\" class=\"col small-12 large-12\"  >\n\t\t\t\t<div class=\"col-inner\"  >\n\t\t\t\n\t\t\t\n\n\n\t\t<div class=\"icon-box featured-box icon-box-left text-left\"  >\n\t\t\t\t\t<div class=\"icon-box-img\" style=\"width: 60px\">\n\t\t\t\t<div class=\"icon\">\n\t\t\t\t\t<div class=\"icon-inner\" style=\"color:rgb(235, 212, 178);\">\n\t\t\t\t\t\t<?xml version=\"1.0\" encoding=\"utf-8\"?><!-- Uploaded to: SVG Repo, www.svgrepo.com, Generator: SVG Repo Mixer Tools -->\r\n<svg fill=\"#000000\" width=\"800px\" height=\"800px\" viewBox=\"0 0 32 32\" xmlns=\"http:\/\/www.w3.org\/2000\/svg\">\r\n    <circle cx=\"16\" cy=\"16\" r=\"16\"\/>\r\n<\/svg>\t\t\t\t\t<\/div>\n\t\t\t\t<\/div>\n\t\t\t<\/div>\n\t\t\t\t<div class=\"icon-box-text last-reset\">\n\t\t\t\t\t\t\t\t\t\n\n\t<div id=\"text-2933838492\" class=\"text\">\n\t\t\n\n<h3>Notes de t\u00eate<\/h3>  Toi et Cardamome\n\t\t\n<style>\n#text-2933838492 {\n  line-height: 1;\n}\n<\/style>\n\t<\/div>\n\t\n\n\t\t<\/div>\n\t<\/div>\n\t\n\t\n\n\t\t<div class=\"icon-box featured-box icon-box-left text-left\"  >\n\t\t\t\t\t<div class=\"icon-box-img\" style=\"width: 60px\">\n\t\t\t\t<div class=\"icon\">\n\t\t\t\t\t<div class=\"icon-inner\" style=\"color:rgb(235, 212, 178);\">\n\t\t\t\t\t\t<?xml version=\"1.0\" encoding=\"utf-8\"?><!-- Uploaded to: SVG Repo, www.svgrepo.com, Generator: SVG Repo Mixer Tools -->\r\n<svg width=\"800px\" height=\"800px\" viewBox=\"0 0 24 24\" fill=\"none\" xmlns=\"http:\/\/www.w3.org\/2000\/svg\">\r\n<path d=\"M2 9.1371C2 14 6.01943 16.5914 8.96173 18.9109C10 19.7294 11 20.5 12 20.5C13 20.5 14 19.7294 15.0383 18.9109C17.9806 16.5914 22 14 22 9.1371C22 4.27416 16.4998 0.825464 12 5.50063C7.50016 0.825464 2 4.27416 2 9.1371Z\" fill=\"#1C274C\"\/>\r\n<\/svg>\t\t\t\t\t<\/div>\n\t\t\t\t<\/div>\n\t\t\t<\/div>\n\t\t\t\t<div class=\"icon-box-text last-reset\">\n\t\t\t\t\t\t\t\t\t\n\n\t<div id=\"text-1828413215\" class=\"text\">\n\t\t\n\n<h3>Notes de coeur<\/h3>  Gingembre et Miel\n\t\t\n<style>\n#text-1828413215 {\n  line-height: 1;\n}\n<\/style>\n\t<\/div>\n\t\n\n\t\t<\/div>\n\t<\/div>\n\t\n\t\n\n\t\t<div class=\"icon-box featured-box icon-box-left text-left\"  >\n\t\t\t\t\t<div class=\"icon-box-img\" style=\"width: 60px\">\n\t\t\t\t<div class=\"icon\">\n\t\t\t\t\t<div class=\"icon-inner\" style=\"color:rgb(235, 212, 178);\">\n\t\t\t\t\t\t<?xml version=\"1.0\" encoding=\"UTF-8\" standalone=\"no\"?>\r\n<!-- Uploaded to: SVG Repo, www.svgrepo.com, Generator: SVG Repo Mixer Tools -->\r\n<svg width=\"800px\" height=\"800px\" viewBox=\"0 -12 32 32\" version=\"1.1\" xmlns=\"http:\/\/www.w3.org\/2000\/svg\" xmlns:xlink=\"http:\/\/www.w3.org\/1999\/xlink\" xmlns:sketch=\"http:\/\/www.bohemiancoding.com\/sketch\/ns\">\r\n    \r\n    <title>minus<\/title>\r\n    <desc>Created with Sketch Beta.<\/desc>\r\n    <defs>\r\n\r\n<\/defs>\r\n    <g id=\"Page-1\" stroke=\"none\" stroke-width=\"1\" fill=\"none\" fill-rule=\"evenodd\" sketch:type=\"MSPage\">\r\n        <g id=\"Icon-Set-Filled\" sketch:type=\"MSLayerGroup\" transform=\"translate(-414.000000, -1049.000000)\" fill=\"#000000\">\r\n            <path d=\"M442,1049 L418,1049 C415.791,1049 414,1050.79 414,1053 C414,1055.21 415.791,1057 418,1057 L442,1057 C444.209,1057 446,1055.21 446,1053 C446,1050.79 444.209,1049 442,1049\" id=\"minus\" sketch:type=\"MSShapeGroup\">\r\n\r\n<\/path>\r\n        <\/g>\r\n    <\/g>\r\n<\/svg>\t\t\t\t\t<\/div>\n\t\t\t\t<\/div>\n\t\t\t<\/div>\n\t\t\t\t<div class=\"icon-box-text last-reset\">\n\t\t\t\t\t\t\t\t\t\n\n\t<div id=\"text-1538804495\" class=\"text\">\n\t\t\n\n<h3>Notes de fond<\/h3>  Vanille et bois de ga\u00efac\n\t\t\n<style>\n#text-1538804495 {\n  line-height: 1;\n}\n<\/style>\n\t<\/div>\n\t\n\n\t\t<\/div>\n\t<\/div>\n\t\n\t\n\n\t\t<\/div>\n\t\t\t\t\t<\/div>\n\n\t\n\n\t<div id=\"col-1564648379\" class=\"col small-12 large-12\"  >\n\t\t\t\t<div class=\"col-inner text-center\"  >\n\t\t\t\n\t\t\t\n\n<p style=\"text-align: center;\"><span style=\"font-size: 120%;\"><em>D\u00e9couvrez tous les produits avec l'essence Th\u00e9 de F\u00eate<\/em><\/span><\/p>\n<a href=\"https:\/\/www.tendenzeshabbychic.it\/fr\/Etiquette-produit\/the-de-fete-fr\/\" class=\"button white is-gloss box-shadow-2\" >\n\t\t<span>Th\u00e9 de F\u00eate<\/span>\n\t<\/a>\n\n\n\n\t\t<\/div>\n\t\t\t\t\t<\/div>\n\n\t\n\n<\/div>\n","protected":false},"featured_media":205958,"comment_status":"open","ping_status":"closed","template":"","meta":{"_joinchat":[]},"pwb-brand":[621],"product_brand":[],"product_cat":[760,626],"product_tag":[523,3055],"class_list":{"0":"post-205996","1":"product","2":"type-product","3":"status-publish","4":"has-post-thumbnail","6":"pwb-brand-mathilde-m","7":"product_cat-gessetti-profumati","8":"product_cat-profumatori","9":"product_tag-idea-regalo","10":"product_tag-the-de-fete","12":"first","13":"instock","14":"taxable","15":"shipping-taxable","16":"purchasable","17":"product-type-simple"},"brands":[{"id":1562,"name":"Mathilde M.","slug":"mathilde-m-fr"}],"_links":{"self":[{"href":"https:\/\/www.tendenzeshabbychic.it\/fr\/wp-json\/wp\/v2\/product\/205996","targetHints":{"allow":["GET"]}}],"collection":[{"href":"https:\/\/www.tendenzeshabbychic.it\/fr\/wp-json\/wp\/v2\/product"}],"about":[{"href":"https:\/\/www.tendenzeshabbychic.it\/fr\/wp-json\/wp\/v2\/types\/product"}],"replies":[{"embeddable":true,"href":"https:\/\/www.tendenzeshabbychic.it\/fr\/wp-json\/wp\/v2\/comments?post=205996"}],"wp:featuredmedia":[{"embeddable":true,"href":"https:\/\/www.tendenzeshabbychic.it\/fr\/wp-json\/wp\/v2\/media\/205958"}],"wp:attachment":[{"href":"https:\/\/www.tendenzeshabbychic.it\/fr\/wp-json\/wp\/v2\/media?parent=205996"}],"wp:term":[{"taxonomy":"pwb-brand","embeddable":true,"href":"https:\/\/www.tendenzeshabbychic.it\/fr\/wp-json\/wp\/v2\/pwb-brand?post=205996"},{"taxonomy":"product_brand","embeddable":true,"href":"https:\/\/www.tendenzeshabbychic.it\/fr\/wp-json\/wp\/v2\/product_brand?post=205996"},{"taxonomy":"product_cat","embeddable":true,"href":"https:\/\/www.tendenzeshabbychic.it\/fr\/wp-json\/wp\/v2\/product_cat?post=205996"},{"taxonomy":"product_tag","embeddable":true,"href":"https:\/\/www.tendenzeshabbychic.it\/fr\/wp-json\/wp\/v2\/product_tag?post=205996"}],"curies":[{"name":"wp","href":"https:\/\/api.w.org\/{rel}","templated":true}]}}